{"id":17395,"date":"2026-02-27T00:34:52","date_gmt":"2026-02-27T00:34:52","guid":{"rendered":"https:\/\/nordicmart.andreevmaster.com\/product\/berg-passagerarsate-for-race-gls-gokart-upp-till-30-kg\/"},"modified":"2026-02-27T08:24:31","modified_gmt":"2026-02-27T08:24:31","slug":"berg-passagerarsate-for-race-gls-gokart-upp-till-30-kg","status":"publish","type":"product","link":"https:\/\/nordicmart.andreevmaster.com\/sv\/produkt\/berg-passagerarsate-for-race-gls-gokart-upp-till-30-kg\/","title":{"rendered":"BERG Passagerars\u00e4te f\u00f6r Race GLS gokart Upp till 30 kg"},"content":{"rendered":"<p>Extra passagerars\u00e4te f\u00f6r Berg gokart. Detta s\u00e4te \u00e4r ett utm\u00e4rkt tillbeh\u00f6r till din gokart n\u00e4r du vill ta med din v\u00e4n, syster eller bror p\u00e5 en tur! St\u00f6det under s\u00e4tet f\u00f6rhindrar att fordonet v\u00e4lter n\u00e4r det \u00e4r \u00f6verbelastat. S\u00e4tet \u00e4r tillverkat av h\u00f6gkvalitativa material av h\u00f6gsta tekniska standard. S\u00e4tet \u00e4r utformat f\u00f6r att tv\u00e5 personer ska kunna \u00e5ka gokart.<\/p>\n<p>Egenskaper:<\/p>\n<p>* S\u00e4tets vikt: 4,6 kg,<br \/>\n* Maximal belastning p\u00e5 s\u00e4tet: 30 kg.<br \/>\n* S\u00e4tet \u00e4r utformat f\u00f6r att tv\u00e5 personer ska kunna \u00e5ka gokart<br \/>\n* S\u00e4tet \u00e4r inte kompatibelt med gokarts i Buddy- och Rally-serien och kan inte monteras samtidigt med Rollbar.<\/p>\n","protected":false},"excerpt":{"rendered":"<p>Extra passagerars\u00e4te f\u00f6r Berg gokart. Detta s\u00e4te \u00e4r ett utm\u00e4rkt tillbeh\u00f6r till din gokart n\u00e4r du vill ta med din v\u00e4n, syster eller bror p\u00e5 en tur! St\u00f6det under s\u00e4tet f\u00f6rhindrar att fordonet v\u00e4lter n\u00e4r det \u00e4r \u00f6verbelastat. S\u00e4tet \u00e4r tillverkat av h\u00f6gkvalitativa material av h\u00f6gsta tekniska standard. S\u00e4tet \u00e4r utformat f\u00f6r att tv\u00e5 personer [&hellip;]<\/p>\n","protected":false},"featured_media":0,"comment_status":"open","ping_status":"closed","template":"","meta":[],"product_brand":[],"product_cat":[33],"product_tag":[],"class_list":{"0":"post-17395","1":"product","2":"type-product","3":"status-publish","5":"product_cat-okategoriserad","7":"first","8":"instock","9":"shipping-taxable","10":"purchasable","11":"product-type-simple"},"_links":{"self":[{"href":"https:\/\/nordicmart.andreevmaster.com\/sv\/wp-json\/wp\/v2\/product\/17395","targetHints":{"allow":["GET"]}}],"collection":[{"href":"https:\/\/nordicmart.andreevmaster.com\/sv\/wp-json\/wp\/v2\/product"}],"about":[{"href":"https:\/\/nordicmart.andreevmaster.com\/sv\/wp-json\/wp\/v2\/types\/product"}],"replies":[{"embeddable":true,"href":"https:\/\/nordicmart.andreevmaster.com\/sv\/wp-json\/wp\/v2\/comments?post=17395"}],"wp:attachment":[{"href":"https:\/\/nordicmart.andreevmaster.com\/sv\/wp-json\/wp\/v2\/media?parent=17395"}],"wp:term":[{"taxonomy":"product_brand","embeddable":true,"href":"https:\/\/nordicmart.andreevmaster.com\/sv\/wp-json\/wp\/v2\/product_brand?post=17395"},{"taxonomy":"product_cat","embeddable":true,"href":"https:\/\/nordicmart.andreevmaster.com\/sv\/wp-json\/wp\/v2\/product_cat?post=17395"},{"taxonomy":"product_tag","embeddable":true,"href":"https:\/\/nordicmart.andreevmaster.com\/sv\/wp-json\/wp\/v2\/product_tag?post=17395"}],"curies":[{"name":"wp","href":"https:\/\/api.w.org\/{rel}","templated":true}]}}