{"id":17394,"date":"2026-02-27T00:34:51","date_gmt":"2026-02-27T00:34:51","guid":{"rendered":"https:\/\/nordicmart.andreevmaster.com\/product\/berg-jeep-passagerarsate-svart-upp-till-30-kg\/"},"modified":"2026-02-27T08:24:30","modified_gmt":"2026-02-27T08:24:30","slug":"berg-jeep-passagerarsate-svart-upp-till-30-kg","status":"publish","type":"product","link":"https:\/\/nordicmart.andreevmaster.com\/sv\/produkt\/berg-jeep-passagerarsate-svart-upp-till-30-kg\/","title":{"rendered":"Berg Jeep passagerars\u00e4te svart upp till 30 kg"},"content":{"rendered":"<p>Extra passagerars\u00e4te med Jeep-licens f\u00f6r Berg-gokart. Detta s\u00e4te \u00e4r ett utm\u00e4rkt tillbeh\u00f6r till din gokart n\u00e4r du vill ta med din kompis, syster eller bror p\u00e5 en tur! St\u00f6det under s\u00e4tet f\u00f6rhindrar att fordonet v\u00e4lter n\u00e4r det \u00e4r \u00f6verbelastat. S\u00e4tet \u00e4r tillverkat av h\u00f6gkvalitativa material av h\u00f6gsta tekniska standard. S\u00e4tets vikt: 4,6 kg, maximal belastning: 30 kg. S\u00e4tet \u00e4r inte kompatibelt med gokartmodellerna i Buddy- och Rally-serien och kan inte monteras samtidigt som Rollbar. BERG \u00e4r ett nederl\u00e4ndskt f\u00f6retag med \u00f6ver 30 \u00e5rs erfarenhet av tillverkning och f\u00f6rs\u00e4ljning av leksaker. Bergs fordon tillverkas uteslutande av extremt h\u00e5llbara och s\u00e4kra material av h\u00f6gsta kvalitet. Varje leksak testas med barn f\u00f6r att s\u00e4kerst\u00e4lla att den f\u00f6rblir felfri i m\u00e5nga, m\u00e5nga \u00e5r!<\/p>\n","protected":false},"excerpt":{"rendered":"<p>Extra passagerars\u00e4te med Jeep-licens f\u00f6r Berg-gokart. Detta s\u00e4te \u00e4r ett utm\u00e4rkt tillbeh\u00f6r till din gokart n\u00e4r du vill ta med din kompis, syster eller bror p\u00e5 en tur! St\u00f6det under s\u00e4tet f\u00f6rhindrar att fordonet v\u00e4lter n\u00e4r det \u00e4r \u00f6verbelastat. S\u00e4tet \u00e4r tillverkat av h\u00f6gkvalitativa material av h\u00f6gsta tekniska standard. S\u00e4tets vikt: 4,6 kg, maximal belastning: [&hellip;]<\/p>\n","protected":false},"featured_media":0,"comment_status":"open","ping_status":"closed","template":"","meta":[],"product_brand":[],"product_cat":[33],"product_tag":[],"class_list":{"0":"post-17394","1":"product","2":"type-product","3":"status-publish","5":"product_cat-okategoriserad","7":"first","8":"instock","9":"shipping-taxable","10":"purchasable","11":"product-type-simple"},"_links":{"self":[{"href":"https:\/\/nordicmart.andreevmaster.com\/sv\/wp-json\/wp\/v2\/product\/17394","targetHints":{"allow":["GET"]}}],"collection":[{"href":"https:\/\/nordicmart.andreevmaster.com\/sv\/wp-json\/wp\/v2\/product"}],"about":[{"href":"https:\/\/nordicmart.andreevmaster.com\/sv\/wp-json\/wp\/v2\/types\/product"}],"replies":[{"embeddable":true,"href":"https:\/\/nordicmart.andreevmaster.com\/sv\/wp-json\/wp\/v2\/comments?post=17394"}],"wp:attachment":[{"href":"https:\/\/nordicmart.andreevmaster.com\/sv\/wp-json\/wp\/v2\/media?parent=17394"}],"wp:term":[{"taxonomy":"product_brand","embeddable":true,"href":"https:\/\/nordicmart.andreevmaster.com\/sv\/wp-json\/wp\/v2\/product_brand?post=17394"},{"taxonomy":"product_cat","embeddable":true,"href":"https:\/\/nordicmart.andreevmaster.com\/sv\/wp-json\/wp\/v2\/product_cat?post=17394"},{"taxonomy":"product_tag","embeddable":true,"href":"https:\/\/nordicmart.andreevmaster.com\/sv\/wp-json\/wp\/v2\/product_tag?post=17394"}],"curies":[{"name":"wp","href":"https:\/\/api.w.org\/{rel}","templated":true}]}}