{"id":17393,"date":"2026-02-27T00:34:51","date_gmt":"2026-02-27T00:34:51","guid":{"rendered":"https:\/\/nordicmart.andreevmaster.com\/product\/berg-led-belysningsset-for-gokart-reflexer\/"},"modified":"2026-02-27T08:24:30","modified_gmt":"2026-02-27T08:24:30","slug":"berg-led-belysningsset-for-gokart-reflexer","status":"publish","type":"product","link":"https:\/\/nordicmart.andreevmaster.com\/sv\/produkt\/berg-led-belysningsset-for-gokart-reflexer\/","title":{"rendered":"BERG LED-belysningsset f\u00f6r gokart + reflexer"},"content":{"rendered":"<p>Ett komplett LED-belysningsset f\u00f6r Berg gokart. Setet inneh\u00e5ller: framljus, bakljus och tv\u00e5 reflekterande skivor. Lamporna \u00e4r utrustade med robusta metallf\u00e4sten. LED-setet \u00e4r inte kompatibelt med gokart fr\u00e5n BERG Buddy-serien, Rally Orange-gokart och Jeep Adventure-gokart.<\/p>\n<p>Setet inneh\u00e5ller batterier.BERG \u00e4r ett nederl\u00e4ndskt f\u00f6retag med \u00f6ver 30 \u00e5rs erfarenhet av tillverkning och f\u00f6rs\u00e4ljning av leksaker. Berg-fordon tillverkas uteslutande av extremt h\u00e5llbara och s\u00e4kra material av h\u00f6gsta kvalitet. Varje leksak testas av barn, vilket garanterar dess tillf\u00f6rlitlighet under m\u00e5nga, m\u00e5nga \u00e5r!<\/p>\n","protected":false},"excerpt":{"rendered":"<p>Ett komplett LED-belysningsset f\u00f6r Berg gokart. Setet inneh\u00e5ller: framljus, bakljus och tv\u00e5 reflekterande skivor. Lamporna \u00e4r utrustade med robusta metallf\u00e4sten. LED-setet \u00e4r inte kompatibelt med gokart fr\u00e5n BERG Buddy-serien, Rally Orange-gokart och Jeep Adventure-gokart. Setet inneh\u00e5ller batterier.BERG \u00e4r ett nederl\u00e4ndskt f\u00f6retag med \u00f6ver 30 \u00e5rs erfarenhet av tillverkning och f\u00f6rs\u00e4ljning av leksaker. Berg-fordon tillverkas uteslutande [&hellip;]<\/p>\n","protected":false},"featured_media":0,"comment_status":"open","ping_status":"closed","template":"","meta":[],"product_brand":[],"product_cat":[33],"product_tag":[],"class_list":{"0":"post-17393","1":"product","2":"type-product","3":"status-publish","5":"product_cat-okategoriserad","7":"first","8":"instock","9":"shipping-taxable","10":"purchasable","11":"product-type-simple"},"_links":{"self":[{"href":"https:\/\/nordicmart.andreevmaster.com\/sv\/wp-json\/wp\/v2\/product\/17393","targetHints":{"allow":["GET"]}}],"collection":[{"href":"https:\/\/nordicmart.andreevmaster.com\/sv\/wp-json\/wp\/v2\/product"}],"about":[{"href":"https:\/\/nordicmart.andreevmaster.com\/sv\/wp-json\/wp\/v2\/types\/product"}],"replies":[{"embeddable":true,"href":"https:\/\/nordicmart.andreevmaster.com\/sv\/wp-json\/wp\/v2\/comments?post=17393"}],"wp:attachment":[{"href":"https:\/\/nordicmart.andreevmaster.com\/sv\/wp-json\/wp\/v2\/media?parent=17393"}],"wp:term":[{"taxonomy":"product_brand","embeddable":true,"href":"https:\/\/nordicmart.andreevmaster.com\/sv\/wp-json\/wp\/v2\/product_brand?post=17393"},{"taxonomy":"product_cat","embeddable":true,"href":"https:\/\/nordicmart.andreevmaster.com\/sv\/wp-json\/wp\/v2\/product_cat?post=17393"},{"taxonomy":"product_tag","embeddable":true,"href":"https:\/\/nordicmart.andreevmaster.com\/sv\/wp-json\/wp\/v2\/product_tag?post=17393"}],"curies":[{"name":"wp","href":"https:\/\/api.w.org\/{rel}","templated":true}]}}