{"id":17392,"date":"2026-02-27T00:34:51","date_gmt":"2026-02-27T00:34:51","guid":{"rendered":"https:\/\/nordicmart.andreevmaster.com\/product\/falk-volvo-ledad-gravmaskin-med-roterande-hytt-skopa-och-plog\/"},"modified":"2026-02-27T08:24:30","modified_gmt":"2026-02-27T08:24:30","slug":"falk-volvo-ledad-gravmaskin-med-roterande-hytt-skopa-och-plog","status":"publish","type":"product","link":"https:\/\/nordicmart.andreevmaster.com\/sv\/produkt\/falk-volvo-ledad-gravmaskin-med-roterande-hytt-skopa-och-plog\/","title":{"rendered":"FALK Volvo ledad gr\u00e4vmaskin med roterande hytt, skopa och plog"},"content":{"rendered":"<p>Realistisk Volvo-gr\u00e4vmaskin fr\u00e5n FALK Varje detalj har utformats med omsorg och precision, och gr\u00e4vmaskinen liknar den verkliga versionen till f\u00f6rv\u00e4xling. Volvo-gr\u00e4vmaskinen \u00e4r mycket solid och tillverkad av h\u00f6gkvalitativa, h\u00e5llbara material. Hytten kan roteras 360\u00b0 och gr\u00e4vskopan \u00e4r vridbar. Leksaken \u00e4r mycket man\u00f6vrerbar och l\u00e4tt att anv\u00e4nda \u2013 perfekt f\u00f6r tr\u00e4dg\u00e5rden eller stranden.<br \/>\nEgenskaper:<br \/>\n* &#8211; F\u00f6r barn fr\u00e5n 3 \u00e5r<br \/>\n* &#8211; Tillverkad av h\u00f6gkvalitativa material<br \/>\n* &#8211; Maximal belastning 50 kg<br \/>\n* &#8211; Den 360\u00b0 roterande hytten g\u00f6r att du kan gr\u00e4va och tippa material utan att flytta fordonet.<br \/>\n* &#8211; Fullt r\u00f6rlig arm och skopa, precis som en riktig gr\u00e4vmaskin.* &#8211; Det \u00f6ppningsbara s\u00e4tet fungerar som ett praktiskt f\u00f6rvaringsutrymme f\u00f6r sm\u00e5 f\u00f6rem\u00e5l. Leksaken utvecklar: * &#8211; Logik * &#8211; Fantasi * &#8211; Motorik<\/p>\n","protected":false},"excerpt":{"rendered":"<p>Realistisk Volvo-gr\u00e4vmaskin fr\u00e5n FALK Varje detalj har utformats med omsorg och precision, och gr\u00e4vmaskinen liknar den verkliga versionen till f\u00f6rv\u00e4xling. Volvo-gr\u00e4vmaskinen \u00e4r mycket solid och tillverkad av h\u00f6gkvalitativa, h\u00e5llbara material. Hytten kan roteras 360\u00b0 och gr\u00e4vskopan \u00e4r vridbar. Leksaken \u00e4r mycket man\u00f6vrerbar och l\u00e4tt att anv\u00e4nda \u2013 perfekt f\u00f6r tr\u00e4dg\u00e5rden eller stranden. Egenskaper: * &#8211; [&hellip;]<\/p>\n","protected":false},"featured_media":0,"comment_status":"open","ping_status":"closed","template":"","meta":[],"product_brand":[],"product_cat":[33],"product_tag":[],"class_list":{"0":"post-17392","1":"product","2":"type-product","3":"status-publish","5":"product_cat-okategoriserad","7":"first","8":"instock","9":"shipping-taxable","10":"purchasable","11":"product-type-simple"},"_links":{"self":[{"href":"https:\/\/nordicmart.andreevmaster.com\/sv\/wp-json\/wp\/v2\/product\/17392","targetHints":{"allow":["GET"]}}],"collection":[{"href":"https:\/\/nordicmart.andreevmaster.com\/sv\/wp-json\/wp\/v2\/product"}],"about":[{"href":"https:\/\/nordicmart.andreevmaster.com\/sv\/wp-json\/wp\/v2\/types\/product"}],"replies":[{"embeddable":true,"href":"https:\/\/nordicmart.andreevmaster.com\/sv\/wp-json\/wp\/v2\/comments?post=17392"}],"wp:attachment":[{"href":"https:\/\/nordicmart.andreevmaster.com\/sv\/wp-json\/wp\/v2\/media?parent=17392"}],"wp:term":[{"taxonomy":"product_brand","embeddable":true,"href":"https:\/\/nordicmart.andreevmaster.com\/sv\/wp-json\/wp\/v2\/product_brand?post=17392"},{"taxonomy":"product_cat","embeddable":true,"href":"https:\/\/nordicmart.andreevmaster.com\/sv\/wp-json\/wp\/v2\/product_cat?post=17392"},{"taxonomy":"product_tag","embeddable":true,"href":"https:\/\/nordicmart.andreevmaster.com\/sv\/wp-json\/wp\/v2\/product_tag?post=17392"}],"curies":[{"name":"wp","href":"https:\/\/api.w.org\/{rel}","templated":true}]}}