{"id":17391,"date":"2026-02-27T00:34:50","date_gmt":"2026-02-27T00:34:50","guid":{"rendered":"https:\/\/nordicmart.andreevmaster.com\/product\/smoby-little-first-ride-on-pony-ride-on-pony-med-slap\/"},"modified":"2026-02-27T08:24:30","modified_gmt":"2026-02-27T08:24:30","slug":"smoby-little-first-ride-on-pony-ride-on-pony-med-slap","status":"publish","type":"product","link":"https:\/\/nordicmart.andreevmaster.com\/sv\/produkt\/smoby-little-first-ride-on-pony-ride-on-pony-med-slap\/","title":{"rendered":"SMOBY Little First Ride-On Pony Ride-On Pony med sl\u00e4p"},"content":{"rendered":"<p>Little Smoby-serien har skapats med de allra minsta barnen i \u00e5tanke. H\u00e4r hittar du m\u00e5nga leksaker \u2013 garage, \u00e5kleksaker, k\u00f6k och sm\u00e5 leksaker. Allt \u00e4r i pastellf\u00e4rger. Det h\u00e4r \u00e4r leksaker som barn \u00e4lskar \u2013 i en helt ny version. <\/p>\n<p>Egenskaper:<\/p>\n<p>* &#8211; Pony Ride-On Pony med bekv\u00e4mt s\u00e4te, handtag och sl\u00e4pvagn f\u00f6r att transportera sm\u00e5 f\u00f6rem\u00e5l,<br \/>\n* &#8211; ponnyn uppmuntrar barn att l\u00e4ra sig g\u00e5 och l\u00e4r dem balans och kroppskontroll,* &#8211; tack vare handtaget kan f\u00f6r\u00e4ldrarna hj\u00e4lpa till under de f\u00f6rsta dagarna,<br \/>\n* &#8211; den lilla sl\u00e4pvagnen g\u00f6r det m\u00f6jligt f\u00f6r barnen att transportera olika sm\u00e5 f\u00f6rem\u00e5l, leksaker eller ta med sig sin juice eller favoritnalle p\u00e5 promenad med f\u00f6r\u00e4ldrarna,<br \/>\n* &#8211; setet inneh\u00e5ller en \u00e5kleksak med sl\u00e4pvagn,<br \/>\n* &#8211; sitsens h\u00f6jd fr\u00e5n marken \u2013 21 cm.<\/p>\n","protected":false},"excerpt":{"rendered":"<p>Little Smoby-serien har skapats med de allra minsta barnen i \u00e5tanke. H\u00e4r hittar du m\u00e5nga leksaker \u2013 garage, \u00e5kleksaker, k\u00f6k och sm\u00e5 leksaker. Allt \u00e4r i pastellf\u00e4rger. Det h\u00e4r \u00e4r leksaker som barn \u00e4lskar \u2013 i en helt ny version. Egenskaper: * &#8211; Pony Ride-On Pony med bekv\u00e4mt s\u00e4te, handtag och sl\u00e4pvagn f\u00f6r att transportera [&hellip;]<\/p>\n","protected":false},"featured_media":0,"comment_status":"open","ping_status":"closed","template":"","meta":[],"product_brand":[],"product_cat":[33],"product_tag":[],"class_list":{"0":"post-17391","1":"product","2":"type-product","3":"status-publish","5":"product_cat-okategoriserad","7":"first","8":"instock","9":"shipping-taxable","10":"purchasable","11":"product-type-simple"},"_links":{"self":[{"href":"https:\/\/nordicmart.andreevmaster.com\/sv\/wp-json\/wp\/v2\/product\/17391","targetHints":{"allow":["GET"]}}],"collection":[{"href":"https:\/\/nordicmart.andreevmaster.com\/sv\/wp-json\/wp\/v2\/product"}],"about":[{"href":"https:\/\/nordicmart.andreevmaster.com\/sv\/wp-json\/wp\/v2\/types\/product"}],"replies":[{"embeddable":true,"href":"https:\/\/nordicmart.andreevmaster.com\/sv\/wp-json\/wp\/v2\/comments?post=17391"}],"wp:attachment":[{"href":"https:\/\/nordicmart.andreevmaster.com\/sv\/wp-json\/wp\/v2\/media?parent=17391"}],"wp:term":[{"taxonomy":"product_brand","embeddable":true,"href":"https:\/\/nordicmart.andreevmaster.com\/sv\/wp-json\/wp\/v2\/product_brand?post=17391"},{"taxonomy":"product_cat","embeddable":true,"href":"https:\/\/nordicmart.andreevmaster.com\/sv\/wp-json\/wp\/v2\/product_cat?post=17391"},{"taxonomy":"product_tag","embeddable":true,"href":"https:\/\/nordicmart.andreevmaster.com\/sv\/wp-json\/wp\/v2\/product_tag?post=17391"}],"curies":[{"name":"wp","href":"https:\/\/api.w.org\/{rel}","templated":true}]}}