{"id":17390,"date":"2026-02-27T00:34:50","date_gmt":"2026-02-27T00:34:50","guid":{"rendered":"https:\/\/nordicmart.andreevmaster.com\/product\/smoby-liten-sensorisk-aktivitetskub-for-barn-13-i-1-labyrint-sorterare\/"},"modified":"2026-02-27T08:24:30","modified_gmt":"2026-02-27T08:24:30","slug":"smoby-liten-sensorisk-aktivitetskub-for-barn-13-i-1-labyrint-sorterare","status":"publish","type":"product","link":"https:\/\/nordicmart.andreevmaster.com\/sv\/produkt\/smoby-liten-sensorisk-aktivitetskub-for-barn-13-i-1-labyrint-sorterare\/","title":{"rendered":"SMOBY Liten sensorisk aktivitetskub f\u00f6r barn 13-i-1 labyrint-sorterare"},"content":{"rendered":"<p>Motorik- och sensorikaktivitetskuben fr\u00e5n Little Smoby-serien, designad f\u00f6r de yngsta barnen, \u00e4r en multifunktionell leksak som p\u00e5 ett naturligt s\u00e4tt st\u00f6der utvecklingen hos barn fr\u00e5n 12 m\u00e5naders \u00e5lder. Dess olika funktioner ger massor av skoj och uppt\u00e4ckargl\u00e4dje! Den f\u00e4rgglada kuben erbjuder tretton attraktiva aktiviteter. Leksaken hj\u00e4lper till med barnets motoriska utveckling. Roterande kugghjul, knappar och r\u00f6rliga delar stimulerar ditt barns nyfikenhet.<\/p>\n<p>Egenskaper:<\/p>\n<p>* &#8211; leksak f\u00f6r barn fr\u00e5n 12 m\u00e5nader,<br \/>\n* &#8211; 13 olika aktiviteter,<br \/>\n* &#8211; formsorterare, motorisk slinga, spegel, snurrande hjul, r\u00f6rlig bj\u00f6rn<br \/>\n* &#8211; konvexa former med olika texturer<br \/>\n* &#8211; produkten och f\u00f6rpackningen \u00e4r \u00e5tervinningsbara<\/p>\n","protected":false},"excerpt":{"rendered":"<p>Motorik- och sensorikaktivitetskuben fr\u00e5n Little Smoby-serien, designad f\u00f6r de yngsta barnen, \u00e4r en multifunktionell leksak som p\u00e5 ett naturligt s\u00e4tt st\u00f6der utvecklingen hos barn fr\u00e5n 12 m\u00e5naders \u00e5lder. Dess olika funktioner ger massor av skoj och uppt\u00e4ckargl\u00e4dje! Den f\u00e4rgglada kuben erbjuder tretton attraktiva aktiviteter. Leksaken hj\u00e4lper till med barnets motoriska utveckling. Roterande kugghjul, knappar och [&hellip;]<\/p>\n","protected":false},"featured_media":0,"comment_status":"open","ping_status":"closed","template":"","meta":[],"product_brand":[],"product_cat":[33],"product_tag":[],"class_list":{"0":"post-17390","1":"product","2":"type-product","3":"status-publish","5":"product_cat-okategoriserad","7":"first","8":"instock","9":"shipping-taxable","10":"purchasable","11":"product-type-simple"},"_links":{"self":[{"href":"https:\/\/nordicmart.andreevmaster.com\/sv\/wp-json\/wp\/v2\/product\/17390","targetHints":{"allow":["GET"]}}],"collection":[{"href":"https:\/\/nordicmart.andreevmaster.com\/sv\/wp-json\/wp\/v2\/product"}],"about":[{"href":"https:\/\/nordicmart.andreevmaster.com\/sv\/wp-json\/wp\/v2\/types\/product"}],"replies":[{"embeddable":true,"href":"https:\/\/nordicmart.andreevmaster.com\/sv\/wp-json\/wp\/v2\/comments?post=17390"}],"wp:attachment":[{"href":"https:\/\/nordicmart.andreevmaster.com\/sv\/wp-json\/wp\/v2\/media?parent=17390"}],"wp:term":[{"taxonomy":"product_brand","embeddable":true,"href":"https:\/\/nordicmart.andreevmaster.com\/sv\/wp-json\/wp\/v2\/product_brand?post=17390"},{"taxonomy":"product_cat","embeddable":true,"href":"https:\/\/nordicmart.andreevmaster.com\/sv\/wp-json\/wp\/v2\/product_cat?post=17390"},{"taxonomy":"product_tag","embeddable":true,"href":"https:\/\/nordicmart.andreevmaster.com\/sv\/wp-json\/wp\/v2\/product_tag?post=17390"}],"curies":[{"name":"wp","href":"https:\/\/api.w.org\/{rel}","templated":true}]}}