{"id":17389,"date":"2026-02-27T00:34:50","date_gmt":"2026-02-27T00:34:50","guid":{"rendered":"https:\/\/nordicmart.andreevmaster.com\/product\/smoby-little-walker-3-i-1-interaktiv-lekvagn\/"},"modified":"2026-02-27T08:24:29","modified_gmt":"2026-02-27T08:24:29","slug":"smoby-little-walker-3-i-1-interaktiv-lekvagn","status":"publish","type":"product","link":"https:\/\/nordicmart.andreevmaster.com\/sv\/produkt\/smoby-little-walker-3-i-1-interaktiv-lekvagn\/","title":{"rendered":"SMOBY Little Walker 3-i-1 interaktiv lekvagn"},"content":{"rendered":"<p>Serien Little Smoby har skapats med de allra minsta barnen i \u00e5tanke. Den inneh\u00e5ller m\u00e5nga leksaker \u2013 garage, \u00e5kleksaker, leksaksk\u00f6k och sm\u00e5 leksaker. Allt \u00e4r dekorerat i pastellf\u00e4rger. Det h\u00e4r \u00e4r leksaker som barn \u00e4lskar \u2013 i en helt ny version.<br \/>\nEgenskaper:<br \/>\n* &#8211; 3-i-1-leksak \u2013 skjutleksak, dockvagn och interaktiv tavla,<br \/>\n* &#8211; utvecklar motoriska f\u00e4rdigheter, stimulerar sensorisk utveckling och hand-\u00f6ga-koordination,<br \/>\n* &#8211; ergonomiskt handtag och s\u00e4kerhetsbroms s\u00e4kerst\u00e4ller stabilitet n\u00e4r barnet tar sina f\u00f6rsta steg,<br \/>\n* &#8211; robust konstruktion,<br \/>\n* &#8211; bas p\u00e5 4 stora hjul,* &#8211; den interaktiva tavlan kan tas bort s\u00e5 att barnet kan b\u00e4ra den \u00f6verallt \u2013 handtaget p\u00e5 toppen \u00e4r utformat f\u00f6r sm\u00e5 h\u00e4nder,<br \/>\n* &#8211; har ett roterande \u00f6ga, en nyckelstyrd skattd\u00f6rr, en r\u00f6rlig flik med spegel, en roterande blomma, en r\u00f6rlig nyckelpiga och en tuta,* &#8211; kan anv\u00e4ndas b\u00e5de st\u00e5ende och sittande,<br \/>\n* &#8211; r\u00f6rliga delar hj\u00e4lper barnet att utveckla sin fingerf\u00e4rdighet och stimulerar dess f\u00f6rsta f\u00f6rst\u00e5else f\u00f6r orsak och verkan,<br \/>\n* &#8211; rundade former garanterar s\u00e4ker lek.<\/p>\n","protected":false},"excerpt":{"rendered":"<p>Serien Little Smoby har skapats med de allra minsta barnen i \u00e5tanke. Den inneh\u00e5ller m\u00e5nga leksaker \u2013 garage, \u00e5kleksaker, leksaksk\u00f6k och sm\u00e5 leksaker. Allt \u00e4r dekorerat i pastellf\u00e4rger. Det h\u00e4r \u00e4r leksaker som barn \u00e4lskar \u2013 i en helt ny version. Egenskaper: * &#8211; 3-i-1-leksak \u2013 skjutleksak, dockvagn och interaktiv tavla, * &#8211; utvecklar motoriska [&hellip;]<\/p>\n","protected":false},"featured_media":0,"comment_status":"open","ping_status":"closed","template":"","meta":[],"product_brand":[],"product_cat":[33],"product_tag":[],"class_list":{"0":"post-17389","1":"product","2":"type-product","3":"status-publish","5":"product_cat-okategoriserad","7":"first","8":"instock","9":"shipping-taxable","10":"purchasable","11":"product-type-simple"},"_links":{"self":[{"href":"https:\/\/nordicmart.andreevmaster.com\/sv\/wp-json\/wp\/v2\/product\/17389","targetHints":{"allow":["GET"]}}],"collection":[{"href":"https:\/\/nordicmart.andreevmaster.com\/sv\/wp-json\/wp\/v2\/product"}],"about":[{"href":"https:\/\/nordicmart.andreevmaster.com\/sv\/wp-json\/wp\/v2\/types\/product"}],"replies":[{"embeddable":true,"href":"https:\/\/nordicmart.andreevmaster.com\/sv\/wp-json\/wp\/v2\/comments?post=17389"}],"wp:attachment":[{"href":"https:\/\/nordicmart.andreevmaster.com\/sv\/wp-json\/wp\/v2\/media?parent=17389"}],"wp:term":[{"taxonomy":"product_brand","embeddable":true,"href":"https:\/\/nordicmart.andreevmaster.com\/sv\/wp-json\/wp\/v2\/product_brand?post=17389"},{"taxonomy":"product_cat","embeddable":true,"href":"https:\/\/nordicmart.andreevmaster.com\/sv\/wp-json\/wp\/v2\/product_cat?post=17389"},{"taxonomy":"product_tag","embeddable":true,"href":"https:\/\/nordicmart.andreevmaster.com\/sv\/wp-json\/wp\/v2\/product_tag?post=17389"}],"curies":[{"name":"wp","href":"https:\/\/api.w.org\/{rel}","templated":true}]}}