{"id":17388,"date":"2026-02-27T00:34:50","date_gmt":"2026-02-27T00:34:50","guid":{"rendered":"https:\/\/nordicmart.andreevmaster.com\/product\/smoby-litet-interaktivt-pedagogiskt-bord\/"},"modified":"2026-02-27T08:24:29","modified_gmt":"2026-02-27T08:24:29","slug":"smoby-litet-interaktivt-pedagogiskt-bord","status":"publish","type":"product","link":"https:\/\/nordicmart.andreevmaster.com\/sv\/produkt\/smoby-litet-interaktivt-pedagogiskt-bord\/","title":{"rendered":"SMOBY Litet interaktivt pedagogiskt bord"},"content":{"rendered":"<p>Serien Little Smoby har skapats med de allra minsta barnen i \u00e5tanke. H\u00e4r hittar du m\u00e5nga leksaker \u2013 garage, \u00e5kleksaker, k\u00f6k och sm\u00e5 leksaker. Allt \u00e4r i pastellf\u00e4rger. Det h\u00e4r \u00e4r leksaker som barn \u00e4lskar \u2013 i en helt ny version.<br \/>\nEgenskaper:<br \/>\n* &#8211; interaktivt bord med m\u00e5nga olika lekm\u00f6jligheter,<br \/>\n* &#8211; utvecklar motoriken genom lek,<br \/>\n* &#8211; har m\u00e5nga funktioner som st\u00f6der leken \u2013 formsorterare, bollbana, kulram, tuthorn och roterande spegel,<br \/>\n* &#8211; setet inneh\u00e5ller \u00e4ven en katapult f\u00f6r att kasta bollar, vilket hj\u00e4lper till att tr\u00e4na motoriken hos \u00e4ven de allra minsta barnen.<\/p>\n","protected":false},"excerpt":{"rendered":"<p>Serien Little Smoby har skapats med de allra minsta barnen i \u00e5tanke. H\u00e4r hittar du m\u00e5nga leksaker \u2013 garage, \u00e5kleksaker, k\u00f6k och sm\u00e5 leksaker. Allt \u00e4r i pastellf\u00e4rger. Det h\u00e4r \u00e4r leksaker som barn \u00e4lskar \u2013 i en helt ny version. Egenskaper: * &#8211; interaktivt bord med m\u00e5nga olika lekm\u00f6jligheter, * &#8211; utvecklar motoriken genom [&hellip;]<\/p>\n","protected":false},"featured_media":0,"comment_status":"open","ping_status":"closed","template":"","meta":[],"product_brand":[],"product_cat":[33],"product_tag":[],"class_list":{"0":"post-17388","1":"product","2":"type-product","3":"status-publish","5":"product_cat-okategoriserad","7":"first","8":"instock","9":"shipping-taxable","10":"purchasable","11":"product-type-simple"},"_links":{"self":[{"href":"https:\/\/nordicmart.andreevmaster.com\/sv\/wp-json\/wp\/v2\/product\/17388","targetHints":{"allow":["GET"]}}],"collection":[{"href":"https:\/\/nordicmart.andreevmaster.com\/sv\/wp-json\/wp\/v2\/product"}],"about":[{"href":"https:\/\/nordicmart.andreevmaster.com\/sv\/wp-json\/wp\/v2\/types\/product"}],"replies":[{"embeddable":true,"href":"https:\/\/nordicmart.andreevmaster.com\/sv\/wp-json\/wp\/v2\/comments?post=17388"}],"wp:attachment":[{"href":"https:\/\/nordicmart.andreevmaster.com\/sv\/wp-json\/wp\/v2\/media?parent=17388"}],"wp:term":[{"taxonomy":"product_brand","embeddable":true,"href":"https:\/\/nordicmart.andreevmaster.com\/sv\/wp-json\/wp\/v2\/product_brand?post=17388"},{"taxonomy":"product_cat","embeddable":true,"href":"https:\/\/nordicmart.andreevmaster.com\/sv\/wp-json\/wp\/v2\/product_cat?post=17388"},{"taxonomy":"product_tag","embeddable":true,"href":"https:\/\/nordicmart.andreevmaster.com\/sv\/wp-json\/wp\/v2\/product_tag?post=17388"}],"curies":[{"name":"wp","href":"https:\/\/api.w.org\/{rel}","templated":true}]}}