{"id":17387,"date":"2026-02-27T00:34:50","date_gmt":"2026-02-27T00:34:50","guid":{"rendered":"https:\/\/nordicmart.andreevmaster.com\/product\/smoby-little-my-first-garage-vroom-planet-toy-car-2\/"},"modified":"2026-02-27T08:24:29","modified_gmt":"2026-02-27T08:24:29","slug":"smoby-little-my-first-garage-vroom-planet-toy-car-2","status":"publish","type":"product","link":"https:\/\/nordicmart.andreevmaster.com\/sv\/produkt\/smoby-little-my-first-garage-vroom-planet-toy-car-2\/","title":{"rendered":"SMOBY Little My First Garage Vroom Planet Toy Car"},"content":{"rendered":"<p>Little Smoby-serien har skapats med de yngsta barnen i \u00e5tanke. H\u00e4r hittar du m\u00e5nga leksaker \u2013 garage, \u00e5kleksaker, k\u00f6k och sm\u00e5 leksaker. Allt \u00e4r i pastellf\u00e4rger. Det h\u00e4r \u00e4r leksaker som barn \u00e4lskar \u2013 i en helt ny version.<br \/>\nEgenskaper:<br \/>\n* &#8211; garaget har tv\u00e5 v\u00e5ningar med hiss,<br \/>\n* &#8211; i biltv\u00e4tten (med roterande tv\u00e4ttmaskiner) kan ditt barn tv\u00e4tta sin bil,<br \/>\n* &#8211; p\u00e5 garagets andra v\u00e5ning finns en helikopterplatta (helikopter ing\u00e5r ej)<br \/>\n* &#8211; bilarna kan \u00e5ka nerf\u00f6r rutschkanan fr\u00e5n andra v\u00e5ningen,* &#8211; setet inneh\u00e5ller en leksaksbil,<br \/>\n* &#8211; en l\u00e5da med 3 fordon kan k\u00f6pas separat (produktkod 140204).<\/p>\n","protected":false},"excerpt":{"rendered":"<p>Little Smoby-serien har skapats med de yngsta barnen i \u00e5tanke. H\u00e4r hittar du m\u00e5nga leksaker \u2013 garage, \u00e5kleksaker, k\u00f6k och sm\u00e5 leksaker. Allt \u00e4r i pastellf\u00e4rger. Det h\u00e4r \u00e4r leksaker som barn \u00e4lskar \u2013 i en helt ny version. Egenskaper: * &#8211; garaget har tv\u00e5 v\u00e5ningar med hiss, * &#8211; i biltv\u00e4tten (med roterande tv\u00e4ttmaskiner) [&hellip;]<\/p>\n","protected":false},"featured_media":0,"comment_status":"open","ping_status":"closed","template":"","meta":[],"product_brand":[],"product_cat":[33],"product_tag":[],"class_list":{"0":"post-17387","1":"product","2":"type-product","3":"status-publish","5":"product_cat-okategoriserad","7":"first","8":"instock","9":"shipping-taxable","10":"purchasable","11":"product-type-simple"},"_links":{"self":[{"href":"https:\/\/nordicmart.andreevmaster.com\/sv\/wp-json\/wp\/v2\/product\/17387","targetHints":{"allow":["GET"]}}],"collection":[{"href":"https:\/\/nordicmart.andreevmaster.com\/sv\/wp-json\/wp\/v2\/product"}],"about":[{"href":"https:\/\/nordicmart.andreevmaster.com\/sv\/wp-json\/wp\/v2\/types\/product"}],"replies":[{"embeddable":true,"href":"https:\/\/nordicmart.andreevmaster.com\/sv\/wp-json\/wp\/v2\/comments?post=17387"}],"wp:attachment":[{"href":"https:\/\/nordicmart.andreevmaster.com\/sv\/wp-json\/wp\/v2\/media?parent=17387"}],"wp:term":[{"taxonomy":"product_brand","embeddable":true,"href":"https:\/\/nordicmart.andreevmaster.com\/sv\/wp-json\/wp\/v2\/product_brand?post=17387"},{"taxonomy":"product_cat","embeddable":true,"href":"https:\/\/nordicmart.andreevmaster.com\/sv\/wp-json\/wp\/v2\/product_cat?post=17387"},{"taxonomy":"product_tag","embeddable":true,"href":"https:\/\/nordicmart.andreevmaster.com\/sv\/wp-json\/wp\/v2\/product_tag?post=17387"}],"curies":[{"name":"wp","href":"https:\/\/api.w.org\/{rel}","templated":true}]}}