{"id":17386,"date":"2026-02-27T00:34:49","date_gmt":"2026-02-27T00:34:49","guid":{"rendered":"https:\/\/nordicmart.andreevmaster.com\/product\/feber-dubbelsidig-transparent-ritplatta-artfun-board\/"},"modified":"2026-02-27T08:24:29","modified_gmt":"2026-02-27T08:24:29","slug":"feber-dubbelsidig-transparent-ritplatta-artfun-board","status":"publish","type":"product","link":"https:\/\/nordicmart.andreevmaster.com\/sv\/produkt\/feber-dubbelsidig-transparent-ritplatta-artfun-board\/","title":{"rendered":"FEBER Dubbelsidig transparent ritplatta Art&amp;Fun Board"},"content":{"rendered":"<p>Den dubbelsidiga transparenta Art&amp;Fun Board fr\u00e5n det v\u00e4lk\u00e4nda varum\u00e4rket FEBER \u00e4r en transparent och konstn\u00e4rlig tavla f\u00f6r dubbelsidig anv\u00e4ndning. Den levereras med klisterm\u00e4rken som kan placeras var som helst p\u00e5 tavlan f\u00f6r att ge den en personlig touch. Tavlan har speciella kopplingar som g\u00f6r att du kan placera de medf\u00f6ljande mallarna eller dina egna teckningar p\u00e5 den. Du kan ocks\u00e5 anv\u00e4nda tavlan utan mallar.<br \/>\nDetta kreativa verktyg l\u00e5ter dina sm\u00e5 uttrycka sin fantasi och utveckla sin manuella skicklighet.<br \/>\nEgenskaper:<br \/>\n* Tv\u00e5 pennor f\u00f6r kreativt ritande.<br \/>\n* En bricka f\u00f6r f\u00f6rvaring av pennor eller andra ritverktyg.<br \/>\n* L\u00e4mplig f\u00f6r lek b\u00e5de inomhus och utomhus.<br \/>\n* Hj\u00e4lper till att utveckla kognitiva och motoriska f\u00e4rdigheter samtidigt som den uppmuntrar till rollspel.<br \/>\n* Avsedd f\u00f6r barn fr\u00e5n 3 \u00e5r.<\/p>\n","protected":false},"excerpt":{"rendered":"<p>Den dubbelsidiga transparenta Art&amp;Fun Board fr\u00e5n det v\u00e4lk\u00e4nda varum\u00e4rket FEBER \u00e4r en transparent och konstn\u00e4rlig tavla f\u00f6r dubbelsidig anv\u00e4ndning. Den levereras med klisterm\u00e4rken som kan placeras var som helst p\u00e5 tavlan f\u00f6r att ge den en personlig touch. Tavlan har speciella kopplingar som g\u00f6r att du kan placera de medf\u00f6ljande mallarna eller dina egna teckningar [&hellip;]<\/p>\n","protected":false},"featured_media":0,"comment_status":"open","ping_status":"closed","template":"","meta":[],"product_brand":[],"product_cat":[33],"product_tag":[],"class_list":{"0":"post-17386","1":"product","2":"type-product","3":"status-publish","5":"product_cat-okategoriserad","7":"first","8":"instock","9":"shipping-taxable","10":"purchasable","11":"product-type-simple"},"_links":{"self":[{"href":"https:\/\/nordicmart.andreevmaster.com\/sv\/wp-json\/wp\/v2\/product\/17386","targetHints":{"allow":["GET"]}}],"collection":[{"href":"https:\/\/nordicmart.andreevmaster.com\/sv\/wp-json\/wp\/v2\/product"}],"about":[{"href":"https:\/\/nordicmart.andreevmaster.com\/sv\/wp-json\/wp\/v2\/types\/product"}],"replies":[{"embeddable":true,"href":"https:\/\/nordicmart.andreevmaster.com\/sv\/wp-json\/wp\/v2\/comments?post=17386"}],"wp:attachment":[{"href":"https:\/\/nordicmart.andreevmaster.com\/sv\/wp-json\/wp\/v2\/media?parent=17386"}],"wp:term":[{"taxonomy":"product_brand","embeddable":true,"href":"https:\/\/nordicmart.andreevmaster.com\/sv\/wp-json\/wp\/v2\/product_brand?post=17386"},{"taxonomy":"product_cat","embeddable":true,"href":"https:\/\/nordicmart.andreevmaster.com\/sv\/wp-json\/wp\/v2\/product_cat?post=17386"},{"taxonomy":"product_tag","embeddable":true,"href":"https:\/\/nordicmart.andreevmaster.com\/sv\/wp-json\/wp\/v2\/product_tag?post=17386"}],"curies":[{"name":"wp","href":"https:\/\/api.w.org\/{rel}","templated":true}]}}