{"id":17385,"date":"2026-02-27T00:34:49","date_gmt":"2026-02-27T00:34:49","guid":{"rendered":"https:\/\/nordicmart.andreevmaster.com\/product\/feber-activity-house-multifunktionellt-6-i-1-lekhus-med-medfoljande-spel\/"},"modified":"2026-02-27T08:24:29","modified_gmt":"2026-02-27T08:24:29","slug":"feber-activity-house-multifunktionellt-6-i-1-lekhus-med-medfoljande-spel","status":"publish","type":"product","link":"https:\/\/nordicmart.andreevmaster.com\/sv\/produkt\/feber-activity-house-multifunktionellt-6-i-1-lekhus-med-medfoljande-spel\/","title":{"rendered":"FEBER Activity House Multifunktionellt 6-i-1-lekhus med medf\u00f6ljande spel"},"content":{"rendered":"<p>FEBER Activity House Multifunktionellt 6-i-1 lekhus med medf\u00f6ljande spel \u00e4r det f\u00f6rsta lekhuset som levereras med 6 spel, s\u00e5 ditt barn kommer aldrig att ha tr\u00e5kigt! Setet inneh\u00e5ller spel som bowling, racketspel, fotboll, basket (med justerbar korg) och en bollm\u00e5lskiva med kardborreband. N\u00e4r lektiden \u00e4r \u00f6ver kan allt st\u00e4das undan och det blir ingen r\u00f6ra! Lekhuset \u00e4r solid byggt och mycket enkelt att montera. Dessutom \u00e4r det utrustat med ett UV-skyddssystem som skyddar f\u00e4rgen fr\u00e5n att blekna. Avsett f\u00f6r barn \u00f6ver 3 \u00e5r. <\/p>\n<p>Egenskaper: <\/p>\n<p>* &#8211; avsett f\u00f6r barn \u00f6ver 3 \u00e5r<br \/>\n* &#8211; setet inneh\u00e5ller spel: basket, fotboll, kardborrebandm\u00e5l, racketspel,<br \/>\n* &#8211; utrustad med ett UV-skyddssystem f\u00f6r att f\u00f6rhindra att f\u00e4rgen bleknar,<br \/>\n* &#8211; solid konstruktion, tillverkad av h\u00f6gkvalitativa material,<br \/>\n* &#8211; enkel att montera,<br \/>\n* &#8211; huset kan vikas ihop f\u00f6r enkel f\u00f6rvaring.<\/p>\n<p>Leksak:<\/p>\n<p>* &#8211; utvecklar barnets kreativitet och fantasi,<br \/>\n* &#8211; l\u00e4r ut lagarbete,<br \/>\n* &#8211; l\u00e4r ut delningsf\u00f6rm\u00e5ga,<br \/>\n* &#8211; uppmuntrar barn att vara fysiskt aktiva.<\/p>\n<p>Vet du varf\u00f6r FEBER ger barn s\u00e5 mycket gl\u00e4dje? &#8221;F\u00f6r att vi i 50 \u00e5r har lekt som barn och designat de b\u00e4sta leksakerna&#8221;, s\u00e4ger FEBER.<\/p>\n<p>FEBER-leksakerna omfattar: tr\u00e4dg\u00e5rdsleksaker, gungor, lekplatser, rutschkanor och vattenrutschkanor, trehjulingar och mycket annat. FEBER-leksaker \u00e4r certifierade enligt AENOR ISO 9001, ISO 14001 och OSHAS18001, vilket intygar excellensen och kvaliteten i alla processer relaterade till leksakstillverkning: fr\u00e5n design och produktion till service.<\/p>\n","protected":false},"excerpt":{"rendered":"<p>FEBER Activity House Multifunktionellt 6-i-1 lekhus med medf\u00f6ljande spel \u00e4r det f\u00f6rsta lekhuset som levereras med 6 spel, s\u00e5 ditt barn kommer aldrig att ha tr\u00e5kigt! Setet inneh\u00e5ller spel som bowling, racketspel, fotboll, basket (med justerbar korg) och en bollm\u00e5lskiva med kardborreband. N\u00e4r lektiden \u00e4r \u00f6ver kan allt st\u00e4das undan och det blir ingen r\u00f6ra! [&hellip;]<\/p>\n","protected":false},"featured_media":0,"comment_status":"open","ping_status":"closed","template":"","meta":[],"product_brand":[],"product_cat":[33],"product_tag":[],"class_list":{"0":"post-17385","1":"product","2":"type-product","3":"status-publish","5":"product_cat-okategoriserad","7":"first","8":"instock","9":"shipping-taxable","10":"purchasable","11":"product-type-simple"},"_links":{"self":[{"href":"https:\/\/nordicmart.andreevmaster.com\/sv\/wp-json\/wp\/v2\/product\/17385","targetHints":{"allow":["GET"]}}],"collection":[{"href":"https:\/\/nordicmart.andreevmaster.com\/sv\/wp-json\/wp\/v2\/product"}],"about":[{"href":"https:\/\/nordicmart.andreevmaster.com\/sv\/wp-json\/wp\/v2\/types\/product"}],"replies":[{"embeddable":true,"href":"https:\/\/nordicmart.andreevmaster.com\/sv\/wp-json\/wp\/v2\/comments?post=17385"}],"wp:attachment":[{"href":"https:\/\/nordicmart.andreevmaster.com\/sv\/wp-json\/wp\/v2\/media?parent=17385"}],"wp:term":[{"taxonomy":"product_brand","embeddable":true,"href":"https:\/\/nordicmart.andreevmaster.com\/sv\/wp-json\/wp\/v2\/product_brand?post=17385"},{"taxonomy":"product_cat","embeddable":true,"href":"https:\/\/nordicmart.andreevmaster.com\/sv\/wp-json\/wp\/v2\/product_cat?post=17385"},{"taxonomy":"product_tag","embeddable":true,"href":"https:\/\/nordicmart.andreevmaster.com\/sv\/wp-json\/wp\/v2\/product_tag?post=17385"}],"curies":[{"name":"wp","href":"https:\/\/api.w.org\/{rel}","templated":true}]}}