{"id":17384,"date":"2026-02-27T00:34:49","date_gmt":"2026-02-27T00:34:49","guid":{"rendered":"https:\/\/nordicmart.andreevmaster.com\/product\/feber-super-villa-tradgardslekstuga-med-bord-och-stolar-stor\/"},"modified":"2026-02-27T08:24:28","modified_gmt":"2026-02-27T08:24:28","slug":"feber-super-villa-tradgardslekstuga-med-bord-och-stolar-stor","status":"publish","type":"product","link":"https:\/\/nordicmart.andreevmaster.com\/sv\/produkt\/feber-super-villa-tradgardslekstuga-med-bord-och-stolar-stor\/","title":{"rendered":"FEBER Super Villa tr\u00e4dg\u00e5rdslekstuga med bord och stolar, stor"},"content":{"rendered":"<p>Super Villa-huset fr\u00e5n Feber \u00e4r det st\u00f6rsta och roligaste huset, med ett stort inre utrymme f\u00f6r lek i tv\u00e5 h\u00f6jdzoner. Entr\u00e9d\u00f6rren har ett fack som fungerar som brevl\u00e5da, och det finns \u00e4ven en d\u00f6rrklocka. Husets v\u00e4ggar \u00e4r dekorerade med tegel- och blomm\u00f6nster. Lekhuset har ocks\u00e5 ett bord och tv\u00e5 b\u00e4nkar att sitta p\u00e5. Hela huset \u00e4r tillverkat av f\u00e4rgglad plast som \u00e4r motst\u00e5ndskraftig mot solljus och temperatur. Feber Super Villa lekhus \u00e4r extremt enkelt att montera.<\/p>\n<p>Egenskaper:<\/p>\n<p>* &#8211; d\u00f6rrklocka,<br \/>\n* &#8211; l\u00e4mplig f\u00f6r barn fr\u00e5n 3 \u00e5r,<br \/>\n* &#8211; halvd\u00f6rr med brevl\u00e5da,<br \/>\n* &#8211; bord och tv\u00e5 b\u00e4nkar att sitta p\u00e5,<br \/>\n* &#8211; f\u00f6nster med \u00f6ppningsbara f\u00f6nsterluckor,<br \/>\n* &#8211; ljust och mycket rymligt inre att leka i,<br \/>\n* &#8211; UV-skyddande bel\u00e4ggning,<br \/>\n* &#8211; extremt l\u00e4tt att montera.<\/p>\n<p>Vet du varf\u00f6r FEBER ger barn s\u00e5 mycket gl\u00e4dje? &#8221;F\u00f6r att vi i 50 \u00e5r har lekt som barn och designat de b\u00e4sta leksakerna&#8221;, s\u00e4ger FEBER. FEBERs leksaker omfattar: tr\u00e4dg\u00e5rdsleksaker, gungor, lekplatser, rutschkanor och vattenrutschkanor, trehjulingar och mycket annat. FEBER-leksaker \u00e4r certifierade enligt AENOR ISO 9001, ISO 14001 och OSHAS18001, vilket intygar excellensen och kvaliteten i alla processer relaterade till leksakstillverkning: fr\u00e5n design och produktion till service.<\/p>\n","protected":false},"excerpt":{"rendered":"<p>Super Villa-huset fr\u00e5n Feber \u00e4r det st\u00f6rsta och roligaste huset, med ett stort inre utrymme f\u00f6r lek i tv\u00e5 h\u00f6jdzoner. Entr\u00e9d\u00f6rren har ett fack som fungerar som brevl\u00e5da, och det finns \u00e4ven en d\u00f6rrklocka. Husets v\u00e4ggar \u00e4r dekorerade med tegel- och blomm\u00f6nster. Lekhuset har ocks\u00e5 ett bord och tv\u00e5 b\u00e4nkar att sitta p\u00e5. Hela huset [&hellip;]<\/p>\n","protected":false},"featured_media":0,"comment_status":"open","ping_status":"closed","template":"","meta":[],"product_brand":[],"product_cat":[33],"product_tag":[],"class_list":{"0":"post-17384","1":"product","2":"type-product","3":"status-publish","5":"product_cat-okategoriserad","7":"first","8":"instock","9":"shipping-taxable","10":"purchasable","11":"product-type-simple"},"_links":{"self":[{"href":"https:\/\/nordicmart.andreevmaster.com\/sv\/wp-json\/wp\/v2\/product\/17384","targetHints":{"allow":["GET"]}}],"collection":[{"href":"https:\/\/nordicmart.andreevmaster.com\/sv\/wp-json\/wp\/v2\/product"}],"about":[{"href":"https:\/\/nordicmart.andreevmaster.com\/sv\/wp-json\/wp\/v2\/types\/product"}],"replies":[{"embeddable":true,"href":"https:\/\/nordicmart.andreevmaster.com\/sv\/wp-json\/wp\/v2\/comments?post=17384"}],"wp:attachment":[{"href":"https:\/\/nordicmart.andreevmaster.com\/sv\/wp-json\/wp\/v2\/media?parent=17384"}],"wp:term":[{"taxonomy":"product_brand","embeddable":true,"href":"https:\/\/nordicmart.andreevmaster.com\/sv\/wp-json\/wp\/v2\/product_brand?post=17384"},{"taxonomy":"product_cat","embeddable":true,"href":"https:\/\/nordicmart.andreevmaster.com\/sv\/wp-json\/wp\/v2\/product_cat?post=17384"},{"taxonomy":"product_tag","embeddable":true,"href":"https:\/\/nordicmart.andreevmaster.com\/sv\/wp-json\/wp\/v2\/product_tag?post=17384"}],"curies":[{"name":"wp","href":"https:\/\/api.w.org\/{rel}","templated":true}]}}