{"id":17383,"date":"2026-02-27T00:34:49","date_gmt":"2026-02-27T00:34:49","guid":{"rendered":"https:\/\/nordicmart.andreevmaster.com\/product\/big-bobby-car-classic-push-car-2\/"},"modified":"2026-02-27T08:24:28","modified_gmt":"2026-02-27T08:24:28","slug":"big-bobby-car-classic-push-car-2","status":"publish","type":"product","link":"https:\/\/nordicmart.andreevmaster.com\/sv\/produkt\/big-bobby-car-classic-push-car-2\/","title":{"rendered":"BIG Bobby Car Classic Push Car"},"content":{"rendered":"<p>Denna klassiska bil fr\u00e5n det v\u00e4lk\u00e4nda varum\u00e4rket BIG \u00e4r en b\u00e4sts\u00e4ljare bland \u00e5kleksaker och en favorit bland barn i hela Europa. Den ger barnen massor av skoj och gl\u00e4dje under fantastiska resor. <\/p>\n<p>Bobby Car Classic \u00e4r mycket stabil och framf\u00f6r allt s\u00e4ker tack vare sin l\u00e5ga tyngdpunkt och starka hjul. S\u00e4tet \u00e4r speciellt utformat s\u00e5 att barnen kan \u00e5ka bekv\u00e4mt medan de skjuter ifr\u00e5n med f\u00f6tterna och utvecklar sin motorik. De sv\u00e4ngbara hjulen garanterar utm\u00e4rkt grepp och man\u00f6vrerbarhet.<\/p>\n<p>Egenskaper:<\/p>\n<p>* &#8211; Universell r\u00f6d f\u00e4rg.<br \/>\n* &#8211; Tillverkad av h\u00f6gkvalitativ plast som \u00e4r motst\u00e5ndskraftig mot sprickor och repor.<br \/>\n* &#8211; Tack vare sin l\u00e5ga tyngdpunkt och starka hjul \u00e4r \u00e5kleksaken stabil.* &#8211; Leksaken har en dragst\u00e5ng fram och en krok f\u00f6r en sl\u00e4pvagn fram.<br \/>\n* &#8211; Kompatibel med andra BIG-tillbeh\u00f6r som finns i v\u00e5r butik.<br \/>\n* &#8211; L\u00e4mplig f\u00f6r barn fr\u00e5n 12 m\u00e5naders \u00e5lder. <\/p>\n<p>BIG tillh\u00f6r den stora Simba Dickie-koncernen \u2013 Sortimentet omfattar ett brett utbud av innovativa leksaker som stimulerar barns motoriska utveckling. BIG-produkterna erbjuder m\u00e5nga lekm\u00f6jligheter. Sortimentet omfattar bilar, \u00e5kleksaker, gungh\u00e4star, traktorer, b\u00e5tar, rutschkanor, flytande leksaker och sandl\u00e5dor. BIG-leksakerna \u00e4r av mycket h\u00f6g kvalitet. De tillverkas i Tyskland av h\u00f6gkvalitativa UV-best\u00e4ndiga material. S\u00e4kerheten hos v\u00e5ra leksaker garanteras och bekr\u00e4ftas av LGA\/T\u00dcV-tester.<\/p>\n","protected":false},"excerpt":{"rendered":"<p>Denna klassiska bil fr\u00e5n det v\u00e4lk\u00e4nda varum\u00e4rket BIG \u00e4r en b\u00e4sts\u00e4ljare bland \u00e5kleksaker och en favorit bland barn i hela Europa. Den ger barnen massor av skoj och gl\u00e4dje under fantastiska resor. Bobby Car Classic \u00e4r mycket stabil och framf\u00f6r allt s\u00e4ker tack vare sin l\u00e5ga tyngdpunkt och starka hjul. S\u00e4tet \u00e4r speciellt utformat s\u00e5 [&hellip;]<\/p>\n","protected":false},"featured_media":0,"comment_status":"open","ping_status":"closed","template":"","meta":[],"product_brand":[],"product_cat":[33],"product_tag":[],"class_list":{"0":"post-17383","1":"product","2":"type-product","3":"status-publish","5":"product_cat-okategoriserad","7":"first","8":"instock","9":"shipping-taxable","10":"purchasable","11":"product-type-simple"},"_links":{"self":[{"href":"https:\/\/nordicmart.andreevmaster.com\/sv\/wp-json\/wp\/v2\/product\/17383","targetHints":{"allow":["GET"]}}],"collection":[{"href":"https:\/\/nordicmart.andreevmaster.com\/sv\/wp-json\/wp\/v2\/product"}],"about":[{"href":"https:\/\/nordicmart.andreevmaster.com\/sv\/wp-json\/wp\/v2\/types\/product"}],"replies":[{"embeddable":true,"href":"https:\/\/nordicmart.andreevmaster.com\/sv\/wp-json\/wp\/v2\/comments?post=17383"}],"wp:attachment":[{"href":"https:\/\/nordicmart.andreevmaster.com\/sv\/wp-json\/wp\/v2\/media?parent=17383"}],"wp:term":[{"taxonomy":"product_brand","embeddable":true,"href":"https:\/\/nordicmart.andreevmaster.com\/sv\/wp-json\/wp\/v2\/product_brand?post=17383"},{"taxonomy":"product_cat","embeddable":true,"href":"https:\/\/nordicmart.andreevmaster.com\/sv\/wp-json\/wp\/v2\/product_cat?post=17383"},{"taxonomy":"product_tag","embeddable":true,"href":"https:\/\/nordicmart.andreevmaster.com\/sv\/wp-json\/wp\/v2\/product_tag?post=17383"}],"curies":[{"name":"wp","href":"https:\/\/api.w.org\/{rel}","templated":true}]}}