{"id":17382,"date":"2026-02-27T00:34:48","date_gmt":"2026-02-27T00:34:48","guid":{"rendered":"https:\/\/nordicmart.andreevmaster.com\/product\/big-bobby-car-rod-slapvagn\/"},"modified":"2026-02-27T08:24:28","modified_gmt":"2026-02-27T08:24:28","slug":"big-bobby-car-rod-slapvagn","status":"publish","type":"product","link":"https:\/\/nordicmart.andreevmaster.com\/sv\/produkt\/big-bobby-car-rod-slapvagn\/","title":{"rendered":"BIG Bobby Car r\u00f6d sl\u00e4pvagn"},"content":{"rendered":"<p>Barn \u00e4lskar att utforska v\u00e4rlden p\u00e5 sina favoritleksaker fr\u00e5n BIG. Den praktiska r\u00f6da sl\u00e4pvagnen fr\u00e5n BIG ger variation i leken och mycket gl\u00e4dje. Sl\u00e4pvagnen kan anv\u00e4ndas f\u00f6r att transportera allt som den lille f\u00f6raren kan lasta p\u00e5 den. En nalle, en resv\u00e4ska, blommor till prinsessan och till och med sand f\u00f6r att bygga ett slott f\u00e5r l\u00e4tt plats i sl\u00e4pvagnen!<\/p>\n<p>Sl\u00e4pvagnen passar f\u00f6ljande \u00e5kleksaker:<\/p>\n<p>* Bobby Car Classic,<br \/>\n* New Bobby Car,<br \/>\n* NEXT Bobby Car,<br \/>\n* Neo Bobby Car,<br \/>\n* Bobby Scooter.<\/p>\n<p>BIG tillh\u00f6r den stora Simba Dickie-koncernen \u2013 Sortimentet omfattar en m\u00e4ngd innovativa leksaker som stimulerar barns motoriska utveckling. BIG-produkterna erbjuder m\u00e5nga lekm\u00f6jligheter. Sortimentet omfattar bilar, \u00e5kleksaker, gungh\u00e4star, traktorer, b\u00e5tar, rutschkanor, flytande leksaker och sandl\u00e5dor. BIG-leksakerna \u00e4r av mycket h\u00f6g kvalitet. De tillverkas i Tyskland av h\u00f6gkvalitativa UV-best\u00e4ndiga material. S\u00e4kerheten hos v\u00e5ra leksaker garanteras och bekr\u00e4ftas av LGA\/T\u00dcV-tester.<\/p>\n","protected":false},"excerpt":{"rendered":"<p>Barn \u00e4lskar att utforska v\u00e4rlden p\u00e5 sina favoritleksaker fr\u00e5n BIG. Den praktiska r\u00f6da sl\u00e4pvagnen fr\u00e5n BIG ger variation i leken och mycket gl\u00e4dje. Sl\u00e4pvagnen kan anv\u00e4ndas f\u00f6r att transportera allt som den lille f\u00f6raren kan lasta p\u00e5 den. En nalle, en resv\u00e4ska, blommor till prinsessan och till och med sand f\u00f6r att bygga ett slott [&hellip;]<\/p>\n","protected":false},"featured_media":0,"comment_status":"open","ping_status":"closed","template":"","meta":[],"product_brand":[],"product_cat":[33],"product_tag":[],"class_list":{"0":"post-17382","1":"product","2":"type-product","3":"status-publish","5":"product_cat-okategoriserad","7":"first","8":"instock","9":"shipping-taxable","10":"purchasable","11":"product-type-simple"},"_links":{"self":[{"href":"https:\/\/nordicmart.andreevmaster.com\/sv\/wp-json\/wp\/v2\/product\/17382","targetHints":{"allow":["GET"]}}],"collection":[{"href":"https:\/\/nordicmart.andreevmaster.com\/sv\/wp-json\/wp\/v2\/product"}],"about":[{"href":"https:\/\/nordicmart.andreevmaster.com\/sv\/wp-json\/wp\/v2\/types\/product"}],"replies":[{"embeddable":true,"href":"https:\/\/nordicmart.andreevmaster.com\/sv\/wp-json\/wp\/v2\/comments?post=17382"}],"wp:attachment":[{"href":"https:\/\/nordicmart.andreevmaster.com\/sv\/wp-json\/wp\/v2\/media?parent=17382"}],"wp:term":[{"taxonomy":"product_brand","embeddable":true,"href":"https:\/\/nordicmart.andreevmaster.com\/sv\/wp-json\/wp\/v2\/product_brand?post=17382"},{"taxonomy":"product_cat","embeddable":true,"href":"https:\/\/nordicmart.andreevmaster.com\/sv\/wp-json\/wp\/v2\/product_cat?post=17382"},{"taxonomy":"product_tag","embeddable":true,"href":"https:\/\/nordicmart.andreevmaster.com\/sv\/wp-json\/wp\/v2\/product_tag?post=17382"}],"curies":[{"name":"wp","href":"https:\/\/api.w.org\/{rel}","templated":true}]}}