{"id":17381,"date":"2026-02-27T00:34:48","date_gmt":"2026-02-27T00:34:48","guid":{"rendered":"https:\/\/nordicmart.andreevmaster.com\/product\/rolly-toys-rolly-kipper-slapvagn-for-john-deere-traktor\/"},"modified":"2026-02-27T08:24:28","modified_gmt":"2026-02-27T08:24:28","slug":"rolly-toys-rolly-kipper-slapvagn-for-john-deere-traktor","status":"publish","type":"product","link":"https:\/\/nordicmart.andreevmaster.com\/sv\/produkt\/rolly-toys-rolly-kipper-slapvagn-for-john-deere-traktor\/","title":{"rendered":"Rolly Toys Rolly Kipper sl\u00e4pvagn f\u00f6r John Deere traktor"},"content":{"rendered":"<p>Rolly Toys &#8221;Rolly Kipper II&#8221; John Deere \u2013 en gr\u00f6n supertrailer f\u00f6r sm\u00e5 traktorf\u00f6rare! En gr\u00f6n tippvagn \u2013 smidig och l\u00e4ttman\u00f6vrerad \u2013 enkel att koppla till en Rolly Toys-traktor fr\u00e5n KID-serien. Trailern har ett automatiskt l\u00e5s.<br \/>\n* sl\u00e4pvagnen har en tippfunktion,<br \/>\n* hjul av h\u00f6gkvalitativ plast,<br \/>\n* Produkten kr\u00e4ver delvis montering, enkla instruktioner medf\u00f6ljer,<br \/>\n* sl\u00e4pvagnen \u00e4r l\u00e4mplig f\u00f6r traktorer i \u00e5ldersgrupperna 3-8 och 3-10. Fr\u00e5n och med idag kan v\u00e5r lilla bonde sprida sand, l\u00f6v eller frukt och leka med sitt favoritset varje dag!<\/p>\n","protected":false},"excerpt":{"rendered":"<p>Rolly Toys &#8221;Rolly Kipper II&#8221; John Deere \u2013 en gr\u00f6n supertrailer f\u00f6r sm\u00e5 traktorf\u00f6rare! En gr\u00f6n tippvagn \u2013 smidig och l\u00e4ttman\u00f6vrerad \u2013 enkel att koppla till en Rolly Toys-traktor fr\u00e5n KID-serien. Trailern har ett automatiskt l\u00e5s. * sl\u00e4pvagnen har en tippfunktion, * hjul av h\u00f6gkvalitativ plast, * Produkten kr\u00e4ver delvis montering, enkla instruktioner medf\u00f6ljer, * [&hellip;]<\/p>\n","protected":false},"featured_media":0,"comment_status":"open","ping_status":"closed","template":"","meta":[],"product_brand":[],"product_cat":[33],"product_tag":[],"class_list":{"0":"post-17381","1":"product","2":"type-product","3":"status-publish","5":"product_cat-okategoriserad","7":"first","8":"instock","9":"shipping-taxable","10":"purchasable","11":"product-type-simple"},"_links":{"self":[{"href":"https:\/\/nordicmart.andreevmaster.com\/sv\/wp-json\/wp\/v2\/product\/17381","targetHints":{"allow":["GET"]}}],"collection":[{"href":"https:\/\/nordicmart.andreevmaster.com\/sv\/wp-json\/wp\/v2\/product"}],"about":[{"href":"https:\/\/nordicmart.andreevmaster.com\/sv\/wp-json\/wp\/v2\/types\/product"}],"replies":[{"embeddable":true,"href":"https:\/\/nordicmart.andreevmaster.com\/sv\/wp-json\/wp\/v2\/comments?post=17381"}],"wp:attachment":[{"href":"https:\/\/nordicmart.andreevmaster.com\/sv\/wp-json\/wp\/v2\/media?parent=17381"}],"wp:term":[{"taxonomy":"product_brand","embeddable":true,"href":"https:\/\/nordicmart.andreevmaster.com\/sv\/wp-json\/wp\/v2\/product_brand?post=17381"},{"taxonomy":"product_cat","embeddable":true,"href":"https:\/\/nordicmart.andreevmaster.com\/sv\/wp-json\/wp\/v2\/product_cat?post=17381"},{"taxonomy":"product_tag","embeddable":true,"href":"https:\/\/nordicmart.andreevmaster.com\/sv\/wp-json\/wp\/v2\/product_tag?post=17381"}],"curies":[{"name":"wp","href":"https:\/\/api.w.org\/{rel}","templated":true}]}}