{"id":17380,"date":"2026-02-27T00:34:48","date_gmt":"2026-02-27T00:34:48","guid":{"rendered":"https:\/\/nordicmart.andreevmaster.com\/product\/rolly-toys-stor-john-deere-tvaaxlad-tippvagn\/"},"modified":"2026-02-27T08:24:27","modified_gmt":"2026-02-27T08:24:27","slug":"rolly-toys-stor-john-deere-tvaaxlad-tippvagn","status":"publish","type":"product","link":"https:\/\/nordicmart.andreevmaster.com\/sv\/produkt\/rolly-toys-stor-john-deere-tvaaxlad-tippvagn\/","title":{"rendered":"Rolly Toys Stor John Deere tv\u00e5axlad tippvagn"},"content":{"rendered":"<p>Tippvagnen fr\u00e5n Rolly Toys, licensierad av John Deere, \u00e4r ett utm\u00e4rkt tillskott till alla leksaksg\u00e5rdar och ger timmar av kreativ lek. Tack vare tippfunktionen och de \u00f6ppningsbara sidorna blir leken mer interaktiv och engagerande. Produkten \u00e4r tillverkad av h\u00e5llbara material som garanterar l\u00e5ngvarig anv\u00e4ndning och motst\u00e5ndskraft mot skador. Sl\u00e4pvagnen passar alla Rolly Toys-traktorer som \u00e4r utrustade med en sl\u00e4pvagnskoppling. Detta g\u00f6r det enkelt att koppla ihop och anv\u00e4nda med olika traktormodeller. <\/p>\n<p>EGENSKAPER: <\/p>\n<p>&#8211; Sl\u00e4pvagnen har sidor som kan \u00f6ppnas baktill, vilket underl\u00e4ttar lossning av transporterat material.<\/p>\n<p>&#8211; Utrustad med en rymlig container som rymmer en stor m\u00e4ngd transporterat material<\/p>\n<p>&#8211; Sl\u00e4pvagnens l\u00e5da tippas med hj\u00e4lp av en bom, vilket g\u00f6r det enkelt att lasta av inneh\u00e5llet<\/p>\n<p>&#8211; Sl\u00e4pvagnen har tv\u00e5 axlar, vilket s\u00e4kerst\u00e4ller stabilitet under k\u00f6rning och lastning<\/p>\n<p>&#8211; Passar alla Rolly Toys-traktorer som \u00e4r utrustade med sl\u00e4pvagnskoppling.<\/p>\n","protected":false},"excerpt":{"rendered":"<p>Tippvagnen fr\u00e5n Rolly Toys, licensierad av John Deere, \u00e4r ett utm\u00e4rkt tillskott till alla leksaksg\u00e5rdar och ger timmar av kreativ lek. Tack vare tippfunktionen och de \u00f6ppningsbara sidorna blir leken mer interaktiv och engagerande. Produkten \u00e4r tillverkad av h\u00e5llbara material som garanterar l\u00e5ngvarig anv\u00e4ndning och motst\u00e5ndskraft mot skador. Sl\u00e4pvagnen passar alla Rolly Toys-traktorer som \u00e4r [&hellip;]<\/p>\n","protected":false},"featured_media":0,"comment_status":"open","ping_status":"closed","template":"","meta":[],"product_brand":[],"product_cat":[33],"product_tag":[],"class_list":{"0":"post-17380","1":"product","2":"type-product","3":"status-publish","5":"product_cat-okategoriserad","7":"first","8":"instock","9":"shipping-taxable","10":"purchasable","11":"product-type-simple"},"_links":{"self":[{"href":"https:\/\/nordicmart.andreevmaster.com\/sv\/wp-json\/wp\/v2\/product\/17380","targetHints":{"allow":["GET"]}}],"collection":[{"href":"https:\/\/nordicmart.andreevmaster.com\/sv\/wp-json\/wp\/v2\/product"}],"about":[{"href":"https:\/\/nordicmart.andreevmaster.com\/sv\/wp-json\/wp\/v2\/types\/product"}],"replies":[{"embeddable":true,"href":"https:\/\/nordicmart.andreevmaster.com\/sv\/wp-json\/wp\/v2\/comments?post=17380"}],"wp:attachment":[{"href":"https:\/\/nordicmart.andreevmaster.com\/sv\/wp-json\/wp\/v2\/media?parent=17380"}],"wp:term":[{"taxonomy":"product_brand","embeddable":true,"href":"https:\/\/nordicmart.andreevmaster.com\/sv\/wp-json\/wp\/v2\/product_brand?post=17380"},{"taxonomy":"product_cat","embeddable":true,"href":"https:\/\/nordicmart.andreevmaster.com\/sv\/wp-json\/wp\/v2\/product_cat?post=17380"},{"taxonomy":"product_tag","embeddable":true,"href":"https:\/\/nordicmart.andreevmaster.com\/sv\/wp-json\/wp\/v2\/product_tag?post=17380"}],"curies":[{"name":"wp","href":"https:\/\/api.w.org\/{rel}","templated":true}]}}