{"id":17379,"date":"2026-02-27T00:34:48","date_gmt":"2026-02-27T00:34:48","guid":{"rendered":"https:\/\/nordicmart.andreevmaster.com\/product\/rolly-toys-rollymulti-trailer-rolly-multi-john-deere-3-axlig-tippvagn\/"},"modified":"2026-02-27T08:24:27","modified_gmt":"2026-02-27T08:24:27","slug":"rolly-toys-rollymulti-trailer-rolly-multi-john-deere-3-axlig-tippvagn","status":"publish","type":"product","link":"https:\/\/nordicmart.andreevmaster.com\/sv\/produkt\/rolly-toys-rollymulti-trailer-rolly-multi-john-deere-3-axlig-tippvagn\/","title":{"rendered":"Rolly Toys rollyMulti Trailer \u2013 Rolly Multi John Deere 3-axlig tippvagn"},"content":{"rendered":"<p>Rolly Toys gr\u00f6n treaxlad tippvagn \u2013 John Deere Mega Trailer kan lastas av p\u00e5 tre sidor. Den \u00e4r stabil tack vare sina tre axlar. Den passar alla Rolly Toys-fordon som \u00e4r utrustade med dragkrok. Rolly Toys \u00e4r h\u00f6gkvalitativa, originella tyska produkter som kommer att tj\u00e4na dina barn i m\u00e5nga \u00e5r. EGENSKAPER: &#8211; h\u00f6gkvalitativ glansig plast, l\u00e4tt att h\u00e5lla ren, &#8211; treaxlad, stabil fj\u00e4dring, &#8211; dubbla sidor p\u00e5 \u00f6verbyggnaden, &#8211; tippmekanism som man\u00f6vreras med en knapp, l\u00e4tt f\u00f6r barn att anv\u00e4nda, &#8211; tippning p\u00e5 tre sidor, &#8211; sidor som \u00f6ppnas p\u00e5 tre sidor, &#8211; bakre dragkrok, &#8211; mycket stabil och h\u00e5llbar konstruktion<\/p>\n","protected":false},"excerpt":{"rendered":"<p>Rolly Toys gr\u00f6n treaxlad tippvagn \u2013 John Deere Mega Trailer kan lastas av p\u00e5 tre sidor. Den \u00e4r stabil tack vare sina tre axlar. Den passar alla Rolly Toys-fordon som \u00e4r utrustade med dragkrok. Rolly Toys \u00e4r h\u00f6gkvalitativa, originella tyska produkter som kommer att tj\u00e4na dina barn i m\u00e5nga \u00e5r. EGENSKAPER: &#8211; h\u00f6gkvalitativ glansig plast, [&hellip;]<\/p>\n","protected":false},"featured_media":0,"comment_status":"open","ping_status":"closed","template":"","meta":[],"product_brand":[],"product_cat":[33],"product_tag":[],"class_list":{"0":"post-17379","1":"product","2":"type-product","3":"status-publish","5":"product_cat-okategoriserad","7":"first","8":"instock","9":"shipping-taxable","10":"purchasable","11":"product-type-simple"},"_links":{"self":[{"href":"https:\/\/nordicmart.andreevmaster.com\/sv\/wp-json\/wp\/v2\/product\/17379","targetHints":{"allow":["GET"]}}],"collection":[{"href":"https:\/\/nordicmart.andreevmaster.com\/sv\/wp-json\/wp\/v2\/product"}],"about":[{"href":"https:\/\/nordicmart.andreevmaster.com\/sv\/wp-json\/wp\/v2\/types\/product"}],"replies":[{"embeddable":true,"href":"https:\/\/nordicmart.andreevmaster.com\/sv\/wp-json\/wp\/v2\/comments?post=17379"}],"wp:attachment":[{"href":"https:\/\/nordicmart.andreevmaster.com\/sv\/wp-json\/wp\/v2\/media?parent=17379"}],"wp:term":[{"taxonomy":"product_brand","embeddable":true,"href":"https:\/\/nordicmart.andreevmaster.com\/sv\/wp-json\/wp\/v2\/product_brand?post=17379"},{"taxonomy":"product_cat","embeddable":true,"href":"https:\/\/nordicmart.andreevmaster.com\/sv\/wp-json\/wp\/v2\/product_cat?post=17379"},{"taxonomy":"product_tag","embeddable":true,"href":"https:\/\/nordicmart.andreevmaster.com\/sv\/wp-json\/wp\/v2\/product_tag?post=17379"}],"curies":[{"name":"wp","href":"https:\/\/api.w.org\/{rel}","templated":true}]}}