{"id":17378,"date":"2026-02-27T00:34:47","date_gmt":"2026-02-27T00:34:47","guid":{"rendered":"https:\/\/nordicmart.andreevmaster.com\/product\/rolly-toys-rollytrailer-stor-slapvagn-3-axlar-multi-trailer\/"},"modified":"2026-02-27T08:24:27","modified_gmt":"2026-02-27T08:24:27","slug":"rolly-toys-rollytrailer-stor-slapvagn-3-axlar-multi-trailer","status":"publish","type":"product","link":"https:\/\/nordicmart.andreevmaster.com\/sv\/produkt\/rolly-toys-rollytrailer-stor-slapvagn-3-axlar-multi-trailer\/","title":{"rendered":"Rolly Toys rollyTrailer Stor sl\u00e4pvagn 3 axlar Multi Trailer"},"content":{"rendered":"<p>Rolly Toys Stor sl\u00e4pvagn, 3-axlig multisl\u00e4pvagn<\/p>\n<p>Den perfekta leksaken f\u00f6r unga b\u00f6nder. Det perfekta tillbeh\u00f6ret till alla Rolly Toys-traktorer. Noggrant tillverkad med omsorg om minsta detalj! Ingen riktig bonde skulle tacka nej till den. Den perfekta presenten f\u00f6r alla tillf\u00e4llen!<\/p>\n<p>Leksaken har f\u00f6ljande egenskaper:<\/p>\n<p>* h\u00f6gkvalitativ gl\u00e4nsande plast, l\u00e4tt att h\u00e5lla ren,<br \/>\n* tre axlar, stabil fj\u00e4dring,<br \/>\n* dubbla, \u00f6verlagrade sidor,<br \/>\n* tippmekanism som man\u00f6vreras med en knopp som \u00e4r l\u00e4tt f\u00f6r barn att anv\u00e4nda,<br \/>\n* tippning p\u00e5 tre sidor,<br \/>\n* sidorna \u00f6ppnas p\u00e5 tre sidor,<br \/>\n* bakre dragkrok,* mycket stabil och h\u00e5llbar konstruktion.<\/p>\n","protected":false},"excerpt":{"rendered":"<p>Rolly Toys Stor sl\u00e4pvagn, 3-axlig multisl\u00e4pvagn Den perfekta leksaken f\u00f6r unga b\u00f6nder. Det perfekta tillbeh\u00f6ret till alla Rolly Toys-traktorer. Noggrant tillverkad med omsorg om minsta detalj! Ingen riktig bonde skulle tacka nej till den. Den perfekta presenten f\u00f6r alla tillf\u00e4llen! Leksaken har f\u00f6ljande egenskaper: * h\u00f6gkvalitativ gl\u00e4nsande plast, l\u00e4tt att h\u00e5lla ren, * tre axlar, [&hellip;]<\/p>\n","protected":false},"featured_media":0,"comment_status":"open","ping_status":"closed","template":"","meta":[],"product_brand":[],"product_cat":[33],"product_tag":[],"class_list":{"0":"post-17378","1":"product","2":"type-product","3":"status-publish","5":"product_cat-okategoriserad","7":"first","8":"instock","9":"shipping-taxable","10":"purchasable","11":"product-type-simple"},"_links":{"self":[{"href":"https:\/\/nordicmart.andreevmaster.com\/sv\/wp-json\/wp\/v2\/product\/17378","targetHints":{"allow":["GET"]}}],"collection":[{"href":"https:\/\/nordicmart.andreevmaster.com\/sv\/wp-json\/wp\/v2\/product"}],"about":[{"href":"https:\/\/nordicmart.andreevmaster.com\/sv\/wp-json\/wp\/v2\/types\/product"}],"replies":[{"embeddable":true,"href":"https:\/\/nordicmart.andreevmaster.com\/sv\/wp-json\/wp\/v2\/comments?post=17378"}],"wp:attachment":[{"href":"https:\/\/nordicmart.andreevmaster.com\/sv\/wp-json\/wp\/v2\/media?parent=17378"}],"wp:term":[{"taxonomy":"product_brand","embeddable":true,"href":"https:\/\/nordicmart.andreevmaster.com\/sv\/wp-json\/wp\/v2\/product_brand?post=17378"},{"taxonomy":"product_cat","embeddable":true,"href":"https:\/\/nordicmart.andreevmaster.com\/sv\/wp-json\/wp\/v2\/product_cat?post=17378"},{"taxonomy":"product_tag","embeddable":true,"href":"https:\/\/nordicmart.andreevmaster.com\/sv\/wp-json\/wp\/v2\/product_tag?post=17378"}],"curies":[{"name":"wp","href":"https:\/\/api.w.org\/{rel}","templated":true}]}}