{"id":17377,"date":"2026-02-27T00:34:47","date_gmt":"2026-02-27T00:34:47","guid":{"rendered":"https:\/\/nordicmart.andreevmaster.com\/product\/rolly-toys-rollytrailer-rolly-multi-dubbelaxlad-slapvagn-gron\/"},"modified":"2026-02-27T08:24:27","modified_gmt":"2026-02-27T08:24:27","slug":"rolly-toys-rollytrailer-rolly-multi-dubbelaxlad-slapvagn-gron","status":"publish","type":"product","link":"https:\/\/nordicmart.andreevmaster.com\/sv\/produkt\/rolly-toys-rollytrailer-rolly-multi-dubbelaxlad-slapvagn-gron\/","title":{"rendered":"Rolly Toys rollyTrailer Rolly Multi dubbelaxlad sl\u00e4pvagn, gr\u00f6n"},"content":{"rendered":"<p>Rolly Toys gr\u00f6n tippvagn Mega Trailer kan tippas p\u00e5 tre sidor. Den \u00e4r stabil tack vare sina tv\u00e5 hjulaxlar. Den passar alla Rolly Toys-fordon som \u00e4r utrustade med dragkrok. Rolly Toys \u00e4r h\u00f6gkvalitativa, originella tyska produkter som kommer att tj\u00e4na dina barn i m\u00e5nga \u00e5r.<\/p>\n","protected":false},"excerpt":{"rendered":"<p>Rolly Toys gr\u00f6n tippvagn Mega Trailer kan tippas p\u00e5 tre sidor. Den \u00e4r stabil tack vare sina tv\u00e5 hjulaxlar. Den passar alla Rolly Toys-fordon som \u00e4r utrustade med dragkrok. Rolly Toys \u00e4r h\u00f6gkvalitativa, originella tyska produkter som kommer att tj\u00e4na dina barn i m\u00e5nga \u00e5r.<\/p>\n","protected":false},"featured_media":0,"comment_status":"open","ping_status":"closed","template":"","meta":[],"product_brand":[],"product_cat":[33],"product_tag":[],"class_list":{"0":"post-17377","1":"product","2":"type-product","3":"status-publish","5":"product_cat-okategoriserad","7":"first","8":"instock","9":"shipping-taxable","10":"purchasable","11":"product-type-simple"},"_links":{"self":[{"href":"https:\/\/nordicmart.andreevmaster.com\/sv\/wp-json\/wp\/v2\/product\/17377","targetHints":{"allow":["GET"]}}],"collection":[{"href":"https:\/\/nordicmart.andreevmaster.com\/sv\/wp-json\/wp\/v2\/product"}],"about":[{"href":"https:\/\/nordicmart.andreevmaster.com\/sv\/wp-json\/wp\/v2\/types\/product"}],"replies":[{"embeddable":true,"href":"https:\/\/nordicmart.andreevmaster.com\/sv\/wp-json\/wp\/v2\/comments?post=17377"}],"wp:attachment":[{"href":"https:\/\/nordicmart.andreevmaster.com\/sv\/wp-json\/wp\/v2\/media?parent=17377"}],"wp:term":[{"taxonomy":"product_brand","embeddable":true,"href":"https:\/\/nordicmart.andreevmaster.com\/sv\/wp-json\/wp\/v2\/product_brand?post=17377"},{"taxonomy":"product_cat","embeddable":true,"href":"https:\/\/nordicmart.andreevmaster.com\/sv\/wp-json\/wp\/v2\/product_cat?post=17377"},{"taxonomy":"product_tag","embeddable":true,"href":"https:\/\/nordicmart.andreevmaster.com\/sv\/wp-json\/wp\/v2\/product_tag?post=17377"}],"curies":[{"name":"wp","href":"https:\/\/api.w.org\/{rel}","templated":true}]}}