{"id":17376,"date":"2026-02-27T00:34:47","date_gmt":"2026-02-27T00:34:47","guid":{"rendered":"https:\/\/nordicmart.andreevmaster.com\/product\/feber-range-rover-velar-6v-ce-batteridriven-bil\/"},"modified":"2026-02-27T08:24:26","modified_gmt":"2026-02-27T08:24:26","slug":"feber-range-rover-velar-6v-ce-batteridriven-bil","status":"publish","type":"product","link":"https:\/\/nordicmart.andreevmaster.com\/sv\/produkt\/feber-range-rover-velar-6v-ce-batteridriven-bil\/","title":{"rendered":"FEBER Range Rover Velar 6V CE batteridriven bil"},"content":{"rendered":"<p>RANGE ROVER VELAR 6v fr\u00e5n det v\u00e4lk\u00e4nda spanska f\u00f6retaget FEBER \u00e4r ett ensitsigt fordon med en 6V-motor utrustad med: framstr\u00e5lkastare, motor- och tutljud, gaspedal, elektrisk broms, f\u00e4llbara d\u00f6rrar och gummihjul. Designad f\u00f6r barn i \u00e5ldern 3 till 7 \u00e5r och med en maximal vikt p\u00e5 35 kg. Setet inneh\u00e5ller ett 6V-batteri och laddare. Den maximala hastigheten f\u00f6r detta unika fordon \u00e4r 3,5 km\/h. Fordonets perfekta silhuett kommer att gl\u00e4dja alla bilentusiaster! Batteriet h\u00e5ller i upp till 60 minuters kontinuerlig drift! Den perfekta presenten till ditt barn!<\/p>\n<p>Egenskaper:<\/p>\n<p>* &#8211; fordon utformat f\u00f6r barn fr\u00e5n 3 \u00e5r,<br \/>\n* &#8211; maximal till\u00e5ten belastning upp till 35 kg,<br \/>\n* &#8211; fordon utrustat med: framstr\u00e5lkastare, motor- och tutljud, gaspedal, elektrisk broms, f\u00e4llbara d\u00f6rrar och gummihjul,<br \/>\n* &#8211; 6V-batteri,<br \/>\n* &#8211; batteri och laddare ing\u00e5r,<br \/>\n* &#8211; batteriet h\u00e5ller upp till 60 minuters kontinuerlig drift.<\/p>\n<p>Leksaken utvecklar:<\/p>\n<p>* &#8211; motorisk koordination hos barn,<br \/>\n* &#8211; fantasi,<br \/>\n* &#8211; kreativitet,<br \/>\n* &#8211; f\u00f6rm\u00e5gan att hantera olika situationer.<\/p>\n<p>FEBER-leksaker omfattar: tr\u00e4dg\u00e5rdsleksaker, gungor, lekplatser, rutschkanor och vattenrutschkanor, trehjulingar och mycket annat. FEBER-leksaker \u00e4r certifierade enligt AENOR ISO 9001, ISO 14001 och OSHAS18001, vilket intygar excellensen och kvaliteten i alla processer relaterade till leksakstillverkning: fr\u00e5n design och produktion till service.<\/p>\n","protected":false},"excerpt":{"rendered":"<p>RANGE ROVER VELAR 6v fr\u00e5n det v\u00e4lk\u00e4nda spanska f\u00f6retaget FEBER \u00e4r ett ensitsigt fordon med en 6V-motor utrustad med: framstr\u00e5lkastare, motor- och tutljud, gaspedal, elektrisk broms, f\u00e4llbara d\u00f6rrar och gummihjul. Designad f\u00f6r barn i \u00e5ldern 3 till 7 \u00e5r och med en maximal vikt p\u00e5 35 kg. Setet inneh\u00e5ller ett 6V-batteri och laddare. Den maximala [&hellip;]<\/p>\n","protected":false},"featured_media":0,"comment_status":"open","ping_status":"closed","template":"","meta":[],"product_brand":[],"product_cat":[33],"product_tag":[],"class_list":{"0":"post-17376","1":"product","2":"type-product","3":"status-publish","5":"product_cat-okategoriserad","7":"first","8":"instock","9":"shipping-taxable","10":"purchasable","11":"product-type-simple"},"_links":{"self":[{"href":"https:\/\/nordicmart.andreevmaster.com\/sv\/wp-json\/wp\/v2\/product\/17376","targetHints":{"allow":["GET"]}}],"collection":[{"href":"https:\/\/nordicmart.andreevmaster.com\/sv\/wp-json\/wp\/v2\/product"}],"about":[{"href":"https:\/\/nordicmart.andreevmaster.com\/sv\/wp-json\/wp\/v2\/types\/product"}],"replies":[{"embeddable":true,"href":"https:\/\/nordicmart.andreevmaster.com\/sv\/wp-json\/wp\/v2\/comments?post=17376"}],"wp:attachment":[{"href":"https:\/\/nordicmart.andreevmaster.com\/sv\/wp-json\/wp\/v2\/media?parent=17376"}],"wp:term":[{"taxonomy":"product_brand","embeddable":true,"href":"https:\/\/nordicmart.andreevmaster.com\/sv\/wp-json\/wp\/v2\/product_brand?post=17376"},{"taxonomy":"product_cat","embeddable":true,"href":"https:\/\/nordicmart.andreevmaster.com\/sv\/wp-json\/wp\/v2\/product_cat?post=17376"},{"taxonomy":"product_tag","embeddable":true,"href":"https:\/\/nordicmart.andreevmaster.com\/sv\/wp-json\/wp\/v2\/product_tag?post=17376"}],"curies":[{"name":"wp","href":"https:\/\/api.w.org\/{rel}","templated":true}]}}