{"id":17375,"date":"2026-02-27T00:34:47","date_gmt":"2026-02-27T00:34:47","guid":{"rendered":"https:\/\/nordicmart.andreevmaster.com\/product\/feber-lamborghini-aventador-rosa-elbil-6v-3\/"},"modified":"2026-02-27T08:24:26","modified_gmt":"2026-02-27T08:24:26","slug":"feber-lamborghini-aventador-rosa-elbil-6v-3","status":"publish","type":"product","link":"https:\/\/nordicmart.andreevmaster.com\/sv\/produkt\/feber-lamborghini-aventador-rosa-elbil-6v-3\/","title":{"rendered":"FEBER Lamborghini Aventador Rosa elbil 6V 3+"},"content":{"rendered":"<p>Lamborghini Aventador 6V med radiostyrning fr\u00e5n FEBER \u00e4r en lyxig batteridriven bil f\u00f6r barn fr\u00e5n 3 \u00e5r med en maximal rekommenderad vikt p\u00e5 30 kg. Utrustad med s\u00e4kerhetsb\u00e4lte, broms, str\u00e5lkastare och \u00e4kta ljud. Bilen kan k\u00f6ras fram\u00e5t och bak\u00e5t (upp till 3,5 km\/h) och kan fj\u00e4rrstyras av f\u00f6r\u00e4ldrar eller k\u00f6ras sj\u00e4lvst\u00e4ndigt av barn med hj\u00e4lp av pedalen och ratten. Batteritiden \u00e4r upp till 45 minuter! Batteri och laddare ing\u00e5r. <\/p>\n<p>Egenskaper: <\/p>\n<p>* &#8211; F\u00f6r barn fr\u00e5n 3 \u00e5r<br \/>\n* &#8211; Maximal belastning: 30 kg<br \/>\n* &#8211; Batteritid: upp till 45 minuter<br \/>\n* &#8211; Maxhastighet: 3,5 km\/h<br \/>\n* &#8211; Utrustad med s\u00e4kerhetsb\u00e4lten och str\u00e5lkastare<br \/>\n* &#8211; Avger realistiska ljud<br \/>\n* &#8211; Levereras med fj\u00e4rrkontroll<\/p>\n<p>Satsen inneh\u00e5ller:<\/p>\n<p>* &#8211; Batteridriven bil<br \/>\n* &#8211; Fj\u00e4rrkontroll<br \/>\n* &#8211; Laddare<\/p>\n<p>Leksaken utvecklar:<\/p>\n<p>* &#8211; Grovmotorik och koordination<br \/>\n* &#8211; Manuell skicklighet<br \/>\n* &#8211; En k\u00e4nsla av sj\u00e4lvst\u00e4ndighet och sj\u00e4lvf\u00f6rtroende<br \/>\n* &#8211; Fantasi och kreativitet<br \/>\n* &#8211; H\u00f6rsel och syn<\/p>\n","protected":false},"excerpt":{"rendered":"<p>Lamborghini Aventador 6V med radiostyrning fr\u00e5n FEBER \u00e4r en lyxig batteridriven bil f\u00f6r barn fr\u00e5n 3 \u00e5r med en maximal rekommenderad vikt p\u00e5 30 kg. Utrustad med s\u00e4kerhetsb\u00e4lte, broms, str\u00e5lkastare och \u00e4kta ljud. Bilen kan k\u00f6ras fram\u00e5t och bak\u00e5t (upp till 3,5 km\/h) och kan fj\u00e4rrstyras av f\u00f6r\u00e4ldrar eller k\u00f6ras sj\u00e4lvst\u00e4ndigt av barn med hj\u00e4lp [&hellip;]<\/p>\n","protected":false},"featured_media":0,"comment_status":"open","ping_status":"closed","template":"","meta":[],"product_brand":[],"product_cat":[33],"product_tag":[],"class_list":{"0":"post-17375","1":"product","2":"type-product","3":"status-publish","5":"product_cat-okategoriserad","7":"first","8":"instock","9":"shipping-taxable","10":"purchasable","11":"product-type-simple"},"_links":{"self":[{"href":"https:\/\/nordicmart.andreevmaster.com\/sv\/wp-json\/wp\/v2\/product\/17375","targetHints":{"allow":["GET"]}}],"collection":[{"href":"https:\/\/nordicmart.andreevmaster.com\/sv\/wp-json\/wp\/v2\/product"}],"about":[{"href":"https:\/\/nordicmart.andreevmaster.com\/sv\/wp-json\/wp\/v2\/types\/product"}],"replies":[{"embeddable":true,"href":"https:\/\/nordicmart.andreevmaster.com\/sv\/wp-json\/wp\/v2\/comments?post=17375"}],"wp:attachment":[{"href":"https:\/\/nordicmart.andreevmaster.com\/sv\/wp-json\/wp\/v2\/media?parent=17375"}],"wp:term":[{"taxonomy":"product_brand","embeddable":true,"href":"https:\/\/nordicmart.andreevmaster.com\/sv\/wp-json\/wp\/v2\/product_brand?post=17375"},{"taxonomy":"product_cat","embeddable":true,"href":"https:\/\/nordicmart.andreevmaster.com\/sv\/wp-json\/wp\/v2\/product_cat?post=17375"},{"taxonomy":"product_tag","embeddable":true,"href":"https:\/\/nordicmart.andreevmaster.com\/sv\/wp-json\/wp\/v2\/product_tag?post=17375"}],"curies":[{"name":"wp","href":"https:\/\/api.w.org\/{rel}","templated":true}]}}