{"id":17374,"date":"2026-02-27T00:34:46","date_gmt":"2026-02-27T00:34:46","guid":{"rendered":"https:\/\/nordicmart.andreevmaster.com\/product\/rolly-toys-rollyscraper-multi-blade-reversible-plow-niemeyer-2\/"},"modified":"2026-02-27T08:24:26","modified_gmt":"2026-02-27T08:24:26","slug":"rolly-toys-rollyscraper-multi-blade-reversible-plow-niemeyer-2","status":"publish","type":"product","link":"https:\/\/nordicmart.andreevmaster.com\/sv\/produkt\/rolly-toys-rollyscraper-multi-blade-reversible-plow-niemeyer-2\/","title":{"rendered":"Rolly Toys rollyScraper Multi-blade Reversible Plow NIEMEYER"},"content":{"rendered":"<p>Den flerbladiga plogen \u00e4r det perfekta tillbeh\u00f6ret till Rolly Toys traktorer. Det \u00e4r ett oumb\u00e4rligt verktyg f\u00f6r sm\u00e5 b\u00f6nder! Med denna leksak kan barn njuta av timmar av realistisk lek med o\u00e4ndliga scenarier. Plogen fungerar perfekt med Rolly Toys traktorer, vilket g\u00f6r den till det idealiska tillbeh\u00f6ret till leksakssetet. Tack vare sina h\u00f6gkvalitativa material och konstruktion t\u00e5l den de tuffaste \u00e4ventyren och forts\u00e4tter att fungera smidigt och precist. RollyScraper \u00e4r inte bara en fantastisk leksak, utan ocks\u00e5 ett verktyg f\u00f6r att f\u00f6rb\u00e4ttra hand-\u00f6ga-koordinationen och motoriken. <\/p>\n<p>Funktioner: <\/p>\n<p>&#8211; Metallram med sv\u00e4ngfunktion &#8211; Sex plogarmar &#8211; Tv\u00e5 hjul &#8211; Uppmuntrar barn att vara aktiva utomhus &#8211; Passar alla Rolly Toys-fordon som \u00e4r utrustade med en sl\u00e4pvagnskoppling<\/p>\n","protected":false},"excerpt":{"rendered":"<p>Den flerbladiga plogen \u00e4r det perfekta tillbeh\u00f6ret till Rolly Toys traktorer. Det \u00e4r ett oumb\u00e4rligt verktyg f\u00f6r sm\u00e5 b\u00f6nder! Med denna leksak kan barn njuta av timmar av realistisk lek med o\u00e4ndliga scenarier. Plogen fungerar perfekt med Rolly Toys traktorer, vilket g\u00f6r den till det idealiska tillbeh\u00f6ret till leksakssetet. Tack vare sina h\u00f6gkvalitativa material och [&hellip;]<\/p>\n","protected":false},"featured_media":0,"comment_status":"open","ping_status":"closed","template":"","meta":[],"product_brand":[],"product_cat":[33],"product_tag":[],"class_list":{"0":"post-17374","1":"product","2":"type-product","3":"status-publish","5":"product_cat-okategoriserad","7":"first","8":"instock","9":"shipping-taxable","10":"purchasable","11":"product-type-simple"},"_links":{"self":[{"href":"https:\/\/nordicmart.andreevmaster.com\/sv\/wp-json\/wp\/v2\/product\/17374","targetHints":{"allow":["GET"]}}],"collection":[{"href":"https:\/\/nordicmart.andreevmaster.com\/sv\/wp-json\/wp\/v2\/product"}],"about":[{"href":"https:\/\/nordicmart.andreevmaster.com\/sv\/wp-json\/wp\/v2\/types\/product"}],"replies":[{"embeddable":true,"href":"https:\/\/nordicmart.andreevmaster.com\/sv\/wp-json\/wp\/v2\/comments?post=17374"}],"wp:attachment":[{"href":"https:\/\/nordicmart.andreevmaster.com\/sv\/wp-json\/wp\/v2\/media?parent=17374"}],"wp:term":[{"taxonomy":"product_brand","embeddable":true,"href":"https:\/\/nordicmart.andreevmaster.com\/sv\/wp-json\/wp\/v2\/product_brand?post=17374"},{"taxonomy":"product_cat","embeddable":true,"href":"https:\/\/nordicmart.andreevmaster.com\/sv\/wp-json\/wp\/v2\/product_cat?post=17374"},{"taxonomy":"product_tag","embeddable":true,"href":"https:\/\/nordicmart.andreevmaster.com\/sv\/wp-json\/wp\/v2\/product_tag?post=17374"}],"curies":[{"name":"wp","href":"https:\/\/api.w.org\/{rel}","templated":true}]}}