{"id":17373,"date":"2026-02-27T00:34:46","date_gmt":"2026-02-27T00:34:46","guid":{"rendered":"https:\/\/nordicmart.andreevmaster.com\/product\/17373\/"},"modified":"2026-02-27T08:24:26","modified_gmt":"2026-02-27T08:24:26","slug":"17373","status":"publish","type":"product","link":"https:\/\/nordicmart.andreevmaster.com\/sv\/produkt\/17373\/","title":{"rendered":""},"content":{"rendered":"<p>Cambridge skivharven passar alla Rolly Toys-fordon som \u00e4r utrustade med sl\u00e4pvagnskoppling. Den perfekta presenten f\u00f6r alla tillf\u00e4llen! Ett utm\u00e4rkt leksak f\u00f6r barn som gillar att leka bonde, lantbrukare eller tr\u00e4dg\u00e5rdsm\u00e4stare.<\/p>\n<p>* Leksaken best\u00e5r av tre roterande rullar. Den har en metallkonstruktion, vilket g\u00f6r den mer h\u00e5llbar under lek.<br \/>\n* Passar Rolly Toys-traktorer som \u00e4r utrustade med sl\u00e4pvagnskoppling.* Tre roterande rullar.<br \/>\n* Metallkonstruktion.<\/p>\n<p>Rolly Toys \u00e4r ett tyskt f\u00f6retag som grundades 1938 av Franz och Rosa Schneider. Idag, efter mer \u00e4n 75 \u00e5r, drivs familjef\u00f6retaget fortfarande av den andra och tredje generationen med samma engagemang. Sedan starten har Rolly Toys m\u00e5l varit att gl\u00e4dja barn och f\u00f6r\u00e4ldrar \u00f6ver hela v\u00e4rlden med leksaker av h\u00f6gsta kvalitet.<\/p>\n","protected":false},"excerpt":{"rendered":"<p>Cambridge skivharven passar alla Rolly Toys-fordon som \u00e4r utrustade med sl\u00e4pvagnskoppling. Den perfekta presenten f\u00f6r alla tillf\u00e4llen! Ett utm\u00e4rkt leksak f\u00f6r barn som gillar att leka bonde, lantbrukare eller tr\u00e4dg\u00e5rdsm\u00e4stare. * Leksaken best\u00e5r av tre roterande rullar. Den har en metallkonstruktion, vilket g\u00f6r den mer h\u00e5llbar under lek. * Passar Rolly Toys-traktorer som \u00e4r utrustade [&hellip;]<\/p>\n","protected":false},"featured_media":0,"comment_status":"open","ping_status":"closed","template":"","meta":[],"product_brand":[],"product_cat":[33],"product_tag":[],"class_list":{"0":"post-17373","1":"product","2":"type-product","3":"status-publish","5":"product_cat-okategoriserad","7":"first","8":"instock","9":"shipping-taxable","10":"purchasable","11":"product-type-simple"},"_links":{"self":[{"href":"https:\/\/nordicmart.andreevmaster.com\/sv\/wp-json\/wp\/v2\/product\/17373","targetHints":{"allow":["GET"]}}],"collection":[{"href":"https:\/\/nordicmart.andreevmaster.com\/sv\/wp-json\/wp\/v2\/product"}],"about":[{"href":"https:\/\/nordicmart.andreevmaster.com\/sv\/wp-json\/wp\/v2\/types\/product"}],"replies":[{"embeddable":true,"href":"https:\/\/nordicmart.andreevmaster.com\/sv\/wp-json\/wp\/v2\/comments?post=17373"}],"wp:attachment":[{"href":"https:\/\/nordicmart.andreevmaster.com\/sv\/wp-json\/wp\/v2\/media?parent=17373"}],"wp:term":[{"taxonomy":"product_brand","embeddable":true,"href":"https:\/\/nordicmart.andreevmaster.com\/sv\/wp-json\/wp\/v2\/product_brand?post=17373"},{"taxonomy":"product_cat","embeddable":true,"href":"https:\/\/nordicmart.andreevmaster.com\/sv\/wp-json\/wp\/v2\/product_cat?post=17373"},{"taxonomy":"product_tag","embeddable":true,"href":"https:\/\/nordicmart.andreevmaster.com\/sv\/wp-json\/wp\/v2\/product_tag?post=17373"}],"curies":[{"name":"wp","href":"https:\/\/api.w.org\/{rel}","templated":true}]}}