{"id":17372,"date":"2026-02-27T00:34:46","date_gmt":"2026-02-27T00:34:46","guid":{"rendered":"https:\/\/nordicmart.andreevmaster.com\/product\/rolly-toys-valt-for-lantbrukstraktor\/"},"modified":"2026-02-27T08:24:25","modified_gmt":"2026-02-27T08:24:25","slug":"rolly-toys-valt-for-lantbrukstraktor","status":"publish","type":"product","link":"https:\/\/nordicmart.andreevmaster.com\/sv\/produkt\/rolly-toys-valt-for-lantbrukstraktor\/","title":{"rendered":"Rolly Toys V\u00e4lt f\u00f6r lantbrukstraktor"},"content":{"rendered":"<p>F\u00f6r v\u00e4gbyggnadsentusiaster \u2013 Rolly Toys v\u00e4lt<\/p>\n<p>* h\u00f6gkvalitativ glansig plast, l\u00e4tt att h\u00e5lla ren,<br \/>\n* stabil metallram kopplad med plastelement,<br \/>\n* passar alla Rolly Toys traktorer,<\/p>\n","protected":false},"excerpt":{"rendered":"<p>F\u00f6r v\u00e4gbyggnadsentusiaster \u2013 Rolly Toys v\u00e4lt * h\u00f6gkvalitativ glansig plast, l\u00e4tt att h\u00e5lla ren, * stabil metallram kopplad med plastelement, * passar alla Rolly Toys traktorer,<\/p>\n","protected":false},"featured_media":0,"comment_status":"open","ping_status":"closed","template":"","meta":[],"product_brand":[],"product_cat":[33],"product_tag":[],"class_list":{"0":"post-17372","1":"product","2":"type-product","3":"status-publish","5":"product_cat-okategoriserad","7":"first","8":"instock","9":"shipping-taxable","10":"purchasable","11":"product-type-simple"},"_links":{"self":[{"href":"https:\/\/nordicmart.andreevmaster.com\/sv\/wp-json\/wp\/v2\/product\/17372","targetHints":{"allow":["GET"]}}],"collection":[{"href":"https:\/\/nordicmart.andreevmaster.com\/sv\/wp-json\/wp\/v2\/product"}],"about":[{"href":"https:\/\/nordicmart.andreevmaster.com\/sv\/wp-json\/wp\/v2\/types\/product"}],"replies":[{"embeddable":true,"href":"https:\/\/nordicmart.andreevmaster.com\/sv\/wp-json\/wp\/v2\/comments?post=17372"}],"wp:attachment":[{"href":"https:\/\/nordicmart.andreevmaster.com\/sv\/wp-json\/wp\/v2\/media?parent=17372"}],"wp:term":[{"taxonomy":"product_brand","embeddable":true,"href":"https:\/\/nordicmart.andreevmaster.com\/sv\/wp-json\/wp\/v2\/product_brand?post=17372"},{"taxonomy":"product_cat","embeddable":true,"href":"https:\/\/nordicmart.andreevmaster.com\/sv\/wp-json\/wp\/v2\/product_cat?post=17372"},{"taxonomy":"product_tag","embeddable":true,"href":"https:\/\/nordicmart.andreevmaster.com\/sv\/wp-json\/wp\/v2\/product_tag?post=17372"}],"curies":[{"name":"wp","href":"https:\/\/api.w.org\/{rel}","templated":true}]}}