{"id":17371,"date":"2026-02-27T00:34:46","date_gmt":"2026-02-27T00:34:46","guid":{"rendered":"https:\/\/nordicmart.andreevmaster.com\/product\/rolly-toys-rollytrailer-tankvagn-for-traktor-brandkar-5-l\/"},"modified":"2026-02-27T08:24:25","modified_gmt":"2026-02-27T08:24:25","slug":"rolly-toys-rollytrailer-tankvagn-for-traktor-brandkar-5-l","status":"publish","type":"product","link":"https:\/\/nordicmart.andreevmaster.com\/sv\/produkt\/rolly-toys-rollytrailer-tankvagn-for-traktor-brandkar-5-l\/","title":{"rendered":"Rolly Toys rollyTrailer Tankvagn f\u00f6r traktor Brandk\u00e5r 5 l"},"content":{"rendered":"<p>Barn ser p\u00e5 v\u00e4rlden med sp\u00e4nning, s\u00e4rskilt n\u00e4r det g\u00e4ller fordon som detta, s\u00e5 det kommer utan tvekan att ge varje barn mycket gl\u00e4dje.<\/p>\n<p>Med Rolly Toys-produkter kan varje barn bygga sin egen lilla v\u00e4rld. Inspirerade av verkliga exempel och med lite fantasi kommer underbara ber\u00e4ttelser att b\u00f6rja utspela sig framf\u00f6r dina \u00f6gon. Passar alla Rolly Toys-fordon. Tankbilen kan fyllas med vatten och sedan anv\u00e4ndas med en spruta eller munstycke f\u00f6r att vattna tr\u00e4dg\u00e5rden, trottoaren etc. Det n\u00f6dv\u00e4ndiga trycket genereras av en handpump!<\/p>\n","protected":false},"excerpt":{"rendered":"<p>Barn ser p\u00e5 v\u00e4rlden med sp\u00e4nning, s\u00e4rskilt n\u00e4r det g\u00e4ller fordon som detta, s\u00e5 det kommer utan tvekan att ge varje barn mycket gl\u00e4dje. Med Rolly Toys-produkter kan varje barn bygga sin egen lilla v\u00e4rld. Inspirerade av verkliga exempel och med lite fantasi kommer underbara ber\u00e4ttelser att b\u00f6rja utspela sig framf\u00f6r dina \u00f6gon. Passar alla [&hellip;]<\/p>\n","protected":false},"featured_media":0,"comment_status":"open","ping_status":"closed","template":"","meta":[],"product_brand":[],"product_cat":[33],"product_tag":[],"class_list":{"0":"post-17371","1":"product","2":"type-product","3":"status-publish","5":"product_cat-okategoriserad","7":"first","8":"instock","9":"shipping-taxable","10":"purchasable","11":"product-type-simple"},"_links":{"self":[{"href":"https:\/\/nordicmart.andreevmaster.com\/sv\/wp-json\/wp\/v2\/product\/17371","targetHints":{"allow":["GET"]}}],"collection":[{"href":"https:\/\/nordicmart.andreevmaster.com\/sv\/wp-json\/wp\/v2\/product"}],"about":[{"href":"https:\/\/nordicmart.andreevmaster.com\/sv\/wp-json\/wp\/v2\/types\/product"}],"replies":[{"embeddable":true,"href":"https:\/\/nordicmart.andreevmaster.com\/sv\/wp-json\/wp\/v2\/comments?post=17371"}],"wp:attachment":[{"href":"https:\/\/nordicmart.andreevmaster.com\/sv\/wp-json\/wp\/v2\/media?parent=17371"}],"wp:term":[{"taxonomy":"product_brand","embeddable":true,"href":"https:\/\/nordicmart.andreevmaster.com\/sv\/wp-json\/wp\/v2\/product_brand?post=17371"},{"taxonomy":"product_cat","embeddable":true,"href":"https:\/\/nordicmart.andreevmaster.com\/sv\/wp-json\/wp\/v2\/product_cat?post=17371"},{"taxonomy":"product_tag","embeddable":true,"href":"https:\/\/nordicmart.andreevmaster.com\/sv\/wp-json\/wp\/v2\/product_tag?post=17371"}],"curies":[{"name":"wp","href":"https:\/\/api.w.org\/{rel}","templated":true}]}}