{"id":17370,"date":"2026-02-27T00:34:45","date_gmt":"2026-02-27T00:34:45","guid":{"rendered":"https:\/\/nordicmart.andreevmaster.com\/product\/rolly-toys-rollytrailer-tankbil-med-spruta-och-pump\/"},"modified":"2026-02-27T08:24:25","modified_gmt":"2026-02-27T08:24:25","slug":"rolly-toys-rollytrailer-tankbil-med-spruta-och-pump","status":"publish","type":"product","link":"https:\/\/nordicmart.andreevmaster.com\/sv\/produkt\/rolly-toys-rollytrailer-tankbil-med-spruta-och-pump\/","title":{"rendered":"Rolly Toys rollyTrailer Tankbil med spruta och pump"},"content":{"rendered":"<p>Den perfekta leksaken f\u00f6r tr\u00e4dg\u00e5rdsm\u00e4stare och st\u00e4dfreaks! Det perfekta tillbeh\u00f6ret till alla Rolly Toys-traktorer. Noggrant tillverkad med omsorg om minsta detalj.<\/p>\n<p>* Tanken kan fyllas med vatten och sedan anv\u00e4ndas f\u00f6r att vattna tr\u00e4dg\u00e5rden eller uppfarten med sprutan och handpumpen.<br \/>\n* Fram p\u00e5 trailern finns ett speciellt extra nedf\u00e4llbart hjul som f\u00f6rhindrar att trailern v\u00e4lter n\u00e4r den kopplas bort fr\u00e5n traktorn.<br \/>\n* Passar alla Rolly Toys-fordon.<br \/>\n* Kapacitet 30 l.<\/p>\n","protected":false},"excerpt":{"rendered":"<p>Den perfekta leksaken f\u00f6r tr\u00e4dg\u00e5rdsm\u00e4stare och st\u00e4dfreaks! Det perfekta tillbeh\u00f6ret till alla Rolly Toys-traktorer. Noggrant tillverkad med omsorg om minsta detalj. * Tanken kan fyllas med vatten och sedan anv\u00e4ndas f\u00f6r att vattna tr\u00e4dg\u00e5rden eller uppfarten med sprutan och handpumpen. * Fram p\u00e5 trailern finns ett speciellt extra nedf\u00e4llbart hjul som f\u00f6rhindrar att trailern v\u00e4lter [&hellip;]<\/p>\n","protected":false},"featured_media":0,"comment_status":"open","ping_status":"closed","template":"","meta":[],"product_brand":[],"product_cat":[33],"product_tag":[],"class_list":{"0":"post-17370","1":"product","2":"type-product","3":"status-publish","5":"product_cat-okategoriserad","7":"first","8":"instock","9":"shipping-taxable","10":"purchasable","11":"product-type-simple"},"_links":{"self":[{"href":"https:\/\/nordicmart.andreevmaster.com\/sv\/wp-json\/wp\/v2\/product\/17370","targetHints":{"allow":["GET"]}}],"collection":[{"href":"https:\/\/nordicmart.andreevmaster.com\/sv\/wp-json\/wp\/v2\/product"}],"about":[{"href":"https:\/\/nordicmart.andreevmaster.com\/sv\/wp-json\/wp\/v2\/types\/product"}],"replies":[{"embeddable":true,"href":"https:\/\/nordicmart.andreevmaster.com\/sv\/wp-json\/wp\/v2\/comments?post=17370"}],"wp:attachment":[{"href":"https:\/\/nordicmart.andreevmaster.com\/sv\/wp-json\/wp\/v2\/media?parent=17370"}],"wp:term":[{"taxonomy":"product_brand","embeddable":true,"href":"https:\/\/nordicmart.andreevmaster.com\/sv\/wp-json\/wp\/v2\/product_brand?post=17370"},{"taxonomy":"product_cat","embeddable":true,"href":"https:\/\/nordicmart.andreevmaster.com\/sv\/wp-json\/wp\/v2\/product_cat?post=17370"},{"taxonomy":"product_tag","embeddable":true,"href":"https:\/\/nordicmart.andreevmaster.com\/sv\/wp-json\/wp\/v2\/product_tag?post=17370"}],"curies":[{"name":"wp","href":"https:\/\/api.w.org\/{rel}","templated":true}]}}