{"id":17368,"date":"2026-02-27T00:34:45","date_gmt":"2026-02-27T00:34:45","guid":{"rendered":"https:\/\/nordicmart.andreevmaster.com\/product\/feber-fantasy-pink-childrens-garden-house-2\/"},"modified":"2026-02-27T08:24:25","modified_gmt":"2026-02-27T08:24:25","slug":"feber-fantasy-pink-childrens-garden-house-2","status":"publish","type":"product","link":"https:\/\/nordicmart.andreevmaster.com\/sv\/produkt\/feber-fantasy-pink-childrens-garden-house-2\/","title":{"rendered":"FEBER Fantasy Pink Children&#8217;s Garden House"},"content":{"rendered":"<p>Fantasy tr\u00e4dg\u00e5rdslekstuga med rymligt interi\u00f6r f\u00f6r kreativa lekar. Tillverkad med den senaste tekniken och enligt h\u00f6gsta s\u00e4kerhetsstandarder. Entr\u00e9d\u00f6rren \u00e4r utrustad med en \u00f6ppning som fungerar som brevl\u00e5da. En funktionell och realistisk lekstuga med v\u00e5r-tema. Hela lekstugan \u00e4r tillverkad av f\u00e4rgglad plast som \u00e4r motst\u00e5ndskraftig mot solljus och temperatur. Feber lekstugan \u00e4r extremt enkel att montera. Ditt barns gl\u00e4dje \u00e4r ov\u00e4rderlig!<\/p>\n<p>Egenskaper:<\/p>\n<p>* &#8211; \u00f6ppningsbar d\u00f6rr,<br \/>\n* &#8211; brevl\u00e5da i d\u00f6rren,<br \/>\n* &#8211; enkel och snabb montering,<br \/>\n* &#8211; h\u00e5llbar, stabil och t\u00e5lig,<br \/>\n* &#8211; helt tillverkad av h\u00e5llbar och stabil plast med en UV-skyddande bel\u00e4ggning som skyddar f\u00e4rgerna fr\u00e5n att blekna.<\/p>\n<p>Leksaken utvecklar:<\/p>\n<p>* &#8211; utvecklar fantasin,<br \/>\n* &#8211; uppmuntrar till rollspel,<br \/>\n* &#8211; formar kreativiteten,<br \/>\n* &#8211; l\u00e4r ut samarbete med andra barn.<\/p>\n<p>FEBER-leksakerna omfattar: tr\u00e4dg\u00e5rdsleksaker, gungor, lekplatser, rutschkanor och vattenrutschkanor, trehjulingar och mycket annat. FEBER-leksakerna \u00e4r certifierade enligt AENOR ISO 9001, ISO 14001 och OSHAS18001, vilket intygar excellensen och kvaliteten i alla processer som r\u00f6r leksakstillverkning: fr\u00e5n design och produktion till service.<\/p>\n","protected":false},"excerpt":{"rendered":"<p>Fantasy tr\u00e4dg\u00e5rdslekstuga med rymligt interi\u00f6r f\u00f6r kreativa lekar. Tillverkad med den senaste tekniken och enligt h\u00f6gsta s\u00e4kerhetsstandarder. Entr\u00e9d\u00f6rren \u00e4r utrustad med en \u00f6ppning som fungerar som brevl\u00e5da. En funktionell och realistisk lekstuga med v\u00e5r-tema. Hela lekstugan \u00e4r tillverkad av f\u00e4rgglad plast som \u00e4r motst\u00e5ndskraftig mot solljus och temperatur. Feber lekstugan \u00e4r extremt enkel att montera. [&hellip;]<\/p>\n","protected":false},"featured_media":0,"comment_status":"open","ping_status":"closed","template":"","meta":[],"product_brand":[],"product_cat":[33],"product_tag":[],"class_list":{"0":"post-17368","1":"product","2":"type-product","3":"status-publish","5":"product_cat-okategoriserad","7":"first","8":"instock","9":"shipping-taxable","10":"purchasable","11":"product-type-simple"},"_links":{"self":[{"href":"https:\/\/nordicmart.andreevmaster.com\/sv\/wp-json\/wp\/v2\/product\/17368","targetHints":{"allow":["GET"]}}],"collection":[{"href":"https:\/\/nordicmart.andreevmaster.com\/sv\/wp-json\/wp\/v2\/product"}],"about":[{"href":"https:\/\/nordicmart.andreevmaster.com\/sv\/wp-json\/wp\/v2\/types\/product"}],"replies":[{"embeddable":true,"href":"https:\/\/nordicmart.andreevmaster.com\/sv\/wp-json\/wp\/v2\/comments?post=17368"}],"wp:attachment":[{"href":"https:\/\/nordicmart.andreevmaster.com\/sv\/wp-json\/wp\/v2\/media?parent=17368"}],"wp:term":[{"taxonomy":"product_brand","embeddable":true,"href":"https:\/\/nordicmart.andreevmaster.com\/sv\/wp-json\/wp\/v2\/product_brand?post=17368"},{"taxonomy":"product_cat","embeddable":true,"href":"https:\/\/nordicmart.andreevmaster.com\/sv\/wp-json\/wp\/v2\/product_cat?post=17368"},{"taxonomy":"product_tag","embeddable":true,"href":"https:\/\/nordicmart.andreevmaster.com\/sv\/wp-json\/wp\/v2\/product_tag?post=17368"}],"curies":[{"name":"wp","href":"https:\/\/api.w.org\/{rel}","templated":true}]}}