{"id":17367,"date":"2026-02-27T00:34:44","date_gmt":"2026-02-27T00:34:44","guid":{"rendered":"https:\/\/nordicmart.andreevmaster.com\/product\/rolly-toys-rollytrailer-claas-halfpipe-tippvagn\/"},"modified":"2026-02-27T08:24:24","modified_gmt":"2026-02-27T08:24:24","slug":"rolly-toys-rollytrailer-claas-halfpipe-tippvagn","status":"publish","type":"product","link":"https:\/\/nordicmart.andreevmaster.com\/sv\/produkt\/rolly-toys-rollytrailer-claas-halfpipe-tippvagn\/","title":{"rendered":"Rolly Toys rollyTrailer CLAAS Halfpipe tippvagn"},"content":{"rendered":"<p>Rolly Toys Halfpipe Claas tippvagn Den \u00e4r stabil tack vare sina tv\u00e5 hjulaxlar. Den passar alla Rolly Toys-fordon.<\/p>\n<p>Denna vagn passar alla ROLLY TOYS-traktorer. Ett utm\u00e4rkt tillbeh\u00f6r till alla fordon.<\/p>\n<p>Leksaken har en dubbel axel f\u00f6r stabilitet och en lyftmekanism f\u00f6r enkel lossning. Rolly Toys \u00e4r ett tyskt f\u00f6retag som grundades 1938 av Franz och Rosa Schneider. Idag, efter mer \u00e4n 75 \u00e5r, drivs familjef\u00f6retaget fortfarande av den andra och tredje generationen med samma engagemang. Sedan starten har Rolly Toys m\u00e5l varit att gl\u00e4dja barn och f\u00f6r\u00e4ldrar \u00f6ver hela v\u00e4rlden med leksaker av h\u00f6gsta kvalitet.<\/p>\n","protected":false},"excerpt":{"rendered":"<p>Rolly Toys Halfpipe Claas tippvagn Den \u00e4r stabil tack vare sina tv\u00e5 hjulaxlar. Den passar alla Rolly Toys-fordon. Denna vagn passar alla ROLLY TOYS-traktorer. Ett utm\u00e4rkt tillbeh\u00f6r till alla fordon. Leksaken har en dubbel axel f\u00f6r stabilitet och en lyftmekanism f\u00f6r enkel lossning. Rolly Toys \u00e4r ett tyskt f\u00f6retag som grundades 1938 av Franz och [&hellip;]<\/p>\n","protected":false},"featured_media":0,"comment_status":"open","ping_status":"closed","template":"","meta":[],"product_brand":[],"product_cat":[33],"product_tag":[],"class_list":{"0":"post-17367","1":"product","2":"type-product","3":"status-publish","5":"product_cat-okategoriserad","7":"first","8":"instock","9":"shipping-taxable","10":"purchasable","11":"product-type-simple"},"_links":{"self":[{"href":"https:\/\/nordicmart.andreevmaster.com\/sv\/wp-json\/wp\/v2\/product\/17367","targetHints":{"allow":["GET"]}}],"collection":[{"href":"https:\/\/nordicmart.andreevmaster.com\/sv\/wp-json\/wp\/v2\/product"}],"about":[{"href":"https:\/\/nordicmart.andreevmaster.com\/sv\/wp-json\/wp\/v2\/types\/product"}],"replies":[{"embeddable":true,"href":"https:\/\/nordicmart.andreevmaster.com\/sv\/wp-json\/wp\/v2\/comments?post=17367"}],"wp:attachment":[{"href":"https:\/\/nordicmart.andreevmaster.com\/sv\/wp-json\/wp\/v2\/media?parent=17367"}],"wp:term":[{"taxonomy":"product_brand","embeddable":true,"href":"https:\/\/nordicmart.andreevmaster.com\/sv\/wp-json\/wp\/v2\/product_brand?post=17367"},{"taxonomy":"product_cat","embeddable":true,"href":"https:\/\/nordicmart.andreevmaster.com\/sv\/wp-json\/wp\/v2\/product_cat?post=17367"},{"taxonomy":"product_tag","embeddable":true,"href":"https:\/\/nordicmart.andreevmaster.com\/sv\/wp-json\/wp\/v2\/product_tag?post=17367"}],"curies":[{"name":"wp","href":"https:\/\/api.w.org\/{rel}","templated":true}]}}