{"id":17366,"date":"2026-02-27T00:34:44","date_gmt":"2026-02-27T00:34:44","guid":{"rendered":"https:\/\/nordicmart.andreevmaster.com\/product\/rolly-toys-rollytrailer-mega-trailer-traktorvagn\/"},"modified":"2026-02-27T08:24:24","modified_gmt":"2026-02-27T08:24:24","slug":"rolly-toys-rollytrailer-mega-trailer-traktorvagn","status":"publish","type":"product","link":"https:\/\/nordicmart.andreevmaster.com\/sv\/produkt\/rolly-toys-rollytrailer-mega-trailer-traktorvagn\/","title":{"rendered":"Rolly Toys rollyTrailer Mega Trailer Traktorvagn"},"content":{"rendered":"<p>Rolly Toys 2-axlad tippvagn, gr\u00f6n Vagnen med tippfunktion p\u00e5 tre sidor \u00e4r stabil. Den har robusta hjul, s\u00e5 din lilla kan transportera m\u00e5nga saker i den. Passar alla Rolly Toys-fordon utom modellerna rollyKids och rollyDumperKid. Passar alla Rolly Toys-fordon. <\/p>\n<p>Rolly Toys \u00e4r ett tyskt f\u00f6retag som grundades 1938 av Franz och Rosa Schneider. Idag, efter mer \u00e4n 75 \u00e5r, drivs familjef\u00f6retaget fortfarande av den andra och tredje generationen med samma engagemang. Sedan starten har Rolly Toys m\u00e5l varit att gl\u00e4dja barn och f\u00f6r\u00e4ldrar \u00f6ver hela v\u00e4rlden med leksaker av h\u00f6gsta kvalitet.<\/p>\n","protected":false},"excerpt":{"rendered":"<p>Rolly Toys 2-axlad tippvagn, gr\u00f6n Vagnen med tippfunktion p\u00e5 tre sidor \u00e4r stabil. Den har robusta hjul, s\u00e5 din lilla kan transportera m\u00e5nga saker i den. Passar alla Rolly Toys-fordon utom modellerna rollyKids och rollyDumperKid. Passar alla Rolly Toys-fordon. Rolly Toys \u00e4r ett tyskt f\u00f6retag som grundades 1938 av Franz och Rosa Schneider. Idag, efter [&hellip;]<\/p>\n","protected":false},"featured_media":0,"comment_status":"open","ping_status":"closed","template":"","meta":[],"product_brand":[],"product_cat":[33],"product_tag":[],"class_list":{"0":"post-17366","1":"product","2":"type-product","3":"status-publish","5":"product_cat-okategoriserad","7":"first","8":"instock","9":"shipping-taxable","10":"purchasable","11":"product-type-simple"},"_links":{"self":[{"href":"https:\/\/nordicmart.andreevmaster.com\/sv\/wp-json\/wp\/v2\/product\/17366","targetHints":{"allow":["GET"]}}],"collection":[{"href":"https:\/\/nordicmart.andreevmaster.com\/sv\/wp-json\/wp\/v2\/product"}],"about":[{"href":"https:\/\/nordicmart.andreevmaster.com\/sv\/wp-json\/wp\/v2\/types\/product"}],"replies":[{"embeddable":true,"href":"https:\/\/nordicmart.andreevmaster.com\/sv\/wp-json\/wp\/v2\/comments?post=17366"}],"wp:attachment":[{"href":"https:\/\/nordicmart.andreevmaster.com\/sv\/wp-json\/wp\/v2\/media?parent=17366"}],"wp:term":[{"taxonomy":"product_brand","embeddable":true,"href":"https:\/\/nordicmart.andreevmaster.com\/sv\/wp-json\/wp\/v2\/product_brand?post=17366"},{"taxonomy":"product_cat","embeddable":true,"href":"https:\/\/nordicmart.andreevmaster.com\/sv\/wp-json\/wp\/v2\/product_cat?post=17366"},{"taxonomy":"product_tag","embeddable":true,"href":"https:\/\/nordicmart.andreevmaster.com\/sv\/wp-json\/wp\/v2\/product_tag?post=17366"}],"curies":[{"name":"wp","href":"https:\/\/api.w.org\/{rel}","templated":true}]}}