{"id":17364,"date":"2026-02-27T00:34:44","date_gmt":"2026-02-27T00:34:44","guid":{"rendered":"https:\/\/nordicmart.andreevmaster.com\/product\/rolly-toys-rollytrailer-traktorslap-med-oppningsbara-sidor\/"},"modified":"2026-02-27T08:24:24","modified_gmt":"2026-02-27T08:24:24","slug":"rolly-toys-rollytrailer-traktorslap-med-oppningsbara-sidor","status":"publish","type":"product","link":"https:\/\/nordicmart.andreevmaster.com\/sv\/produkt\/rolly-toys-rollytrailer-traktorslap-med-oppningsbara-sidor\/","title":{"rendered":"Rolly Toys rollyTrailer Traktorsl\u00e4p med \u00f6ppningsbara sidor"},"content":{"rendered":"<p>Det r\u00f6da och gr\u00e5 sl\u00e4pet med \u00f6ppningsbara sidor \u00e4r det perfekta tillbeh\u00f6ret till Rolly Toys traktor.<br \/>\n* har nedf\u00e4llbara sidor<br \/>\n* Enkelaxlad sl\u00e4pvagn<br \/>\n* passar alla Rolly Toys-traktorer som \u00e4r utrustade med sl\u00e4pvagnskoppling<br \/>\n* M\u00e5tt: l\u00e4ngd: 62 cm, bredd: 46 cm, h\u00f6jd: 37 cm<br \/>\n* Produktvikt: 3,1 kg<\/p>\n<p>Rolly Toys \u00e4r ett tyskt f\u00f6retag som grundades 1938 av Franz och Rosa Schneider. Idag, efter mer \u00e4n 75 \u00e5r, drivs familjef\u00f6retaget fortfarande av den andra och tredje generationen med samma engagemang. Sedan starten har Rolly Toys m\u00e5l varit att gl\u00e4dja barn och f\u00f6r\u00e4ldrar \u00f6ver hela v\u00e4rlden med leksaker av h\u00f6gsta kvalitet.<\/p>\n","protected":false},"excerpt":{"rendered":"<p>Det r\u00f6da och gr\u00e5 sl\u00e4pet med \u00f6ppningsbara sidor \u00e4r det perfekta tillbeh\u00f6ret till Rolly Toys traktor. * har nedf\u00e4llbara sidor * Enkelaxlad sl\u00e4pvagn * passar alla Rolly Toys-traktorer som \u00e4r utrustade med sl\u00e4pvagnskoppling * M\u00e5tt: l\u00e4ngd: 62 cm, bredd: 46 cm, h\u00f6jd: 37 cm * Produktvikt: 3,1 kg Rolly Toys \u00e4r ett tyskt f\u00f6retag som [&hellip;]<\/p>\n","protected":false},"featured_media":0,"comment_status":"open","ping_status":"closed","template":"","meta":[],"product_brand":[],"product_cat":[33],"product_tag":[],"class_list":{"0":"post-17364","1":"product","2":"type-product","3":"status-publish","5":"product_cat-okategoriserad","7":"first","8":"instock","9":"shipping-taxable","10":"purchasable","11":"product-type-simple"},"_links":{"self":[{"href":"https:\/\/nordicmart.andreevmaster.com\/sv\/wp-json\/wp\/v2\/product\/17364","targetHints":{"allow":["GET"]}}],"collection":[{"href":"https:\/\/nordicmart.andreevmaster.com\/sv\/wp-json\/wp\/v2\/product"}],"about":[{"href":"https:\/\/nordicmart.andreevmaster.com\/sv\/wp-json\/wp\/v2\/types\/product"}],"replies":[{"embeddable":true,"href":"https:\/\/nordicmart.andreevmaster.com\/sv\/wp-json\/wp\/v2\/comments?post=17364"}],"wp:attachment":[{"href":"https:\/\/nordicmart.andreevmaster.com\/sv\/wp-json\/wp\/v2\/media?parent=17364"}],"wp:term":[{"taxonomy":"product_brand","embeddable":true,"href":"https:\/\/nordicmart.andreevmaster.com\/sv\/wp-json\/wp\/v2\/product_brand?post=17364"},{"taxonomy":"product_cat","embeddable":true,"href":"https:\/\/nordicmart.andreevmaster.com\/sv\/wp-json\/wp\/v2\/product_cat?post=17364"},{"taxonomy":"product_tag","embeddable":true,"href":"https:\/\/nordicmart.andreevmaster.com\/sv\/wp-json\/wp\/v2\/product_tag?post=17364"}],"curies":[{"name":"wp","href":"https:\/\/api.w.org\/{rel}","templated":true}]}}