{"id":17363,"date":"2026-02-27T00:34:44","date_gmt":"2026-02-27T00:34:44","guid":{"rendered":"https:\/\/nordicmart.andreevmaster.com\/product\/minigitarr-15-cm-bmg-042-slash-stil\/"},"modified":"2026-02-27T08:24:23","modified_gmt":"2026-02-27T08:24:23","slug":"minigitarr-15-cm-bmg-042-slash-stil","status":"publish","type":"product","link":"https:\/\/nordicmart.andreevmaster.com\/sv\/produkt\/minigitarr-15-cm-bmg-042-slash-stil\/","title":{"rendered":"Minigitarr 15 cm \u2013 BMG-042 \u2013 Slash-stil"},"content":{"rendered":"<p>Minigitarr 15 cm \u2013 BMG-042 \u2013 Slash-stil&nbsp;&nbsp;&nbsp;&nbsp;Denna minigitarr \u00e4r handgjord av mahognytr\u00e4. Gitarren \u00e4r inte en leksak. Den kan inte spelas.&nbsp;&nbsp;Produktinformation:&nbsp;M\u00e5tt: 15,5 x 6 x 0,4 cmSkala: 1:6Material: mahognytr\u00e4F\u00e4rg: svart, vitt, bruntLevereras med ett stativ i plast och metall f\u00f6r att st\u00e4lla gitarren p\u00e5&nbsp;Mini Slash-gitarren \u00e4r perfekt som:&nbsp;present till en gitarristpresent till en rockfan&nbsp;&nbsp;Observera att s\u00e4ljaren inte p\u00e5 n\u00e5got s\u00e4tt \u00e4r knuten till tillverkarna av de faktiska instrumenten eller de enskilda artisterna. Namnen p\u00e5 modeller eller artister \u00e4r exempel. De v\u00e4lk\u00e4nda namnen anv\u00e4nds endast f\u00f6r att visa en viss musikstil. Inget av instrumenten \u00e4r en trogen kopia vad g\u00e4ller proportioner, storlek och design.&nbsp;<\/p>\n","protected":false},"excerpt":{"rendered":"<p>Minigitarr 15 cm \u2013 BMG-042 \u2013 Slash-stil&nbsp;&nbsp;&nbsp;&nbsp;Denna minigitarr \u00e4r handgjord av mahognytr\u00e4. Gitarren \u00e4r inte en leksak. Den kan inte spelas.&nbsp;&nbsp;Produktinformation:&nbsp;M\u00e5tt: 15,5 x 6 x 0,4 cmSkala: 1:6Material: mahognytr\u00e4F\u00e4rg: svart, vitt, bruntLevereras med ett stativ i plast och metall f\u00f6r att st\u00e4lla gitarren p\u00e5&nbsp;Mini Slash-gitarren \u00e4r perfekt som:&nbsp;present till en gitarristpresent till en rockfan&nbsp;&nbsp;Observera att [&hellip;]<\/p>\n","protected":false},"featured_media":44772,"comment_status":"open","ping_status":"closed","template":"","meta":[],"product_brand":[],"product_cat":[33],"product_tag":[],"class_list":{"0":"post-17363","1":"product","2":"type-product","3":"status-publish","4":"has-post-thumbnail","6":"product_cat-okategoriserad","8":"first","9":"instock","10":"shipping-taxable","11":"purchasable","12":"product-type-simple"},"_links":{"self":[{"href":"https:\/\/nordicmart.andreevmaster.com\/sv\/wp-json\/wp\/v2\/product\/17363","targetHints":{"allow":["GET"]}}],"collection":[{"href":"https:\/\/nordicmart.andreevmaster.com\/sv\/wp-json\/wp\/v2\/product"}],"about":[{"href":"https:\/\/nordicmart.andreevmaster.com\/sv\/wp-json\/wp\/v2\/types\/product"}],"replies":[{"embeddable":true,"href":"https:\/\/nordicmart.andreevmaster.com\/sv\/wp-json\/wp\/v2\/comments?post=17363"}],"wp:featuredmedia":[{"embeddable":true,"href":"https:\/\/nordicmart.andreevmaster.com\/sv\/wp-json\/wp\/v2\/media\/44772"}],"wp:attachment":[{"href":"https:\/\/nordicmart.andreevmaster.com\/sv\/wp-json\/wp\/v2\/media?parent=17363"}],"wp:term":[{"taxonomy":"product_brand","embeddable":true,"href":"https:\/\/nordicmart.andreevmaster.com\/sv\/wp-json\/wp\/v2\/product_brand?post=17363"},{"taxonomy":"product_cat","embeddable":true,"href":"https:\/\/nordicmart.andreevmaster.com\/sv\/wp-json\/wp\/v2\/product_cat?post=17363"},{"taxonomy":"product_tag","embeddable":true,"href":"https:\/\/nordicmart.andreevmaster.com\/sv\/wp-json\/wp\/v2\/product_tag?post=17363"}],"curies":[{"name":"wp","href":"https:\/\/api.w.org\/{rel}","templated":true}]}}