{"id":17362,"date":"2026-02-27T00:34:43","date_gmt":"2026-02-27T00:34:43","guid":{"rendered":"https:\/\/nordicmart.andreevmaster.com\/product\/minigitarr-15-cm-i-stil-med-e-clapton-bmg-030\/"},"modified":"2026-02-27T08:24:23","modified_gmt":"2026-02-27T08:24:23","slug":"minigitarr-15-cm-i-stil-med-e-clapton-bmg-030","status":"publish","type":"product","link":"https:\/\/nordicmart.andreevmaster.com\/sv\/produkt\/minigitarr-15-cm-i-stil-med-e-clapton-bmg-030\/","title":{"rendered":"Minigitarr 15 cm i stil med E. Clapton \u2013 BMG-030"},"content":{"rendered":"<p>Minigitarr 15 cm i stil med E. Clapton &#8211; BMG-030 &nbsp;&nbsp;Minigitarr 15 cm &#8211; BMG-030 i stil med E. Clapton \u00e4r en miniatyrversion av det ber\u00f6mda instrumentet som kommer att gl\u00e4dja alla gitarrfans. Den passar perfekt p\u00e5 en hylla, ett skrivbord eller i en vitrin. Den levereras med ett praktiskt stativ. Detta \u00e4r en utm\u00e4rkt id\u00e9 f\u00f6r en liten present till en musik\u00e4lskare.&nbsp;&nbsp;Produktinformation:&nbsp;Minigitarr tillverkad av tr\u00e4, handm\u00e5ladBlisterf\u00f6rpackningM\u00e5tt: 15,5 x 6 x 0,4 cm Plaststativ ing\u00e5rTillverkad i skala 1:6Samlarobjekt&nbsp;&nbsp;Observera att produkten inte \u00e4r en leksak. Det \u00e4r inte en formell kopia av instrumentet. S\u00e4ljaren har ingen anknytning till tillverkare av riktiga instrument eller enskilda artister. Namnen p\u00e5 modeller eller artister \u00e4r exempel. Inget av instrumenten \u00e4r en trogen kopia vad g\u00e4ller proportioner, storlek och design.<\/p>\n","protected":false},"excerpt":{"rendered":"<p>Minigitarr 15 cm i stil med E. Clapton &#8211; BMG-030 &nbsp;&nbsp;Minigitarr 15 cm &#8211; BMG-030 i stil med E. Clapton \u00e4r en miniatyrversion av det ber\u00f6mda instrumentet som kommer att gl\u00e4dja alla gitarrfans. Den passar perfekt p\u00e5 en hylla, ett skrivbord eller i en vitrin. Den levereras med ett praktiskt stativ. Detta \u00e4r en utm\u00e4rkt [&hellip;]<\/p>\n","protected":false},"featured_media":44771,"comment_status":"open","ping_status":"closed","template":"","meta":[],"product_brand":[],"product_cat":[33],"product_tag":[],"class_list":{"0":"post-17362","1":"product","2":"type-product","3":"status-publish","4":"has-post-thumbnail","6":"product_cat-okategoriserad","8":"first","9":"instock","10":"shipping-taxable","11":"purchasable","12":"product-type-simple"},"_links":{"self":[{"href":"https:\/\/nordicmart.andreevmaster.com\/sv\/wp-json\/wp\/v2\/product\/17362","targetHints":{"allow":["GET"]}}],"collection":[{"href":"https:\/\/nordicmart.andreevmaster.com\/sv\/wp-json\/wp\/v2\/product"}],"about":[{"href":"https:\/\/nordicmart.andreevmaster.com\/sv\/wp-json\/wp\/v2\/types\/product"}],"replies":[{"embeddable":true,"href":"https:\/\/nordicmart.andreevmaster.com\/sv\/wp-json\/wp\/v2\/comments?post=17362"}],"wp:featuredmedia":[{"embeddable":true,"href":"https:\/\/nordicmart.andreevmaster.com\/sv\/wp-json\/wp\/v2\/media\/44771"}],"wp:attachment":[{"href":"https:\/\/nordicmart.andreevmaster.com\/sv\/wp-json\/wp\/v2\/media?parent=17362"}],"wp:term":[{"taxonomy":"product_brand","embeddable":true,"href":"https:\/\/nordicmart.andreevmaster.com\/sv\/wp-json\/wp\/v2\/product_brand?post=17362"},{"taxonomy":"product_cat","embeddable":true,"href":"https:\/\/nordicmart.andreevmaster.com\/sv\/wp-json\/wp\/v2\/product_cat?post=17362"},{"taxonomy":"product_tag","embeddable":true,"href":"https:\/\/nordicmart.andreevmaster.com\/sv\/wp-json\/wp\/v2\/product_tag?post=17362"}],"curies":[{"name":"wp","href":"https:\/\/api.w.org\/{rel}","templated":true}]}}