{"id":17359,"date":"2026-02-27T00:34:42","date_gmt":"2026-02-27T00:34:42","guid":{"rendered":"https:\/\/nordicmart.andreevmaster.com\/product\/minigitarr-15-cm-sting-bmg-022\/"},"modified":"2026-02-27T08:24:23","modified_gmt":"2026-02-27T08:24:23","slug":"minigitarr-15-cm-sting-bmg-022","status":"publish","type":"product","link":"https:\/\/nordicmart.andreevmaster.com\/sv\/produkt\/minigitarr-15-cm-sting-bmg-022\/","title":{"rendered":"Minigitarr 15 cm \u2013 Sting \u2013 BMG-022"},"content":{"rendered":"<p>Minigitarr 15 cm &#8211; BMG-022&nbsp;&nbsp;F\u00e5 en bit rock&#8217;n&#8217;roll till din samling! Vi presenterar en minigitarr inspirerad av den ikoniska Les Paul-modellen, handgjord av h\u00f6gkvalitativt mahognytr\u00e4. Det \u00e4r inte bara en perfekt replika, utan ocks\u00e5 ett unikt samlarobjekt som kommer att gl\u00e4dja alla musik\u00e4lskare. Kompakta m\u00e5tt och omsorg om detaljerna g\u00f6r denna minigitarr till en riktig p\u00e4rla f\u00f6r rockfans.&nbsp;Produktinformation:&nbsp;Minigitarr \u2013 handgjord av mahognytr\u00e4M\u00e5tt: 15,5 x 6 x 0,4 cm, skala 1:6Gitarrstativ ing\u00e5rDenna gitarr \u00e4r ett samlarobjekt, inte en leksak. Gitarren kan inte spelas. Den \u00e4r en dekorativ produkt. Blisterf\u00f6rpackning&nbsp;&nbsp;Observera! Minigitarren \u00e4r inte en exakt kopia av denna artists gitarr. Den \u00e5terspeglar endast en viss stil av musikskapande. S\u00e4ljaren har ingen koppling till artisten.&nbsp;&nbsp;&nbsp;<\/p>\n","protected":false},"excerpt":{"rendered":"<p>Minigitarr 15 cm &#8211; BMG-022&nbsp;&nbsp;F\u00e5 en bit rock&#8217;n&#8217;roll till din samling! Vi presenterar en minigitarr inspirerad av den ikoniska Les Paul-modellen, handgjord av h\u00f6gkvalitativt mahognytr\u00e4. Det \u00e4r inte bara en perfekt replika, utan ocks\u00e5 ett unikt samlarobjekt som kommer att gl\u00e4dja alla musik\u00e4lskare. Kompakta m\u00e5tt och omsorg om detaljerna g\u00f6r denna minigitarr till en riktig [&hellip;]<\/p>\n","protected":false},"featured_media":44768,"comment_status":"open","ping_status":"closed","template":"","meta":[],"product_brand":[],"product_cat":[33],"product_tag":[],"class_list":{"0":"post-17359","1":"product","2":"type-product","3":"status-publish","4":"has-post-thumbnail","6":"product_cat-okategoriserad","8":"first","9":"instock","10":"shipping-taxable","11":"purchasable","12":"product-type-simple"},"_links":{"self":[{"href":"https:\/\/nordicmart.andreevmaster.com\/sv\/wp-json\/wp\/v2\/product\/17359","targetHints":{"allow":["GET"]}}],"collection":[{"href":"https:\/\/nordicmart.andreevmaster.com\/sv\/wp-json\/wp\/v2\/product"}],"about":[{"href":"https:\/\/nordicmart.andreevmaster.com\/sv\/wp-json\/wp\/v2\/types\/product"}],"replies":[{"embeddable":true,"href":"https:\/\/nordicmart.andreevmaster.com\/sv\/wp-json\/wp\/v2\/comments?post=17359"}],"wp:featuredmedia":[{"embeddable":true,"href":"https:\/\/nordicmart.andreevmaster.com\/sv\/wp-json\/wp\/v2\/media\/44768"}],"wp:attachment":[{"href":"https:\/\/nordicmart.andreevmaster.com\/sv\/wp-json\/wp\/v2\/media?parent=17359"}],"wp:term":[{"taxonomy":"product_brand","embeddable":true,"href":"https:\/\/nordicmart.andreevmaster.com\/sv\/wp-json\/wp\/v2\/product_brand?post=17359"},{"taxonomy":"product_cat","embeddable":true,"href":"https:\/\/nordicmart.andreevmaster.com\/sv\/wp-json\/wp\/v2\/product_cat?post=17359"},{"taxonomy":"product_tag","embeddable":true,"href":"https:\/\/nordicmart.andreevmaster.com\/sv\/wp-json\/wp\/v2\/product_tag?post=17359"}],"curies":[{"name":"wp","href":"https:\/\/api.w.org\/{rel}","templated":true}]}}