{"id":17358,"date":"2026-02-27T00:34:42","date_gmt":"2026-02-27T00:34:42","guid":{"rendered":"https:\/\/nordicmart.andreevmaster.com\/product\/minigitarr-15-cm-bmg-020-jimmy-page-stil\/"},"modified":"2026-02-27T08:24:22","modified_gmt":"2026-02-27T08:24:22","slug":"minigitarr-15-cm-bmg-020-jimmy-page-stil","status":"publish","type":"product","link":"https:\/\/nordicmart.andreevmaster.com\/sv\/produkt\/minigitarr-15-cm-bmg-020-jimmy-page-stil\/","title":{"rendered":"Minigitarr 15 cm \u2013 BMG-020 Jimmy Page-stil"},"content":{"rendered":"<p>Minigitarr 15 cm \u2013 BMG-020 Jimmy Page-stil&nbsp;Minigitarren \u00e4r inspirerad av rockgitarristen Jimmy Page och hans dubbelhalsade Gibson och kommer att tilltala fans av det legendariska bandet Led Zeppelin. Gitarren \u00e4r en fantastisk musikpryl f\u00f6r Zeppelin-fans, \u00e4lskare av rockklassiker och musiker. Den passar perfekt i din skivsamling eller p\u00e5 en musik\u00e4lskares byr\u00e5.&nbsp;Minigitarren \u00e4r handgjord av mahognytr\u00e4. Samlarobjekt. Gitarren \u00e4r inte en leksak. Kan inte spelas.&nbsp;Minigitarr 15 cm \u2013 Jimmy Page-stil BMG-020 specifikation:&nbsp;&bull; M\u00e5tt: 15,5 x 6 x 0,4 cm&bull; Skala: 1:6&bull; Material: mahogny&bull; F\u00e4rg: brun, svart&bull; Setet inneh\u00e5ller ett plast- och metallstativ f\u00f6r att st\u00e4lla gitarren p\u00e5&bull; Blisterf\u00f6rpackning&nbsp;Minigitarr 15 cm \u2013 BMG-020 i Jimmy Page-stil passar perfekt som:&nbsp;&bull; En pryl f\u00f6r en fan av Jimmy Page&bull; Pryl f\u00f6r gitarristen&bull; En present till en Zeppelin-fan&bull; Musikdekoration f\u00f6r din hemmastudio&nbsp;Observera! S\u00e4ljaren har ingen anknytning till tillverkare av riktiga instrument eller enskilda artister. Modellernas namn eller artistnamnen \u00e4r exempel. K\u00e4nda namn anv\u00e4nds endast f\u00f6r att visa en viss musikstil. Inget av instrumenten \u00e4r en exakt kopia vad g\u00e4ller proportioner, storlek och design.&nbsp;<\/p>\n","protected":false},"excerpt":{"rendered":"<p>Minigitarr 15 cm \u2013 BMG-020 Jimmy Page-stil&nbsp;Minigitarren \u00e4r inspirerad av rockgitarristen Jimmy Page och hans dubbelhalsade Gibson och kommer att tilltala fans av det legendariska bandet Led Zeppelin. Gitarren \u00e4r en fantastisk musikpryl f\u00f6r Zeppelin-fans, \u00e4lskare av rockklassiker och musiker. Den passar perfekt i din skivsamling eller p\u00e5 en musik\u00e4lskares byr\u00e5.&nbsp;Minigitarren \u00e4r handgjord av mahognytr\u00e4. [&hellip;]<\/p>\n","protected":false},"featured_media":44767,"comment_status":"open","ping_status":"closed","template":"","meta":[],"product_brand":[],"product_cat":[33],"product_tag":[],"class_list":{"0":"post-17358","1":"product","2":"type-product","3":"status-publish","4":"has-post-thumbnail","6":"product_cat-okategoriserad","8":"first","9":"instock","10":"shipping-taxable","11":"purchasable","12":"product-type-simple"},"_links":{"self":[{"href":"https:\/\/nordicmart.andreevmaster.com\/sv\/wp-json\/wp\/v2\/product\/17358","targetHints":{"allow":["GET"]}}],"collection":[{"href":"https:\/\/nordicmart.andreevmaster.com\/sv\/wp-json\/wp\/v2\/product"}],"about":[{"href":"https:\/\/nordicmart.andreevmaster.com\/sv\/wp-json\/wp\/v2\/types\/product"}],"replies":[{"embeddable":true,"href":"https:\/\/nordicmart.andreevmaster.com\/sv\/wp-json\/wp\/v2\/comments?post=17358"}],"wp:featuredmedia":[{"embeddable":true,"href":"https:\/\/nordicmart.andreevmaster.com\/sv\/wp-json\/wp\/v2\/media\/44767"}],"wp:attachment":[{"href":"https:\/\/nordicmart.andreevmaster.com\/sv\/wp-json\/wp\/v2\/media?parent=17358"}],"wp:term":[{"taxonomy":"product_brand","embeddable":true,"href":"https:\/\/nordicmart.andreevmaster.com\/sv\/wp-json\/wp\/v2\/product_brand?post=17358"},{"taxonomy":"product_cat","embeddable":true,"href":"https:\/\/nordicmart.andreevmaster.com\/sv\/wp-json\/wp\/v2\/product_cat?post=17358"},{"taxonomy":"product_tag","embeddable":true,"href":"https:\/\/nordicmart.andreevmaster.com\/sv\/wp-json\/wp\/v2\/product_tag?post=17358"}],"curies":[{"name":"wp","href":"https:\/\/api.w.org\/{rel}","templated":true}]}}