{"id":17357,"date":"2026-02-27T00:34:42","date_gmt":"2026-02-27T00:34:42","guid":{"rendered":"https:\/\/nordicmart.andreevmaster.com\/product\/minigitarr-15-cm-i-j-lennon-stil-bmg-017\/"},"modified":"2026-02-27T08:24:22","modified_gmt":"2026-02-27T08:24:22","slug":"minigitarr-15-cm-i-j-lennon-stil-bmg-017","status":"publish","type":"product","link":"https:\/\/nordicmart.andreevmaster.com\/sv\/produkt\/minigitarr-15-cm-i-j-lennon-stil-bmg-017\/","title":{"rendered":"Minigitarr 15 cm i J. Lennon-stil \u2013 BMG-017"},"content":{"rendered":"<p>Minigitarr 15 cm i J. Lennon-stil \u2013 BMG-017 &nbsp;&nbsp;Produktinformation:&nbsp;Minigitarr tillverkad av tr\u00e4, handm\u00e5lad Blisterf\u00f6rpackning M\u00e5tt: 15,5 x 6 x 0,4 cm Plaststativ ing\u00e5r Tillverkad i skala 1:6 Samlarobjekt Observera att produkten inte \u00e4r en leksak. Det \u00e4r inte en officiell kopia av instrumentet.&nbsp;S\u00e4ljaren har ingen anknytning till tillverkare av riktiga instrument eller enskilda artister. Namnen p\u00e5 modeller eller artister \u00e4r exempel. &nbsp;Inget av instrumenten \u00e4r en trogen kopia vad g\u00e4ller proportioner, storlek och design.<\/p>\n","protected":false},"excerpt":{"rendered":"<p>Minigitarr 15 cm i J. Lennon-stil \u2013 BMG-017 &nbsp;&nbsp;Produktinformation:&nbsp;Minigitarr tillverkad av tr\u00e4, handm\u00e5lad Blisterf\u00f6rpackning M\u00e5tt: 15,5 x 6 x 0,4 cm Plaststativ ing\u00e5r Tillverkad i skala 1:6 Samlarobjekt Observera att produkten inte \u00e4r en leksak. Det \u00e4r inte en officiell kopia av instrumentet.&nbsp;S\u00e4ljaren har ingen anknytning till tillverkare av riktiga instrument eller enskilda artister. Namnen [&hellip;]<\/p>\n","protected":false},"featured_media":44766,"comment_status":"open","ping_status":"closed","template":"","meta":[],"product_brand":[],"product_cat":[33],"product_tag":[],"class_list":{"0":"post-17357","1":"product","2":"type-product","3":"status-publish","4":"has-post-thumbnail","6":"product_cat-okategoriserad","8":"first","9":"instock","10":"shipping-taxable","11":"purchasable","12":"product-type-simple"},"_links":{"self":[{"href":"https:\/\/nordicmart.andreevmaster.com\/sv\/wp-json\/wp\/v2\/product\/17357","targetHints":{"allow":["GET"]}}],"collection":[{"href":"https:\/\/nordicmart.andreevmaster.com\/sv\/wp-json\/wp\/v2\/product"}],"about":[{"href":"https:\/\/nordicmart.andreevmaster.com\/sv\/wp-json\/wp\/v2\/types\/product"}],"replies":[{"embeddable":true,"href":"https:\/\/nordicmart.andreevmaster.com\/sv\/wp-json\/wp\/v2\/comments?post=17357"}],"wp:featuredmedia":[{"embeddable":true,"href":"https:\/\/nordicmart.andreevmaster.com\/sv\/wp-json\/wp\/v2\/media\/44766"}],"wp:attachment":[{"href":"https:\/\/nordicmart.andreevmaster.com\/sv\/wp-json\/wp\/v2\/media?parent=17357"}],"wp:term":[{"taxonomy":"product_brand","embeddable":true,"href":"https:\/\/nordicmart.andreevmaster.com\/sv\/wp-json\/wp\/v2\/product_brand?post=17357"},{"taxonomy":"product_cat","embeddable":true,"href":"https:\/\/nordicmart.andreevmaster.com\/sv\/wp-json\/wp\/v2\/product_cat?post=17357"},{"taxonomy":"product_tag","embeddable":true,"href":"https:\/\/nordicmart.andreevmaster.com\/sv\/wp-json\/wp\/v2\/product_tag?post=17357"}],"curies":[{"name":"wp","href":"https:\/\/api.w.org\/{rel}","templated":true}]}}