{"id":17356,"date":"2026-02-27T00:34:42","date_gmt":"2026-02-27T00:34:42","guid":{"rendered":"https:\/\/nordicmart.andreevmaster.com\/product\/elvis-presley-style-mini-guitar-15cm-bmg-011-2\/"},"modified":"2026-02-27T08:24:22","modified_gmt":"2026-02-27T08:24:22","slug":"elvis-presley-style-mini-guitar-15cm-bmg-011-2","status":"publish","type":"product","link":"https:\/\/nordicmart.andreevmaster.com\/sv\/produkt\/elvis-presley-style-mini-guitar-15cm-bmg-011-2\/","title":{"rendered":"Elvis Presley Style Mini Guitar 15cm &#8211; BMG-011"},"content":{"rendered":"<p>Elvis Presley Style Mini Guitar 15 cm &#8211; BMG-011 &nbsp;&nbsp;Minigitarr inspirerad av den legendariska amerikanska s\u00e5ngaren Elvis Presley kommer att stj\u00e4la hj\u00e4rtat hos alla fans av k\u00e4rleksballader. Gitarren \u00e4r en fantastisk present till Elvis-fans och \u00e4lskare av musik- och scenlegender. Minigitarren kommer att se fantastisk ut omgiven av din skivsamling eller p\u00e5 en musik\u00e4lskares skrivbord.&nbsp;Minigitarren \u00e4r handgjord av mahognytr\u00e4. Samlarobjekt. Gitarren \u00e4r inte en leksak. Den kan inte spelas p\u00e5.&nbsp;&nbsp;Produktinformation:&nbsp;M\u00e5tt: 15,5 x 6 x 0,4 cmSkala: 1:6Material: mahognytr\u00e4F\u00e4rg: brun, gul, svartSetet inneh\u00e5ller ett stativ i plast och metall f\u00f6r att st\u00e4lla gitarren p\u00e5Blisterf\u00f6rpackning&nbsp;&nbsp;Observera! S\u00e4ljaren har ingen anknytning till tillverkare av riktiga instrument eller enskilda artister. Modellernas namn eller artisternas namn \u00e4r exempel. K\u00e4nda namn anv\u00e4nds endast f\u00f6r att visa en viss musikstil. Inget av instrumenten \u00e4r en exakt kopia vad g\u00e4ller proportioner, storlek och design.&nbsp;&nbsp;<\/p>\n","protected":false},"excerpt":{"rendered":"<p>Elvis Presley Style Mini Guitar 15 cm &#8211; BMG-011 &nbsp;&nbsp;Minigitarr inspirerad av den legendariska amerikanska s\u00e5ngaren Elvis Presley kommer att stj\u00e4la hj\u00e4rtat hos alla fans av k\u00e4rleksballader. Gitarren \u00e4r en fantastisk present till Elvis-fans och \u00e4lskare av musik- och scenlegender. Minigitarren kommer att se fantastisk ut omgiven av din skivsamling eller p\u00e5 en musik\u00e4lskares skrivbord.&nbsp;Minigitarren [&hellip;]<\/p>\n","protected":false},"featured_media":44765,"comment_status":"open","ping_status":"closed","template":"","meta":[],"product_brand":[],"product_cat":[33],"product_tag":[],"class_list":{"0":"post-17356","1":"product","2":"type-product","3":"status-publish","4":"has-post-thumbnail","6":"product_cat-okategoriserad","8":"first","9":"instock","10":"shipping-taxable","11":"purchasable","12":"product-type-simple"},"_links":{"self":[{"href":"https:\/\/nordicmart.andreevmaster.com\/sv\/wp-json\/wp\/v2\/product\/17356","targetHints":{"allow":["GET"]}}],"collection":[{"href":"https:\/\/nordicmart.andreevmaster.com\/sv\/wp-json\/wp\/v2\/product"}],"about":[{"href":"https:\/\/nordicmart.andreevmaster.com\/sv\/wp-json\/wp\/v2\/types\/product"}],"replies":[{"embeddable":true,"href":"https:\/\/nordicmart.andreevmaster.com\/sv\/wp-json\/wp\/v2\/comments?post=17356"}],"wp:featuredmedia":[{"embeddable":true,"href":"https:\/\/nordicmart.andreevmaster.com\/sv\/wp-json\/wp\/v2\/media\/44765"}],"wp:attachment":[{"href":"https:\/\/nordicmart.andreevmaster.com\/sv\/wp-json\/wp\/v2\/media?parent=17356"}],"wp:term":[{"taxonomy":"product_brand","embeddable":true,"href":"https:\/\/nordicmart.andreevmaster.com\/sv\/wp-json\/wp\/v2\/product_brand?post=17356"},{"taxonomy":"product_cat","embeddable":true,"href":"https:\/\/nordicmart.andreevmaster.com\/sv\/wp-json\/wp\/v2\/product_cat?post=17356"},{"taxonomy":"product_tag","embeddable":true,"href":"https:\/\/nordicmart.andreevmaster.com\/sv\/wp-json\/wp\/v2\/product_tag?post=17356"}],"curies":[{"name":"wp","href":"https:\/\/api.w.org\/{rel}","templated":true}]}}