{"id":17355,"date":"2026-02-27T00:34:42","date_gmt":"2026-02-27T00:34:42","guid":{"rendered":"https:\/\/nordicmart.andreevmaster.com\/product\/minigitarr-15-cm-bmg-009-mark-knopfler-stil\/"},"modified":"2026-02-27T08:24:22","modified_gmt":"2026-02-27T08:24:22","slug":"minigitarr-15-cm-bmg-009-mark-knopfler-stil","status":"publish","type":"product","link":"https:\/\/nordicmart.andreevmaster.com\/sv\/produkt\/minigitarr-15-cm-bmg-009-mark-knopfler-stil\/","title":{"rendered":"Minigitarr 15 cm \u2013 BMG-009 Mark Knopfler-stil"},"content":{"rendered":"<p>Minigitarr 15 cm \u2013 BMG-009 Mark Knopfler-stil&nbsp;Minigitarr inspirerad av Mark Knopfler \u2013 brittisk gitarrist, komposit\u00f6r och s\u00e5ngare \u2013 som kommer att tilltala fans av bandet Dire Straits. Miniatyrgitarren \u00e4r en utm\u00e4rkt present till gitarristen, musikern och fansen av Knopflers konstn\u00e4rskap. Minigitarren kommer att se bra ut i en hemmastudio eller p\u00e5 en musikfans skrivbord.&nbsp;Minigitarren \u00e4r handgjord av mahognytr\u00e4. Samlarobjekt. Gitarren \u00e4r inte en leksak. Kan inte spelas.&nbsp;Minigitarr 15 cm \u2013 BMG-009 i Mark Knopfler-stil, specifikationer:&nbsp;&bull; M\u00e5tt: 15,5 x 6 x 0,4 cm&bull; Skala: 1:6&bull; Material: mahogny&bull; F\u00e4rg: r\u00f6d, vit, brun&bull; Setet inneh\u00e5ller ett stativ i plast och metall f\u00f6r att st\u00e4lla gitarren p\u00e5. Blisterf\u00f6rpackning. Minigitarr 15 cm \u2013 BMG-009 i Mark Knopfler-stil passar bra som: Gadget f\u00f6r en fan av Mark Knopfler. Present till gitarristen. Present till en Dire Straits-fan. Musikaliskt skrivbordsprydnad. Obs! S\u00e4ljaren har ingen anknytning till tillverkare av riktiga instrument eller enskilda artister. Namnen p\u00e5 modellerna eller artisterna \u00e4r exempel. K\u00e4nda namn anv\u00e4nds endast f\u00f6r att visa en viss musikstil. Inget av instrumenten \u00e4r en exakt kopia vad g\u00e4ller proportioner, storlek och design.&nbsp;<\/p>\n","protected":false},"excerpt":{"rendered":"<p>Minigitarr 15 cm \u2013 BMG-009 Mark Knopfler-stil&nbsp;Minigitarr inspirerad av Mark Knopfler \u2013 brittisk gitarrist, komposit\u00f6r och s\u00e5ngare \u2013 som kommer att tilltala fans av bandet Dire Straits. Miniatyrgitarren \u00e4r en utm\u00e4rkt present till gitarristen, musikern och fansen av Knopflers konstn\u00e4rskap. Minigitarren kommer att se bra ut i en hemmastudio eller p\u00e5 en musikfans skrivbord.&nbsp;Minigitarren \u00e4r [&hellip;]<\/p>\n","protected":false},"featured_media":44764,"comment_status":"open","ping_status":"closed","template":"","meta":[],"product_brand":[],"product_cat":[33],"product_tag":[],"class_list":{"0":"post-17355","1":"product","2":"type-product","3":"status-publish","4":"has-post-thumbnail","6":"product_cat-okategoriserad","8":"first","9":"instock","10":"shipping-taxable","11":"purchasable","12":"product-type-simple"},"_links":{"self":[{"href":"https:\/\/nordicmart.andreevmaster.com\/sv\/wp-json\/wp\/v2\/product\/17355","targetHints":{"allow":["GET"]}}],"collection":[{"href":"https:\/\/nordicmart.andreevmaster.com\/sv\/wp-json\/wp\/v2\/product"}],"about":[{"href":"https:\/\/nordicmart.andreevmaster.com\/sv\/wp-json\/wp\/v2\/types\/product"}],"replies":[{"embeddable":true,"href":"https:\/\/nordicmart.andreevmaster.com\/sv\/wp-json\/wp\/v2\/comments?post=17355"}],"wp:featuredmedia":[{"embeddable":true,"href":"https:\/\/nordicmart.andreevmaster.com\/sv\/wp-json\/wp\/v2\/media\/44764"}],"wp:attachment":[{"href":"https:\/\/nordicmart.andreevmaster.com\/sv\/wp-json\/wp\/v2\/media?parent=17355"}],"wp:term":[{"taxonomy":"product_brand","embeddable":true,"href":"https:\/\/nordicmart.andreevmaster.com\/sv\/wp-json\/wp\/v2\/product_brand?post=17355"},{"taxonomy":"product_cat","embeddable":true,"href":"https:\/\/nordicmart.andreevmaster.com\/sv\/wp-json\/wp\/v2\/product_cat?post=17355"},{"taxonomy":"product_tag","embeddable":true,"href":"https:\/\/nordicmart.andreevmaster.com\/sv\/wp-json\/wp\/v2\/product_tag?post=17355"}],"curies":[{"name":"wp","href":"https:\/\/api.w.org\/{rel}","templated":true}]}}