{"id":17354,"date":"2026-02-27T00:34:41","date_gmt":"2026-02-27T00:34:41","guid":{"rendered":"https:\/\/nordicmart.andreevmaster.com\/product\/minigitarr-15-cm-bmg-008-angus-young-stil\/"},"modified":"2026-02-27T08:24:22","modified_gmt":"2026-02-27T08:24:22","slug":"minigitarr-15-cm-bmg-008-angus-young-stil","status":"publish","type":"product","link":"https:\/\/nordicmart.andreevmaster.com\/sv\/produkt\/minigitarr-15-cm-bmg-008-angus-young-stil\/","title":{"rendered":"Minigitarr 15 cm \u2013 BMG-008 Angus Young-stil"},"content":{"rendered":"<p>Minigitarr 15 cm \u2013 BMG-008 Angus Young-stil&nbsp;&nbsp;Minigitarren inspirerad av Angus Youngs verk \u00e4r en musikalisk pryl som kommer att stj\u00e4la hj\u00e4rtat hos AC\/DC-fans. Den \u00e4r en perfekt present till en h\u00e5rdrocksfan, gitarrist och musik\u00e4lskare. Den kommer att se bra ut i en hemmastudio eller p\u00e5 en rock\u00e4lskares skrivbord.&nbsp;Minigitarren \u00e4r handgjord av mahognytr\u00e4. Samlarobjekt. Gitarren \u00e4r inte en leksak. Den kan inte spelas p\u00e5.&nbsp;Produktinformation:&nbsp;M\u00e5tt: 15,5 x 6 x 0,4 cmSkala: 1:6Material: mahognytr\u00e4F\u00e4rg: svart, vitt, bruntSetet inneh\u00e5ller ett stativ i plast och metall f\u00f6r att st\u00e4lla gitarren p\u00e5Blisterf\u00f6rpackning&nbsp;&nbsp;Observera! S\u00e4ljaren har ingen anknytning till tillverkare av riktiga instrument eller enskilda artister. Modellernas namn eller artisternas namn \u00e4r exempel. K\u00e4nda namn anv\u00e4nds endast f\u00f6r att visa en viss musikstil. Inget av instrumenten \u00e4r en exakt kopia vad g\u00e4ller proportioner, storlek och design.<\/p>\n","protected":false},"excerpt":{"rendered":"<p>Minigitarr 15 cm \u2013 BMG-008 Angus Young-stil&nbsp;&nbsp;Minigitarren inspirerad av Angus Youngs verk \u00e4r en musikalisk pryl som kommer att stj\u00e4la hj\u00e4rtat hos AC\/DC-fans. Den \u00e4r en perfekt present till en h\u00e5rdrocksfan, gitarrist och musik\u00e4lskare. Den kommer att se bra ut i en hemmastudio eller p\u00e5 en rock\u00e4lskares skrivbord.&nbsp;Minigitarren \u00e4r handgjord av mahognytr\u00e4. Samlarobjekt. Gitarren \u00e4r [&hellip;]<\/p>\n","protected":false},"featured_media":44763,"comment_status":"open","ping_status":"closed","template":"","meta":[],"product_brand":[],"product_cat":[33],"product_tag":[],"class_list":{"0":"post-17354","1":"product","2":"type-product","3":"status-publish","4":"has-post-thumbnail","6":"product_cat-okategoriserad","8":"first","9":"instock","10":"shipping-taxable","11":"purchasable","12":"product-type-simple"},"_links":{"self":[{"href":"https:\/\/nordicmart.andreevmaster.com\/sv\/wp-json\/wp\/v2\/product\/17354","targetHints":{"allow":["GET"]}}],"collection":[{"href":"https:\/\/nordicmart.andreevmaster.com\/sv\/wp-json\/wp\/v2\/product"}],"about":[{"href":"https:\/\/nordicmart.andreevmaster.com\/sv\/wp-json\/wp\/v2\/types\/product"}],"replies":[{"embeddable":true,"href":"https:\/\/nordicmart.andreevmaster.com\/sv\/wp-json\/wp\/v2\/comments?post=17354"}],"wp:featuredmedia":[{"embeddable":true,"href":"https:\/\/nordicmart.andreevmaster.com\/sv\/wp-json\/wp\/v2\/media\/44763"}],"wp:attachment":[{"href":"https:\/\/nordicmart.andreevmaster.com\/sv\/wp-json\/wp\/v2\/media?parent=17354"}],"wp:term":[{"taxonomy":"product_brand","embeddable":true,"href":"https:\/\/nordicmart.andreevmaster.com\/sv\/wp-json\/wp\/v2\/product_brand?post=17354"},{"taxonomy":"product_cat","embeddable":true,"href":"https:\/\/nordicmart.andreevmaster.com\/sv\/wp-json\/wp\/v2\/product_cat?post=17354"},{"taxonomy":"product_tag","embeddable":true,"href":"https:\/\/nordicmart.andreevmaster.com\/sv\/wp-json\/wp\/v2\/product_tag?post=17354"}],"curies":[{"name":"wp","href":"https:\/\/api.w.org\/{rel}","templated":true}]}}