{"id":17353,"date":"2026-02-27T00:34:41","date_gmt":"2026-02-27T00:34:41","guid":{"rendered":"https:\/\/nordicmart.andreevmaster.com\/product\/minigitarr-15-cm-i-brian-may-stil-bmg-006\/"},"modified":"2026-02-27T08:24:21","modified_gmt":"2026-02-27T08:24:21","slug":"minigitarr-15-cm-i-brian-may-stil-bmg-006","status":"publish","type":"product","link":"https:\/\/nordicmart.andreevmaster.com\/sv\/produkt\/minigitarr-15-cm-i-brian-may-stil-bmg-006\/","title":{"rendered":"Minigitarr 15 cm i Brian May-stil \u2013 BMG-006"},"content":{"rendered":"<p>Minigitarr 15 cm Brian May-stil &#8211; BMG-006 &nbsp;&nbsp;Minigitarr i stil med Brian May &#8211; den legendariska gitarristen och medgrundaren av bandet Queen &#8211; \u00e4r en musikalisk pryl som kommer att tilltala fans av den brittiska artistens verk. Minigitarren passar som present till en fan av Brian May, Queen och rockklassiker.&nbsp;Minigitarren \u00e4r handgjord av mahognytr\u00e4. Samlarobjekt. Gitarren \u00e4r inte en leksak. Kan inte spelas p\u00e5.&nbsp;&nbsp;Minigitarr 15 cm \u2013 BMG-006 Brian May-stil specifikation:&nbsp;M\u00e5tt: 15,5 x 6 x 0,4 cmSkala: 1:6Material: mahognytr\u00e4F\u00e4rg: svart, vitt, bruntSetet inneh\u00e5ller ett stativ i plast och metall f\u00f6r att st\u00e4lla gitarren p\u00e5&nbsp;&nbsp;Observera! S\u00e4ljaren har ingen anknytning till tillverkare av riktiga instrument eller enskilda artister. Namnen p\u00e5 modellerna eller artisterna \u00e4r exempel. K\u00e4nda namn anv\u00e4nds endast f\u00f6r att visa en viss musikstil. Inget av instrumenten \u00e4r en exakt kopia vad g\u00e4ller proportioner, storlek och design.&nbsp;<\/p>\n","protected":false},"excerpt":{"rendered":"<p>Minigitarr 15 cm Brian May-stil &#8211; BMG-006 &nbsp;&nbsp;Minigitarr i stil med Brian May &#8211; den legendariska gitarristen och medgrundaren av bandet Queen &#8211; \u00e4r en musikalisk pryl som kommer att tilltala fans av den brittiska artistens verk. Minigitarren passar som present till en fan av Brian May, Queen och rockklassiker.&nbsp;Minigitarren \u00e4r handgjord av mahognytr\u00e4. Samlarobjekt. [&hellip;]<\/p>\n","protected":false},"featured_media":44762,"comment_status":"open","ping_status":"closed","template":"","meta":[],"product_brand":[],"product_cat":[33],"product_tag":[],"class_list":{"0":"post-17353","1":"product","2":"type-product","3":"status-publish","4":"has-post-thumbnail","6":"product_cat-okategoriserad","8":"first","9":"instock","10":"shipping-taxable","11":"purchasable","12":"product-type-simple"},"_links":{"self":[{"href":"https:\/\/nordicmart.andreevmaster.com\/sv\/wp-json\/wp\/v2\/product\/17353","targetHints":{"allow":["GET"]}}],"collection":[{"href":"https:\/\/nordicmart.andreevmaster.com\/sv\/wp-json\/wp\/v2\/product"}],"about":[{"href":"https:\/\/nordicmart.andreevmaster.com\/sv\/wp-json\/wp\/v2\/types\/product"}],"replies":[{"embeddable":true,"href":"https:\/\/nordicmart.andreevmaster.com\/sv\/wp-json\/wp\/v2\/comments?post=17353"}],"wp:featuredmedia":[{"embeddable":true,"href":"https:\/\/nordicmart.andreevmaster.com\/sv\/wp-json\/wp\/v2\/media\/44762"}],"wp:attachment":[{"href":"https:\/\/nordicmart.andreevmaster.com\/sv\/wp-json\/wp\/v2\/media?parent=17353"}],"wp:term":[{"taxonomy":"product_brand","embeddable":true,"href":"https:\/\/nordicmart.andreevmaster.com\/sv\/wp-json\/wp\/v2\/product_brand?post=17353"},{"taxonomy":"product_cat","embeddable":true,"href":"https:\/\/nordicmart.andreevmaster.com\/sv\/wp-json\/wp\/v2\/product_cat?post=17353"},{"taxonomy":"product_tag","embeddable":true,"href":"https:\/\/nordicmart.andreevmaster.com\/sv\/wp-json\/wp\/v2\/product_tag?post=17353"}],"curies":[{"name":"wp","href":"https:\/\/api.w.org\/{rel}","templated":true}]}}