{"id":17352,"date":"2026-02-27T00:34:41","date_gmt":"2026-02-27T00:34:41","guid":{"rendered":"https:\/\/nordicmart.andreevmaster.com\/product\/feber-2-i-1-stort-picknickbord-ghost-gungstol\/"},"modified":"2026-02-27T08:24:21","modified_gmt":"2026-02-27T08:24:21","slug":"feber-2-i-1-stort-picknickbord-ghost-gungstol","status":"publish","type":"product","link":"https:\/\/nordicmart.andreevmaster.com\/sv\/produkt\/feber-2-i-1-stort-picknickbord-ghost-gungstol\/","title":{"rendered":"FEBER 2-i-1 stort picknickbord \u2013 Ghost gungstol"},"content":{"rendered":"<p>Detta gungbord fr\u00e5n Feber, med \u00f6gon som r\u00f6r sig n\u00e4r man gungar, \u00e4r det perfekta tillskottet till din lekplats hemma. N\u00e4r man v\u00e4nder p\u00e5 bordet f\u00f6rvandlas det till en gungstol. Leksaken har fyra bekv\u00e4ma sittplatser. Hela leksaken \u00e4r tillverkad av h\u00f6gkvalitativ plast som t\u00e5l v\u00e4derf\u00f6rh\u00e5llanden och UV-str\u00e5lning. Dess design g\u00f6r den till ett blickf\u00e5ng f\u00f6r alla barn. Ditt barns gl\u00e4dje \u00e4r garanterad!<\/p>\n<p>Egenskaper:<\/p>\n<p>* &#8211; bordet kan v\u00e4ndas upp och ner f\u00f6r att bli en gungstol,<br \/>\n* &#8211; leksaken har 4 sittplatser,<br \/>\n* &#8211; hela leksaken \u00e4r tillverkad av h\u00e5llbar och stabil plast med en UV-skyddande bel\u00e4ggning som skyddar f\u00e4rgerna fr\u00e5n att blekna,<br \/>\n* &#8211; den solida konstruktionen g\u00f6r den s\u00e4ker f\u00f6r barn.<\/p>\n<p>Feber \u00e4r ett v\u00e4lk\u00e4nt spanskt f\u00f6retag som har varit verksamt i flera decennier och vars produkter erbjuder m\u00e5nga m\u00f6jligheter till kreativt lekande. Kreativitet, innovation och s\u00e4kerhet \u00e4r Feber huvudprinciper. F\u00f6retaget erbjuder \u00e4ven leksaker med licens. Fokus p\u00e5 h\u00f6g kvalitet och h\u00e5llbarhet hos leksakerna \u00e4r grunden f\u00f6r produktionen. Alla leksaker tillverkas i enlighet med europeiska s\u00e4kerhetsstandarder.<\/p>\n","protected":false},"excerpt":{"rendered":"<p>Detta gungbord fr\u00e5n Feber, med \u00f6gon som r\u00f6r sig n\u00e4r man gungar, \u00e4r det perfekta tillskottet till din lekplats hemma. N\u00e4r man v\u00e4nder p\u00e5 bordet f\u00f6rvandlas det till en gungstol. Leksaken har fyra bekv\u00e4ma sittplatser. Hela leksaken \u00e4r tillverkad av h\u00f6gkvalitativ plast som t\u00e5l v\u00e4derf\u00f6rh\u00e5llanden och UV-str\u00e5lning. Dess design g\u00f6r den till ett blickf\u00e5ng f\u00f6r [&hellip;]<\/p>\n","protected":false},"featured_media":0,"comment_status":"open","ping_status":"closed","template":"","meta":[],"product_brand":[],"product_cat":[33],"product_tag":[],"class_list":{"0":"post-17352","1":"product","2":"type-product","3":"status-publish","5":"product_cat-okategoriserad","7":"first","8":"instock","9":"shipping-taxable","10":"purchasable","11":"product-type-simple"},"_links":{"self":[{"href":"https:\/\/nordicmart.andreevmaster.com\/sv\/wp-json\/wp\/v2\/product\/17352","targetHints":{"allow":["GET"]}}],"collection":[{"href":"https:\/\/nordicmart.andreevmaster.com\/sv\/wp-json\/wp\/v2\/product"}],"about":[{"href":"https:\/\/nordicmart.andreevmaster.com\/sv\/wp-json\/wp\/v2\/types\/product"}],"replies":[{"embeddable":true,"href":"https:\/\/nordicmart.andreevmaster.com\/sv\/wp-json\/wp\/v2\/comments?post=17352"}],"wp:attachment":[{"href":"https:\/\/nordicmart.andreevmaster.com\/sv\/wp-json\/wp\/v2\/media?parent=17352"}],"wp:term":[{"taxonomy":"product_brand","embeddable":true,"href":"https:\/\/nordicmart.andreevmaster.com\/sv\/wp-json\/wp\/v2\/product_brand?post=17352"},{"taxonomy":"product_cat","embeddable":true,"href":"https:\/\/nordicmart.andreevmaster.com\/sv\/wp-json\/wp\/v2\/product_cat?post=17352"},{"taxonomy":"product_tag","embeddable":true,"href":"https:\/\/nordicmart.andreevmaster.com\/sv\/wp-json\/wp\/v2\/product_tag?post=17352"}],"curies":[{"name":"wp","href":"https:\/\/api.w.org\/{rel}","templated":true}]}}