{"id":17351,"date":"2026-02-27T00:34:40","date_gmt":"2026-02-27T00:34:40","guid":{"rendered":"https:\/\/nordicmart.andreevmaster.com\/product\/feber-stor-tradgardsrutschkana-med-vattenrutschkana-285-cm\/"},"modified":"2026-02-27T08:24:21","modified_gmt":"2026-02-27T08:24:21","slug":"feber-stor-tradgardsrutschkana-med-vattenrutschkana-285-cm","status":"publish","type":"product","link":"https:\/\/nordicmart.andreevmaster.com\/sv\/produkt\/feber-stor-tradgardsrutschkana-med-vattenrutschkana-285-cm\/","title":{"rendered":"FEBER Stor tr\u00e4dg\u00e5rdsrutschkana med vattenrutschkana 285 cm"},"content":{"rendered":"<p>En stor rutschkana med vattenanslutning, raffinerad i varje detalj, s\u00e4ker och stabil konstruktion p\u00e5 en metallram. En s\u00e5dan rutschkana \u00e4r ett perfekt tillskott till din lekplats hemma! H\u00f6ga r\u00e4cken ovanf\u00f6r plattformen och halkfria steg garanterar v\u00e5ra barns s\u00e4kerhet. Genom att ansluta en tr\u00e4dg\u00e5rdsslang f\u00f6rvandlas en vanlig rutschkana till ett vatten\u00e4ventyr. Den l\u00e5nga rutschkanan \u2013 285 cm \u2013 g\u00f6r det \u00e4nnu roligare. <\/p>\n<p>Egenskaper:<\/p>\n<p>* &#8211; rutschkanan \u00e4r utrustad med en 285 cm l\u00e5ng rutschkana,<br \/>\n* &#8211; en tr\u00e4dg\u00e5rdsslang kan anslutas till rutschkanan,* &#8211; den har h\u00f6ga sidov\u00e4ggar och rundade kanter f\u00f6r bekv\u00e4m och s\u00e4ker lek,<br \/>\n* &#8211; den har ocks\u00e5 moderna trappsteg, inbyggda handtag, ett specialformat ryggst\u00f6d och en bred, stabil bas,<br \/>\n* &#8211; plasten \u00e4r t\u00e4ckt med en UV-bel\u00e4ggning som bevarar f\u00e4rgernas kvalitet under l\u00e5ng tid,<br \/>\n* &#8211; maximal belastning rekommenderad av tillverkaren upp till 50 kg.<\/p>\n<p>M\u00e5tt: 209 x 302 x 117 (cm). F\u00f6rpackningens m\u00e5tt: 143 x 52 x 74,5 (cm). \u00c5lder: fr\u00e5n 3 \u00e5r. Vikt: 38 kg.<\/p>\n<p>FEBER-leksaker omfattar: tr\u00e4dg\u00e5rdsleksaker, gungor, lekplatser, rutschkanor och vattenrutschkanor, trehjulingar och mycket mer. FEBER-leksaker \u00e4r certifierade enligt AENOR ISO 9001, ISO 14001 och OSHAS18001, vilket intygar excellensen och kvaliteten i alla processer som ing\u00e5r i leksakstillverkningen: fr\u00e5n design och produktion till service.<\/p>\n","protected":false},"excerpt":{"rendered":"<p>En stor rutschkana med vattenanslutning, raffinerad i varje detalj, s\u00e4ker och stabil konstruktion p\u00e5 en metallram. En s\u00e5dan rutschkana \u00e4r ett perfekt tillskott till din lekplats hemma! H\u00f6ga r\u00e4cken ovanf\u00f6r plattformen och halkfria steg garanterar v\u00e5ra barns s\u00e4kerhet. Genom att ansluta en tr\u00e4dg\u00e5rdsslang f\u00f6rvandlas en vanlig rutschkana till ett vatten\u00e4ventyr. Den l\u00e5nga rutschkanan \u2013 285 [&hellip;]<\/p>\n","protected":false},"featured_media":0,"comment_status":"open","ping_status":"closed","template":"","meta":[],"product_brand":[],"product_cat":[33],"product_tag":[],"class_list":{"0":"post-17351","1":"product","2":"type-product","3":"status-publish","5":"product_cat-okategoriserad","7":"first","8":"instock","9":"shipping-taxable","10":"purchasable","11":"product-type-simple"},"_links":{"self":[{"href":"https:\/\/nordicmart.andreevmaster.com\/sv\/wp-json\/wp\/v2\/product\/17351","targetHints":{"allow":["GET"]}}],"collection":[{"href":"https:\/\/nordicmart.andreevmaster.com\/sv\/wp-json\/wp\/v2\/product"}],"about":[{"href":"https:\/\/nordicmart.andreevmaster.com\/sv\/wp-json\/wp\/v2\/types\/product"}],"replies":[{"embeddable":true,"href":"https:\/\/nordicmart.andreevmaster.com\/sv\/wp-json\/wp\/v2\/comments?post=17351"}],"wp:attachment":[{"href":"https:\/\/nordicmart.andreevmaster.com\/sv\/wp-json\/wp\/v2\/media?parent=17351"}],"wp:term":[{"taxonomy":"product_brand","embeddable":true,"href":"https:\/\/nordicmart.andreevmaster.com\/sv\/wp-json\/wp\/v2\/product_brand?post=17351"},{"taxonomy":"product_cat","embeddable":true,"href":"https:\/\/nordicmart.andreevmaster.com\/sv\/wp-json\/wp\/v2\/product_cat?post=17351"},{"taxonomy":"product_tag","embeddable":true,"href":"https:\/\/nordicmart.andreevmaster.com\/sv\/wp-json\/wp\/v2\/product_tag?post=17351"}],"curies":[{"name":"wp","href":"https:\/\/api.w.org\/{rel}","templated":true}]}}