{"id":17350,"date":"2026-02-27T00:34:40","date_gmt":"2026-02-27T00:34:40","guid":{"rendered":"https:\/\/nordicmart.andreevmaster.com\/product\/fortuna-gudinnan-for-lycka-och-rikedom-mc-9633\/"},"modified":"2026-02-27T08:24:21","modified_gmt":"2026-02-27T08:24:21","slug":"fortuna-gudinnan-for-lycka-och-rikedom-mc-9633","status":"publish","type":"product","link":"https:\/\/nordicmart.andreevmaster.com\/sv\/produkt\/fortuna-gudinnan-for-lycka-och-rikedom-mc-9633\/","title":{"rendered":"Fortuna, gudinnan f\u00f6r lycka och rikedom MC-9633"},"content":{"rendered":"<p>Fortuna, gudinnan f\u00f6r lycka och rikedom MC-9633&nbsp;&nbsp;Fortuna \u00e4r en romersk gudinna som styr m\u00e4nniskors \u00f6de. Hon motsvarade den grekiska gudinnan Tyche. Hon dyrkades s\u00e4rskilt i imperiets hamnst\u00e4der som sj\u00f6m\u00e4nnens skyddshelgon. Hennes viktigaste attribut, som hon ocks\u00e5 avbildas med i figuren, \u00e4r ymnighetshornet. Fortuna-figuren f\u00f6rest\u00e4ller en kvinna med \u00e4nglavingar som sprider guldmynt omkring sig. Det \u00e4r en vacker g\u00e5va till n\u00e5gon vi bryr oss om och \u00f6nskar framg\u00e5ng i aff\u00e4rer och i livet.&nbsp;Fortuna-figuren ser mycket elegant ut i klassiska rum och kontorsmilj\u00f6er. Du kan placera den i vardagsrummet, sovrummet eller hallen och lita p\u00e5 att Fortuna \u00e4r p\u00e5 din sida. Produktinformation: Material: hartskonglomerat \u2013 polyresin F\u00e4rg: nyanser av brunt och koppar M\u00e5tt: H\u00f6jd 29 cm, bredd 12 cm, djup 8,5 cm<\/p>\n","protected":false},"excerpt":{"rendered":"<p>Fortuna, gudinnan f\u00f6r lycka och rikedom MC-9633&nbsp;&nbsp;Fortuna \u00e4r en romersk gudinna som styr m\u00e4nniskors \u00f6de. Hon motsvarade den grekiska gudinnan Tyche. Hon dyrkades s\u00e4rskilt i imperiets hamnst\u00e4der som sj\u00f6m\u00e4nnens skyddshelgon. Hennes viktigaste attribut, som hon ocks\u00e5 avbildas med i figuren, \u00e4r ymnighetshornet. Fortuna-figuren f\u00f6rest\u00e4ller en kvinna med \u00e4nglavingar som sprider guldmynt omkring sig. Det \u00e4r [&hellip;]<\/p>\n","protected":false},"featured_media":44761,"comment_status":"open","ping_status":"closed","template":"","meta":[],"product_brand":[],"product_cat":[33],"product_tag":[],"class_list":{"0":"post-17350","1":"product","2":"type-product","3":"status-publish","4":"has-post-thumbnail","6":"product_cat-okategoriserad","8":"first","9":"instock","10":"shipping-taxable","11":"purchasable","12":"product-type-simple"},"_links":{"self":[{"href":"https:\/\/nordicmart.andreevmaster.com\/sv\/wp-json\/wp\/v2\/product\/17350","targetHints":{"allow":["GET"]}}],"collection":[{"href":"https:\/\/nordicmart.andreevmaster.com\/sv\/wp-json\/wp\/v2\/product"}],"about":[{"href":"https:\/\/nordicmart.andreevmaster.com\/sv\/wp-json\/wp\/v2\/types\/product"}],"replies":[{"embeddable":true,"href":"https:\/\/nordicmart.andreevmaster.com\/sv\/wp-json\/wp\/v2\/comments?post=17350"}],"wp:featuredmedia":[{"embeddable":true,"href":"https:\/\/nordicmart.andreevmaster.com\/sv\/wp-json\/wp\/v2\/media\/44761"}],"wp:attachment":[{"href":"https:\/\/nordicmart.andreevmaster.com\/sv\/wp-json\/wp\/v2\/media?parent=17350"}],"wp:term":[{"taxonomy":"product_brand","embeddable":true,"href":"https:\/\/nordicmart.andreevmaster.com\/sv\/wp-json\/wp\/v2\/product_brand?post=17350"},{"taxonomy":"product_cat","embeddable":true,"href":"https:\/\/nordicmart.andreevmaster.com\/sv\/wp-json\/wp\/v2\/product_cat?post=17350"},{"taxonomy":"product_tag","embeddable":true,"href":"https:\/\/nordicmart.andreevmaster.com\/sv\/wp-json\/wp\/v2\/product_tag?post=17350"}],"curies":[{"name":"wp","href":"https:\/\/api.w.org\/{rel}","templated":true}]}}