{"id":17349,"date":"2026-02-27T00:34:40","date_gmt":"2026-02-27T00:34:40","guid":{"rendered":"https:\/\/nordicmart.andreevmaster.com\/product\/feber-stor-tunnel-for-barn-caterpillar-xxl-modular-lekplats\/"},"modified":"2026-02-27T08:24:21","modified_gmt":"2026-02-27T08:24:21","slug":"feber-stor-tunnel-for-barn-caterpillar-xxl-modular-lekplats","status":"publish","type":"product","link":"https:\/\/nordicmart.andreevmaster.com\/sv\/produkt\/feber-stor-tunnel-for-barn-caterpillar-xxl-modular-lekplats\/","title":{"rendered":"FEBER Stor tunnel f\u00f6r barn Caterpillar XXL Modul\u00e4r lekplats"},"content":{"rendered":"<p>F\u00e4rgglad FEBER Caterpillar-tunnel \u2013 en lekplats full av gl\u00e4dje!<\/p>\n<p>FEBER Caterpillar-tunneln \u00e4r den perfekta l\u00f6sningen f\u00f6r b\u00e5de privata tr\u00e4dg\u00e5rdar och utbildningsanl\u00e4ggningar \u2013 f\u00f6rskolor, daghem och lekrum. Denna lekplats \u00e4r f\u00e4rgglad, stabil och full av \u00f6verraskningar och uppmuntrar till fysisk aktivitet, grupplek och motorisk utveckling \u2013 samtidigt som den uppfyller de h\u00f6gsta s\u00e4kerhetsstandarderna. Tillverkad i Spanien med den senaste tekniken och enligt de h\u00f6gsta s\u00e4kerhetsstandarderna.<\/p>\n<p>Egenskaper:<\/p>\n<p>* &#8211; En stor, h\u00e5llbar tunnel i form av en leende larv \u2013 1,7 m l\u00e5ng!* Best\u00e5r av f\u00e4rgglada moduler som kan kombineras i olika konfigurationer f\u00f6r att passa det tillg\u00e4ngliga utrymmet<br \/>\n* &#8211; Anti-UV-bel\u00e4ggning \u2013 \u00e4ndrar inte f\u00e4rg n\u00e4r den uts\u00e4tts f\u00f6r solljus<br \/>\n* &#8211; Modulerna kan kopplas ihop i olika konfigurationer<br \/>\n* &#8211; Setet \u00e4r avsett f\u00f6r barn i \u00e5ldern 3 till 8 \u00e5r<br \/>\n* &#8211; Maximal belastning 25 kg per modul,<br \/>\n* &#8211; Enkel montering \u2013 DIY-kit<\/p>\n<p>Leksaken utvecklar:<\/p>\n<p>* &#8211; uppmuntrar fysisk aktivitet och integration<br \/>\n* &#8211; utvecklar motoriska f\u00e4rdigheter och rumslig orientering<br \/>\n* &#8211; st\u00f6der kreativt lagspel<\/p>\n<p>S\u00e4kerst\u00e4ll dina barns h\u00e4lsosamma utveckling genom aktiv lek \u2013 v\u00e4lj bepr\u00f6vad FEBER-kvalitet!<\/p>\n","protected":false},"excerpt":{"rendered":"<p>F\u00e4rgglad FEBER Caterpillar-tunnel \u2013 en lekplats full av gl\u00e4dje! FEBER Caterpillar-tunneln \u00e4r den perfekta l\u00f6sningen f\u00f6r b\u00e5de privata tr\u00e4dg\u00e5rdar och utbildningsanl\u00e4ggningar \u2013 f\u00f6rskolor, daghem och lekrum. Denna lekplats \u00e4r f\u00e4rgglad, stabil och full av \u00f6verraskningar och uppmuntrar till fysisk aktivitet, grupplek och motorisk utveckling \u2013 samtidigt som den uppfyller de h\u00f6gsta s\u00e4kerhetsstandarderna. Tillverkad i Spanien [&hellip;]<\/p>\n","protected":false},"featured_media":0,"comment_status":"open","ping_status":"closed","template":"","meta":[],"product_brand":[],"product_cat":[33],"product_tag":[],"class_list":{"0":"post-17349","1":"product","2":"type-product","3":"status-publish","5":"product_cat-okategoriserad","7":"first","8":"instock","9":"shipping-taxable","10":"purchasable","11":"product-type-simple"},"_links":{"self":[{"href":"https:\/\/nordicmart.andreevmaster.com\/sv\/wp-json\/wp\/v2\/product\/17349","targetHints":{"allow":["GET"]}}],"collection":[{"href":"https:\/\/nordicmart.andreevmaster.com\/sv\/wp-json\/wp\/v2\/product"}],"about":[{"href":"https:\/\/nordicmart.andreevmaster.com\/sv\/wp-json\/wp\/v2\/types\/product"}],"replies":[{"embeddable":true,"href":"https:\/\/nordicmart.andreevmaster.com\/sv\/wp-json\/wp\/v2\/comments?post=17349"}],"wp:attachment":[{"href":"https:\/\/nordicmart.andreevmaster.com\/sv\/wp-json\/wp\/v2\/media?parent=17349"}],"wp:term":[{"taxonomy":"product_brand","embeddable":true,"href":"https:\/\/nordicmart.andreevmaster.com\/sv\/wp-json\/wp\/v2\/product_brand?post=17349"},{"taxonomy":"product_cat","embeddable":true,"href":"https:\/\/nordicmart.andreevmaster.com\/sv\/wp-json\/wp\/v2\/product_cat?post=17349"},{"taxonomy":"product_tag","embeddable":true,"href":"https:\/\/nordicmart.andreevmaster.com\/sv\/wp-json\/wp\/v2\/product_tag?post=17349"}],"curies":[{"name":"wp","href":"https:\/\/api.w.org\/{rel}","templated":true}]}}