{"id":17348,"date":"2026-02-27T00:34:40","date_gmt":"2026-02-27T00:34:40","guid":{"rendered":"https:\/\/nordicmart.andreevmaster.com\/product\/feber-stor-tradgardsrutschkana-med-vattenrutschkana-190-cm\/"},"modified":"2026-02-27T08:24:20","modified_gmt":"2026-02-27T08:24:20","slug":"feber-stor-tradgardsrutschkana-med-vattenrutschkana-190-cm","status":"publish","type":"product","link":"https:\/\/nordicmart.andreevmaster.com\/sv\/produkt\/feber-stor-tradgardsrutschkana-med-vattenrutschkana-190-cm\/","title":{"rendered":"FEBER Stor tr\u00e4dg\u00e5rdsrutschkana med vattenrutschkana 190 cm"},"content":{"rendered":"<p>En f\u00e4rgglad rutschkana fr\u00e5n det spanska m\u00e4rket Feber f\u00f6r barn fr\u00e5n 3 \u00e5r. Den 190 cm l\u00e5nga rutschkanan och den bekv\u00e4ma stegen med handtag som barnen kan kl\u00e4ttra upp p\u00e5 garanterar s\u00e4kerheten. Anslut en tr\u00e4dg\u00e5rdsslang till rutschkanan s\u00e5 har du den perfekta vattenlekplatsen f\u00f6r varma dagar. Produkten \u00e4r tillverkad av slitstark och t\u00e5lig plast med en UV-skyddande bel\u00e4ggning som skyddar mot blekning. <\/p>\n<p>Egenskaper:<\/p>\n<p>* &#8211; rutschkanan \u00e4r utrustad med en 190 cm l\u00e5ng rutschkana,<br \/>\n* &#8211; en tr\u00e4dg\u00e5rdsslang kan anslutas till rutschkanan,* &#8211; den har h\u00f6ga sidov\u00e4ggar och rundade kanter f\u00f6r bekv\u00e4m och s\u00e4ker lek,<br \/>\n* &#8211; den har ocks\u00e5 modernformade steg, inbyggda handtag, ett specialformat ryggst\u00f6d och en bred, stabil bas,<br \/>\n* &#8211; plasten \u00e4r t\u00e4ckt med en UV-bel\u00e4ggning som bevarar f\u00e4rgernas kvalitet under l\u00e5ng tid,<br \/>\n* &#8211; maximal belastning upp till 30 kg.<\/p>\n<p>FEBER grundades 1956 i Ibi, Spanien. Det \u00e4r det ledande varum\u00e4rket f\u00f6r tr\u00e4dg\u00e5rdsleksaker i Spanien, vilket \u00e4ven g\u00e4ller f\u00f6r hela Europa. K\u00e4rnaspekterna f\u00f6r f\u00f6retaget \u00e4r innovation, s\u00e4kerhet och komfort, vilket \u00e4r tydligt i alla Feber-produkter. Det skapar m\u00e5nga m\u00f6jligheter f\u00f6r kreativt lekande. Alla leksaker tillverkas i enlighet med europeiska s\u00e4kerhetsstandarder. Varning: Endast f\u00f6r hemmabruk.<\/p>\n","protected":false},"excerpt":{"rendered":"<p>En f\u00e4rgglad rutschkana fr\u00e5n det spanska m\u00e4rket Feber f\u00f6r barn fr\u00e5n 3 \u00e5r. Den 190 cm l\u00e5nga rutschkanan och den bekv\u00e4ma stegen med handtag som barnen kan kl\u00e4ttra upp p\u00e5 garanterar s\u00e4kerheten. Anslut en tr\u00e4dg\u00e5rdsslang till rutschkanan s\u00e5 har du den perfekta vattenlekplatsen f\u00f6r varma dagar. Produkten \u00e4r tillverkad av slitstark och t\u00e5lig plast med [&hellip;]<\/p>\n","protected":false},"featured_media":0,"comment_status":"open","ping_status":"closed","template":"","meta":[],"product_brand":[],"product_cat":[33],"product_tag":[],"class_list":{"0":"post-17348","1":"product","2":"type-product","3":"status-publish","5":"product_cat-okategoriserad","7":"first","8":"instock","9":"shipping-taxable","10":"purchasable","11":"product-type-simple"},"_links":{"self":[{"href":"https:\/\/nordicmart.andreevmaster.com\/sv\/wp-json\/wp\/v2\/product\/17348","targetHints":{"allow":["GET"]}}],"collection":[{"href":"https:\/\/nordicmart.andreevmaster.com\/sv\/wp-json\/wp\/v2\/product"}],"about":[{"href":"https:\/\/nordicmart.andreevmaster.com\/sv\/wp-json\/wp\/v2\/types\/product"}],"replies":[{"embeddable":true,"href":"https:\/\/nordicmart.andreevmaster.com\/sv\/wp-json\/wp\/v2\/comments?post=17348"}],"wp:attachment":[{"href":"https:\/\/nordicmart.andreevmaster.com\/sv\/wp-json\/wp\/v2\/media?parent=17348"}],"wp:term":[{"taxonomy":"product_brand","embeddable":true,"href":"https:\/\/nordicmart.andreevmaster.com\/sv\/wp-json\/wp\/v2\/product_brand?post=17348"},{"taxonomy":"product_cat","embeddable":true,"href":"https:\/\/nordicmart.andreevmaster.com\/sv\/wp-json\/wp\/v2\/product_cat?post=17348"},{"taxonomy":"product_tag","embeddable":true,"href":"https:\/\/nordicmart.andreevmaster.com\/sv\/wp-json\/wp\/v2\/product_tag?post=17348"}],"curies":[{"name":"wp","href":"https:\/\/api.w.org\/{rel}","templated":true}]}}