{"id":17347,"date":"2026-02-27T00:34:39","date_gmt":"2026-02-27T00:34:39","guid":{"rendered":"https:\/\/nordicmart.andreevmaster.com\/product\/feber-lekplats-med-rutschkana-och-bord-trahus\/"},"modified":"2026-02-27T08:24:20","modified_gmt":"2026-02-27T08:24:20","slug":"feber-lekplats-med-rutschkana-och-bord-trahus","status":"publish","type":"product","link":"https:\/\/nordicmart.andreevmaster.com\/sv\/produkt\/feber-lekplats-med-rutschkana-och-bord-trahus\/","title":{"rendered":"FEBER Lekplats med rutschkana och bord Tr\u00e4hus"},"content":{"rendered":"<p>Feber lekplats med rutschkana och bord \u00e4r en f\u00e4rgglad, stabil lekplats full av \u00f6verraskningar som l\u00e5ter dina sm\u00e5 uppleva sp\u00e4nningen i sport. Den ger dem n\u00f6dv\u00e4ndig motion och utvecklar deras fysiska kondition samtidigt som s\u00e4kerhetsstandarderna uppr\u00e4tth\u00e5lls. Tillverkad med den senaste tekniken och enligt h\u00f6gsta s\u00e4kerhetsstandarder. Garanti f\u00f6r skoj!<br \/>\nEgenskaper:<br \/>\n* &#8211; det stora tr\u00e4huset f\u00f6r barn \u00e4r ett utm\u00e4rkt tillskott till din lekplats hemma,<br \/>\n* &#8211; lekplatsen \u00e4r utrustad med en v\u00e5gig rutschkana med en l\u00e4ngd p\u00e5 161 cm,<br \/>\n* &#8211; en ytterligare attraktion \u00e4r ett bord och en b\u00e4nk som kan st\u00e4llas in i tv\u00e5 l\u00e4gen,<br \/>\n* &#8211; tv\u00e5 v\u00e4ggstegar leder till den \u00f6vre plattformen,<br \/>\n* &#8211; Anti-UV-bel\u00e4ggning \u2013 \u00e4ndrar inte f\u00e4rg n\u00e4r den uts\u00e4tts f\u00f6r solljus.<br \/>\n* &#8211; Montering med byggsats.<\/p>\n<p>Feber \u00e4r ett v\u00e4lk\u00e4nt spanskt f\u00f6retag som har varit verksamt i flera decennier och vars produkter erbjuder m\u00e5nga m\u00f6jligheter till kreativt lekande. Kreativitet, innovation och s\u00e4kerhet \u00e4r Feber huvudprinciper. F\u00f6retaget erbjuder \u00e4ven leksaker med licens. Fokus p\u00e5 h\u00f6g kvalitet och h\u00e5llbarhet hos leksakerna \u00e4r grunden f\u00f6r produktionen. Alla leksaker tillverkas i enlighet med europeiska s\u00e4kerhetsstandarder. Produkten \u00e4r endast avsedd f\u00f6r hemmabruk.<\/p>\n","protected":false},"excerpt":{"rendered":"<p>Feber lekplats med rutschkana och bord \u00e4r en f\u00e4rgglad, stabil lekplats full av \u00f6verraskningar som l\u00e5ter dina sm\u00e5 uppleva sp\u00e4nningen i sport. Den ger dem n\u00f6dv\u00e4ndig motion och utvecklar deras fysiska kondition samtidigt som s\u00e4kerhetsstandarderna uppr\u00e4tth\u00e5lls. Tillverkad med den senaste tekniken och enligt h\u00f6gsta s\u00e4kerhetsstandarder. Garanti f\u00f6r skoj! Egenskaper: * &#8211; det stora tr\u00e4huset f\u00f6r [&hellip;]<\/p>\n","protected":false},"featured_media":0,"comment_status":"open","ping_status":"closed","template":"","meta":[],"product_brand":[],"product_cat":[33],"product_tag":[],"class_list":{"0":"post-17347","1":"product","2":"type-product","3":"status-publish","5":"product_cat-okategoriserad","7":"first","8":"instock","9":"shipping-taxable","10":"purchasable","11":"product-type-simple"},"_links":{"self":[{"href":"https:\/\/nordicmart.andreevmaster.com\/sv\/wp-json\/wp\/v2\/product\/17347","targetHints":{"allow":["GET"]}}],"collection":[{"href":"https:\/\/nordicmart.andreevmaster.com\/sv\/wp-json\/wp\/v2\/product"}],"about":[{"href":"https:\/\/nordicmart.andreevmaster.com\/sv\/wp-json\/wp\/v2\/types\/product"}],"replies":[{"embeddable":true,"href":"https:\/\/nordicmart.andreevmaster.com\/sv\/wp-json\/wp\/v2\/comments?post=17347"}],"wp:attachment":[{"href":"https:\/\/nordicmart.andreevmaster.com\/sv\/wp-json\/wp\/v2\/media?parent=17347"}],"wp:term":[{"taxonomy":"product_brand","embeddable":true,"href":"https:\/\/nordicmart.andreevmaster.com\/sv\/wp-json\/wp\/v2\/product_brand?post=17347"},{"taxonomy":"product_cat","embeddable":true,"href":"https:\/\/nordicmart.andreevmaster.com\/sv\/wp-json\/wp\/v2\/product_cat?post=17347"},{"taxonomy":"product_tag","embeddable":true,"href":"https:\/\/nordicmart.andreevmaster.com\/sv\/wp-json\/wp\/v2\/product_tag?post=17347"}],"curies":[{"name":"wp","href":"https:\/\/api.w.org\/{rel}","templated":true}]}}