{"id":17346,"date":"2026-02-27T00:34:39","date_gmt":"2026-02-27T00:34:39","guid":{"rendered":"https:\/\/nordicmart.andreevmaster.com\/product\/feber-garden-slide-water-slide-152-cm-2\/"},"modified":"2026-02-27T08:24:20","modified_gmt":"2026-02-27T08:24:20","slug":"feber-garden-slide-water-slide-152-cm-2","status":"publish","type":"product","link":"https:\/\/nordicmart.andreevmaster.com\/sv\/produkt\/feber-garden-slide-water-slide-152-cm-2\/","title":{"rendered":"FEBER Garden Slide Water Slide 152 cm"},"content":{"rendered":"<p>FEBER STOR RUTSJAKAN 152 CM MED VATTENRUTSJAKAN \u00e4r en integrerad del av varje lekplats, b\u00e5de hemma och p\u00e5 offentliga platser. Feber-rutschkanor \u00e4r tillverkade av h\u00f6gkvalitativa material med uppm\u00e4rksamhet p\u00e5 minsta detalj. Rutschkanorna kan kombineras med andra lekplatser eller tr\u00e4dg\u00e5rdshus f\u00f6r att skapa en unik plats f\u00f6r barn att leka p\u00e5.<\/p>\n<p>Egenskaper:<\/p>\n<p>* &#8211; rutschkanan \u00e4r utrustad med en 152 cm l\u00e5ng rutschkana,<br \/>\n* &#8211; en tr\u00e4dg\u00e5rdsslang kan anslutas till rutschkanan,<br \/>\n* &#8211; den har h\u00f6ga sidov\u00e4ggar och rundade kanter f\u00f6r bekv\u00e4m och s\u00e4ker lek,<br \/>\n* &#8211; den har trappsteg i modern form,<br \/>\n* &#8211; inbyggda handtag,* &#8211; specialformad ryggst\u00f6d,<br \/>\n* &#8211; stabil bred bas,<br \/>\n* &#8211; plasten \u00e4r t\u00e4ckt med en UV-bel\u00e4ggning som bevarar f\u00e4rgernas kvalitet under l\u00e5ng tid.<\/p>\n<p>FEBER grundades 1956 i Ibi, Spanien. Det \u00e4r det ledande varum\u00e4rket f\u00f6r tr\u00e4dg\u00e5rdsleksaker i Spanien, vilket \u00e4ven g\u00e4ller f\u00f6r hela Europa. K\u00e4rnaspekterna f\u00f6r f\u00f6retaget \u00e4r innovation, s\u00e4kerhet och komfort, vilket \u00e4r tydligt i alla Feber-produkter. Det skapar m\u00e5nga m\u00f6jligheter f\u00f6r kreativt lekande. Alla leksaker tillverkas i enlighet med europeiska s\u00e4kerhetsstandarder.<\/p>\n","protected":false},"excerpt":{"rendered":"<p>FEBER STOR RUTSJAKAN 152 CM MED VATTENRUTSJAKAN \u00e4r en integrerad del av varje lekplats, b\u00e5de hemma och p\u00e5 offentliga platser. Feber-rutschkanor \u00e4r tillverkade av h\u00f6gkvalitativa material med uppm\u00e4rksamhet p\u00e5 minsta detalj. Rutschkanorna kan kombineras med andra lekplatser eller tr\u00e4dg\u00e5rdshus f\u00f6r att skapa en unik plats f\u00f6r barn att leka p\u00e5. Egenskaper: * &#8211; rutschkanan \u00e4r [&hellip;]<\/p>\n","protected":false},"featured_media":0,"comment_status":"open","ping_status":"closed","template":"","meta":[],"product_brand":[],"product_cat":[33],"product_tag":[],"class_list":{"0":"post-17346","1":"product","2":"type-product","3":"status-publish","5":"product_cat-okategoriserad","7":"first","8":"instock","9":"shipping-taxable","10":"purchasable","11":"product-type-simple"},"_links":{"self":[{"href":"https:\/\/nordicmart.andreevmaster.com\/sv\/wp-json\/wp\/v2\/product\/17346","targetHints":{"allow":["GET"]}}],"collection":[{"href":"https:\/\/nordicmart.andreevmaster.com\/sv\/wp-json\/wp\/v2\/product"}],"about":[{"href":"https:\/\/nordicmart.andreevmaster.com\/sv\/wp-json\/wp\/v2\/types\/product"}],"replies":[{"embeddable":true,"href":"https:\/\/nordicmart.andreevmaster.com\/sv\/wp-json\/wp\/v2\/comments?post=17346"}],"wp:attachment":[{"href":"https:\/\/nordicmart.andreevmaster.com\/sv\/wp-json\/wp\/v2\/media?parent=17346"}],"wp:term":[{"taxonomy":"product_brand","embeddable":true,"href":"https:\/\/nordicmart.andreevmaster.com\/sv\/wp-json\/wp\/v2\/product_brand?post=17346"},{"taxonomy":"product_cat","embeddable":true,"href":"https:\/\/nordicmart.andreevmaster.com\/sv\/wp-json\/wp\/v2\/product_cat?post=17346"},{"taxonomy":"product_tag","embeddable":true,"href":"https:\/\/nordicmart.andreevmaster.com\/sv\/wp-json\/wp\/v2\/product_tag?post=17346"}],"curies":[{"name":"wp","href":"https:\/\/api.w.org\/{rel}","templated":true}]}}