{"id":17345,"date":"2026-02-27T00:34:39","date_gmt":"2026-02-27T00:34:39","guid":{"rendered":"https:\/\/nordicmart.andreevmaster.com\/product\/berg-claas-xxl-bfr-pedal-go-kart-5-upp-till-100-kg\/"},"modified":"2026-02-27T08:24:20","modified_gmt":"2026-02-27T08:24:20","slug":"berg-claas-xxl-bfr-pedal-go-kart-5-upp-till-100-kg","status":"publish","type":"product","link":"https:\/\/nordicmart.andreevmaster.com\/sv\/produkt\/berg-claas-xxl-bfr-pedal-go-kart-5-upp-till-100-kg\/","title":{"rendered":"BERG Claas XXL-BFR Pedal Go-Kart 5+ upp till 100 kg"},"content":{"rendered":"<p>Berg XXL-BFR CLAAS Pedal Go-Kart \u2013 inget \u00e4ventyr \u00e4r f\u00f6r stort f\u00f6r denna gokart! Otillg\u00e4ngliga stigar och oj\u00e4mn terr\u00e4ng \u00e4r inga problem f\u00f6r de h\u00e5llbara terr\u00e4ngd\u00e4cken. Din gokart blir \u00e4nnu roligare med BERG-tillbeh\u00f6r som en st\u00f6rtbur eller blinkande ljus!<\/p>\n<p>Egenskaper:<\/p>\n<p>* &#8211; mycket robust ram, vilket g\u00f6r den l\u00e4mplig \u00e4ven f\u00f6r professionellt bruk.<br \/>\n* &#8211; v\u00e4xer med dig tack vare det justerbara s\u00e4tet.<br \/>\n* &#8211; pneumatiska d\u00e4ck ger extra komfort.<br \/>\n* &#8211; Fyra hjul och en sv\u00e4ngaxel s\u00e4kerst\u00e4ller stabil och s\u00e4ker markkontakt.* &#8211; BFR XXL-system<\/p>\n","protected":false},"excerpt":{"rendered":"<p>Berg XXL-BFR CLAAS Pedal Go-Kart \u2013 inget \u00e4ventyr \u00e4r f\u00f6r stort f\u00f6r denna gokart! Otillg\u00e4ngliga stigar och oj\u00e4mn terr\u00e4ng \u00e4r inga problem f\u00f6r de h\u00e5llbara terr\u00e4ngd\u00e4cken. Din gokart blir \u00e4nnu roligare med BERG-tillbeh\u00f6r som en st\u00f6rtbur eller blinkande ljus! Egenskaper: * &#8211; mycket robust ram, vilket g\u00f6r den l\u00e4mplig \u00e4ven f\u00f6r professionellt bruk. * &#8211; [&hellip;]<\/p>\n","protected":false},"featured_media":0,"comment_status":"open","ping_status":"closed","template":"","meta":[],"product_brand":[],"product_cat":[33],"product_tag":[],"class_list":{"0":"post-17345","1":"product","2":"type-product","3":"status-publish","5":"product_cat-okategoriserad","7":"first","8":"instock","9":"shipping-taxable","10":"purchasable","11":"product-type-simple"},"_links":{"self":[{"href":"https:\/\/nordicmart.andreevmaster.com\/sv\/wp-json\/wp\/v2\/product\/17345","targetHints":{"allow":["GET"]}}],"collection":[{"href":"https:\/\/nordicmart.andreevmaster.com\/sv\/wp-json\/wp\/v2\/product"}],"about":[{"href":"https:\/\/nordicmart.andreevmaster.com\/sv\/wp-json\/wp\/v2\/types\/product"}],"replies":[{"embeddable":true,"href":"https:\/\/nordicmart.andreevmaster.com\/sv\/wp-json\/wp\/v2\/comments?post=17345"}],"wp:attachment":[{"href":"https:\/\/nordicmart.andreevmaster.com\/sv\/wp-json\/wp\/v2\/media?parent=17345"}],"wp:term":[{"taxonomy":"product_brand","embeddable":true,"href":"https:\/\/nordicmart.andreevmaster.com\/sv\/wp-json\/wp\/v2\/product_brand?post=17345"},{"taxonomy":"product_cat","embeddable":true,"href":"https:\/\/nordicmart.andreevmaster.com\/sv\/wp-json\/wp\/v2\/product_cat?post=17345"},{"taxonomy":"product_tag","embeddable":true,"href":"https:\/\/nordicmart.andreevmaster.com\/sv\/wp-json\/wp\/v2\/product_tag?post=17345"}],"curies":[{"name":"wp","href":"https:\/\/api.w.org\/{rel}","templated":true}]}}