{"id":17344,"date":"2026-02-27T00:34:39","date_gmt":"2026-02-27T00:34:39","guid":{"rendered":"https:\/\/nordicmart.andreevmaster.com\/product\/berg-xl-chopper-bfr-pedal-go-kart-2\/"},"modified":"2026-02-27T08:24:20","modified_gmt":"2026-02-27T08:24:20","slug":"berg-xl-chopper-bfr-pedal-go-kart-2","status":"publish","type":"product","link":"https:\/\/nordicmart.andreevmaster.com\/sv\/produkt\/berg-xl-chopper-bfr-pedal-go-kart-2\/","title":{"rendered":"BERG XL Chopper BFR Pedal Go-Kart"},"content":{"rendered":"<p>Berg Chopper BFR ensitsig pedalgokart \u00e4r ett robust fordon som kommer att ge ditt barn of\u00f6rgl\u00f6mlig gl\u00e4dje! Gokarten \u00e4r utrustad med ett justerbart s\u00e4te, s\u00e5 att barn fr\u00e5n 5\/6 \u00e5r och upp\u00e5t kan anv\u00e4nda den! Den enkla och praktiska designen \u00e4r tillverkad av h\u00f6gkvalitativa material av h\u00f6gsta tekniska standard. Denna gokart \u00e4r det perfekta fordonet f\u00f6r ditt barn, som ocks\u00e5 st\u00f6der motorisk utveckling.<\/p>\n<p>Egenskaper:<\/p>\n<p>* &#8211; f\u00f6r barn fr\u00e5n 5 \u00e5r,<br \/>\n* &#8211; fordonets vikt: 40 kg,<br \/>\n* &#8211; max. belastning: 100 kg,<br \/>\n* &#8211; rekommenderad anv\u00e4ndarh\u00f6jd: 125-190 cm,<br \/>\n* &#8211; konstruktion: st\u00e5l,<br \/>\n* &#8211; sluten kedjetransmission,<br \/>\n* &#8211; BFR-v\u00e4xell\u00e5da,<br \/>\n* &#8211; justerbar sits,<br \/>\n* &#8211; hjuldiameter: 40 cm,<br \/>\n* &#8211; liten v\u00e4ndradie,<br \/>\n* &#8211; dubbla lager i ratten s\u00e4kerst\u00e4ller smidig hantering.<\/p>\n<p>BERG \u00e4r ett nederl\u00e4ndskt f\u00f6retag med \u00f6ver 30 \u00e5rs erfarenhet av tillverkning och f\u00f6rs\u00e4ljning av leksaker. Bergs fordon tillverkas uteslutande av extremt h\u00e5llbara och s\u00e4kra material av h\u00f6gsta kvalitet. Varje leksak testas med barn f\u00f6r att s\u00e4kerst\u00e4lla att den f\u00f6rblir felfri i m\u00e5nga, m\u00e5nga \u00e5r!<\/p>\n","protected":false},"excerpt":{"rendered":"<p>Berg Chopper BFR ensitsig pedalgokart \u00e4r ett robust fordon som kommer att ge ditt barn of\u00f6rgl\u00f6mlig gl\u00e4dje! Gokarten \u00e4r utrustad med ett justerbart s\u00e4te, s\u00e5 att barn fr\u00e5n 5\/6 \u00e5r och upp\u00e5t kan anv\u00e4nda den! Den enkla och praktiska designen \u00e4r tillverkad av h\u00f6gkvalitativa material av h\u00f6gsta tekniska standard. Denna gokart \u00e4r det perfekta fordonet [&hellip;]<\/p>\n","protected":false},"featured_media":0,"comment_status":"open","ping_status":"closed","template":"","meta":[],"product_brand":[],"product_cat":[33],"product_tag":[],"class_list":{"0":"post-17344","1":"product","2":"type-product","3":"status-publish","5":"product_cat-okategoriserad","7":"first","8":"instock","9":"shipping-taxable","10":"purchasable","11":"product-type-simple"},"_links":{"self":[{"href":"https:\/\/nordicmart.andreevmaster.com\/sv\/wp-json\/wp\/v2\/product\/17344","targetHints":{"allow":["GET"]}}],"collection":[{"href":"https:\/\/nordicmart.andreevmaster.com\/sv\/wp-json\/wp\/v2\/product"}],"about":[{"href":"https:\/\/nordicmart.andreevmaster.com\/sv\/wp-json\/wp\/v2\/types\/product"}],"replies":[{"embeddable":true,"href":"https:\/\/nordicmart.andreevmaster.com\/sv\/wp-json\/wp\/v2\/comments?post=17344"}],"wp:attachment":[{"href":"https:\/\/nordicmart.andreevmaster.com\/sv\/wp-json\/wp\/v2\/media?parent=17344"}],"wp:term":[{"taxonomy":"product_brand","embeddable":true,"href":"https:\/\/nordicmart.andreevmaster.com\/sv\/wp-json\/wp\/v2\/product_brand?post=17344"},{"taxonomy":"product_cat","embeddable":true,"href":"https:\/\/nordicmart.andreevmaster.com\/sv\/wp-json\/wp\/v2\/product_cat?post=17344"},{"taxonomy":"product_tag","embeddable":true,"href":"https:\/\/nordicmart.andreevmaster.com\/sv\/wp-json\/wp\/v2\/product_tag?post=17344"}],"curies":[{"name":"wp","href":"https:\/\/api.w.org\/{rel}","templated":true}]}}