{"id":17342,"date":"2026-02-27T00:34:38","date_gmt":"2026-02-27T00:34:38","guid":{"rendered":"https:\/\/nordicmart.andreevmaster.com\/product\/berg-xl-case-ih-bfr-pedal-go-kart-2\/"},"modified":"2026-02-27T08:24:19","modified_gmt":"2026-02-27T08:24:19","slug":"berg-xl-case-ih-bfr-pedal-go-kart-2","status":"publish","type":"product","link":"https:\/\/nordicmart.andreevmaster.com\/sv\/produkt\/berg-xl-case-ih-bfr-pedal-go-kart-2\/","title":{"rendered":"BERG XL Case IH BFR Pedal Go-Kart"},"content":{"rendered":"<p>BERG XL pedalgo-kart, licensierad av Case IH, \u00e4r en extraordin\u00e4r kombination av en go-kart och en traktor! D\u00e4cken och avgassystemet ger den ett ultimat traktorutseende. De imponerande d\u00e4cken med djupa m\u00f6nster och sv\u00e4ngaxeln s\u00e4kerst\u00e4ller b\u00e4sta m\u00f6jliga grepp i lera och h\u00e5ller dig stabil p\u00e5 oj\u00e4mn terr\u00e4ng! Utomhus kan du hitta friheten och utrymmet att njuta av utomhus\u00e4ventyr. Det \u00e4r en officiellt licensierad produkt, och f\u00e4rgerna, dekalerna och avgasr\u00f6ret g\u00f6r denna gokart till en riktig Case IH f\u00f6r den unge lantbrukaren. <\/p>\n<p>Egenskaper:<\/p>\n<p>* &#8211; imitation av en riktig traktor,<br \/>\n* &#8211; har ett justerbart s\u00e4te \u2013 olika f\u00f6r dig,<br \/>\n* &#8211; extra grepp och komfort tack vare d\u00e4ck med djupa m\u00f6nster,* &#8211; har en solid konstruktion och en sv\u00e4ngaxel f\u00f6r \u00f6kad s\u00e4kerhet,<br \/>\n* &#8211; har ett BFR-system \u2013 ett unikt kedjetransmissionssystem som g\u00f6r att du kan k\u00f6ra fram\u00e5t och bak\u00e5t utan att v\u00e4xla, och mekanismen \u00e4r ocks\u00e5 utrustad med en frirullningsmekanism och broms,<br \/>\n* &#8211; f\u00f6r barn och vuxna,<br \/>\n* &#8211; inkluderar en registreringsskylt.<\/p>\n","protected":false},"excerpt":{"rendered":"<p>BERG XL pedalgo-kart, licensierad av Case IH, \u00e4r en extraordin\u00e4r kombination av en go-kart och en traktor! D\u00e4cken och avgassystemet ger den ett ultimat traktorutseende. De imponerande d\u00e4cken med djupa m\u00f6nster och sv\u00e4ngaxeln s\u00e4kerst\u00e4ller b\u00e4sta m\u00f6jliga grepp i lera och h\u00e5ller dig stabil p\u00e5 oj\u00e4mn terr\u00e4ng! Utomhus kan du hitta friheten och utrymmet att njuta [&hellip;]<\/p>\n","protected":false},"featured_media":0,"comment_status":"open","ping_status":"closed","template":"","meta":[],"product_brand":[],"product_cat":[33],"product_tag":[],"class_list":{"0":"post-17342","1":"product","2":"type-product","3":"status-publish","5":"product_cat-okategoriserad","7":"first","8":"instock","9":"shipping-taxable","10":"purchasable","11":"product-type-simple"},"_links":{"self":[{"href":"https:\/\/nordicmart.andreevmaster.com\/sv\/wp-json\/wp\/v2\/product\/17342","targetHints":{"allow":["GET"]}}],"collection":[{"href":"https:\/\/nordicmart.andreevmaster.com\/sv\/wp-json\/wp\/v2\/product"}],"about":[{"href":"https:\/\/nordicmart.andreevmaster.com\/sv\/wp-json\/wp\/v2\/types\/product"}],"replies":[{"embeddable":true,"href":"https:\/\/nordicmart.andreevmaster.com\/sv\/wp-json\/wp\/v2\/comments?post=17342"}],"wp:attachment":[{"href":"https:\/\/nordicmart.andreevmaster.com\/sv\/wp-json\/wp\/v2\/media?parent=17342"}],"wp:term":[{"taxonomy":"product_brand","embeddable":true,"href":"https:\/\/nordicmart.andreevmaster.com\/sv\/wp-json\/wp\/v2\/product_brand?post=17342"},{"taxonomy":"product_cat","embeddable":true,"href":"https:\/\/nordicmart.andreevmaster.com\/sv\/wp-json\/wp\/v2\/product_cat?post=17342"},{"taxonomy":"product_tag","embeddable":true,"href":"https:\/\/nordicmart.andreevmaster.com\/sv\/wp-json\/wp\/v2\/product_tag?post=17342"}],"curies":[{"name":"wp","href":"https:\/\/api.w.org\/{rel}","templated":true}]}}