{"id":17341,"date":"2026-02-27T00:34:38","date_gmt":"2026-02-27T00:34:38","guid":{"rendered":"https:\/\/nordicmart.andreevmaster.com\/product\/magnetisk-dart-dartspel-1066874\/"},"modified":"2026-02-27T08:24:19","modified_gmt":"2026-02-27T08:24:19","slug":"magnetisk-dart-dartspel-1066874","status":"publish","type":"product","link":"https:\/\/nordicmart.andreevmaster.com\/sv\/produkt\/magnetisk-dart-dartspel-1066874\/","title":{"rendered":"Magnetisk dart \u2013 Dartspel \u2013 1066874"},"content":{"rendered":"<p>Magnetisk dart \u2013 Dartspel \u2013 1066874&nbsp;&nbsp;Letar du efter underh\u00e5llning f\u00f6r dig sj\u00e4lv och dina v\u00e4nner? Magnetiska dartpilar \u00e4r det perfekta s\u00e4ttet att tillbringa din fritid med dina n\u00e4ra och k\u00e4ra. Pilarna har en magnet som g\u00f6r att de fastnar p\u00e5 m\u00e5lets yta. Att spela dart \u00e4r inte bara j\u00e4ttekul, utan ocks\u00e5 ett bra s\u00e4tt att f\u00f6rb\u00e4ttra hand-\u00f6ga-koordinationen och koncentrationen.&nbsp;Magnetiska dartpilar \u00e4r den perfekta presenten f\u00f6r m\u00e4nniskor i alla \u00e5ldrar. De passar bra som present till b\u00e5de barn och vuxna. Det \u00e4r ett utm\u00e4rkt s\u00e4tt att umg\u00e5s och st\u00e4rka familjebanden. Tack vare denna typ av produkt kan du tr\u00e4na dina egna f\u00e4rdigheter och \u00e4ven anordna en minidartturnering.&nbsp;Produktinformation:&nbsp;Diameter: 33 cmInneh\u00e5ller 3 dartpilarTillverkade av h\u00f6gkvalitativa materialL\u00e4tta att f\u00f6rvara&nbsp;Dart \u00e4r ett alltmer popul\u00e4rt spel som f\u00e5r fler och fler anh\u00e4ngare. M\u00e5nga turneringar och t\u00e4vlingar anordnas, b\u00e5de p\u00e5 amat\u00f6r- och proffsniv\u00e5. Regler f\u00f6r dart: Dartspelet g\u00e5r ut p\u00e5 att kasta dartpilar mot en darttavla som \u00e4r indelad i rutor med olika po\u00e4ng. M\u00e5let med spelet \u00e4r att f\u00e5 s\u00e5 m\u00e5nga po\u00e4ng som m\u00f6jligt. Det finns m\u00e5nga olika varianter av spelet, vilket g\u00f6r det mycket roligt och t\u00e4vlingsinriktat. Spel: Spelarna kastar tre dartpilar i f\u00f6ljd. Po\u00e4ngen r\u00e4knas bakl\u00e4nges och dras av fr\u00e5n den initiala po\u00e4ngen. Att tr\u00e4ffa bullseye (mittpunkten p\u00e5 m\u00e5ltavlan) ger 50 po\u00e4ng. Att tr\u00e4ffa en dubbel bullseye (den lilla cirkeln i mitten av m\u00e5ltavlan) ger 100 po\u00e4ng.Om man tr\u00e4ffar en sifferruta multipliceras det numret med tv\u00e5 (t.ex. om man tr\u00e4ffar siffran 20 f\u00f6rdubblas po\u00e4ngen till 40). Om man tr\u00e4ffar sifferrutan multipliceras det numret med tre (t.ex. om man tr\u00e4ffar siffran 20 tredubblas po\u00e4ngen till 60). Dartpilar som missar eller studsar bort fr\u00e5n m\u00e5ltavlan r\u00e4knas inte.Den f\u00f6rsta spelaren som reducerar sin po\u00e4ng till noll vinner. Popul\u00e4ra spelvarianter: 301: En klassisk variant av spelet d\u00e4r spelarna b\u00f6rjar med 301 po\u00e4ng. 501: En mer utmanande variant av spelet d\u00e4r spelarna b\u00f6rjar med 501 po\u00e4ng. Cricket: En variant av spelet d\u00e4r spelarna f\u00f6rs\u00f6ker &#8221;st\u00e4nga&#8221; rutorna med siffrorna 15 till 20.Killer: En variant av spelet d\u00e4r spelarna eliminerar varandra genom att tr\u00e4ffa deras &#8221;nummer&#8221;. F\u00f6r barn: spelet \u00e4r endast avsett f\u00f6r barn \u00f6ver 6 \u00e5r under uppsikt av vuxen. F\u00f6r barn finns det en risk att spelet anv\u00e4nds f\u00f6r andra \u00e4ndam\u00e5l! Ej avsett f\u00f6r barn under 3 \u00e5r! Sm\u00e5 delar av spelet kan utg\u00f6ra en kv\u00e4vningsrisk.<\/p>\n","protected":false},"excerpt":{"rendered":"<p>Magnetisk dart \u2013 Dartspel \u2013 1066874&nbsp;&nbsp;Letar du efter underh\u00e5llning f\u00f6r dig sj\u00e4lv och dina v\u00e4nner? Magnetiska dartpilar \u00e4r det perfekta s\u00e4ttet att tillbringa din fritid med dina n\u00e4ra och k\u00e4ra. Pilarna har en magnet som g\u00f6r att de fastnar p\u00e5 m\u00e5lets yta. Att spela dart \u00e4r inte bara j\u00e4ttekul, utan ocks\u00e5 ett bra s\u00e4tt att [&hellip;]<\/p>\n","protected":false},"featured_media":44760,"comment_status":"open","ping_status":"closed","template":"","meta":[],"product_brand":[],"product_cat":[33],"product_tag":[],"class_list":{"0":"post-17341","1":"product","2":"type-product","3":"status-publish","4":"has-post-thumbnail","6":"product_cat-okategoriserad","8":"first","9":"instock","10":"shipping-taxable","11":"purchasable","12":"product-type-simple"},"_links":{"self":[{"href":"https:\/\/nordicmart.andreevmaster.com\/sv\/wp-json\/wp\/v2\/product\/17341","targetHints":{"allow":["GET"]}}],"collection":[{"href":"https:\/\/nordicmart.andreevmaster.com\/sv\/wp-json\/wp\/v2\/product"}],"about":[{"href":"https:\/\/nordicmart.andreevmaster.com\/sv\/wp-json\/wp\/v2\/types\/product"}],"replies":[{"embeddable":true,"href":"https:\/\/nordicmart.andreevmaster.com\/sv\/wp-json\/wp\/v2\/comments?post=17341"}],"wp:featuredmedia":[{"embeddable":true,"href":"https:\/\/nordicmart.andreevmaster.com\/sv\/wp-json\/wp\/v2\/media\/44760"}],"wp:attachment":[{"href":"https:\/\/nordicmart.andreevmaster.com\/sv\/wp-json\/wp\/v2\/media?parent=17341"}],"wp:term":[{"taxonomy":"product_brand","embeddable":true,"href":"https:\/\/nordicmart.andreevmaster.com\/sv\/wp-json\/wp\/v2\/product_brand?post=17341"},{"taxonomy":"product_cat","embeddable":true,"href":"https:\/\/nordicmart.andreevmaster.com\/sv\/wp-json\/wp\/v2\/product_cat?post=17341"},{"taxonomy":"product_tag","embeddable":true,"href":"https:\/\/nordicmart.andreevmaster.com\/sv\/wp-json\/wp\/v2\/product_tag?post=17341"}],"curies":[{"name":"wp","href":"https:\/\/api.w.org\/{rel}","templated":true}]}}